{"id":4473,"date":"2026-05-07T17:53:45","date_gmt":"2026-05-07T22:53:45","guid":{"rendered":"https:\/\/sistemasposcolombia.com\/tienda\/?post_type=product&#038;p=4473"},"modified":"2026-05-12T11:37:12","modified_gmt":"2026-05-12T16:37:12","slug":"lector-qr-inalambrico-inventarios","status":"publish","type":"product","link":"https:\/\/sistemasposcolombia.com\/tienda\/producto\/lector-qr-inalambrico-inventarios\/","title":{"rendered":"Lector QR Inal\u00e1mbrico para Inventarios Tipo Pistola"},"content":{"rendered":"<section class=\"text-token-text-primary w-full focus:outline-none [--shadow-height:45px] has-data-writing-block:pointer-events-none has-data-writing-block:-mt-(--shadow-height) has-data-writing-block:pt-(--shadow-height) [&amp;:has([data-writing-block])&gt;*]:pointer-events-auto [content-visibility:auto] supports-[content-visibility:auto]:[contain-intrinsic-size:auto_100lvh] R6Vx5W_threadScrollVars scroll-mb-[calc(var(--scroll-root-safe-area-inset-bottom,0px)+var(--thread-response-height))] scroll-mt-[calc(var(--header-height)+min(200px,max(70px,20svh)))]\" dir=\"auto\" data-turn-id=\"request-WEB:5f8fe88f-42a0-40e0-87bc-436559b69f1b-36\" data-testid=\"conversation-turn-74\" data-scroll-anchor=\"false\" data-turn=\"assistant\">\n<div class=\"text-base my-auto mx-auto pb-10 [--thread-content-margin:var(--thread-content-margin-xs,calc(var(--spacing)*4))] @w-sm\/main:[--thread-content-margin:var(--thread-content-margin-sm,calc(var(--spacing)*6))] @w-lg\/main:[--thread-content-margin:var(--thread-content-margin-lg,calc(var(--spacing)*16))] px-(--thread-content-margin)\">\n<div class=\"[--thread-content-max-width:40rem] @w-lg\/main:[--thread-content-max-width:48rem] mx-auto max-w-(--thread-content-max-width) flex-1 group\/turn-messages focus-visible:outline-hidden relative flex w-full min-w-0 flex-col agent-turn\">\n<div class=\"flex max-w-full flex-col gap-4 grow\">\n<div class=\"min-h-8 text-message relative flex w-full flex-col items-end gap-2 text-start break-words whitespace-normal outline-none keyboard-focused:focus-ring [.text-message+&amp;]:mt-1\" dir=\"auto\" tabindex=\"0\" data-message-author-role=\"assistant\" data-message-id=\"0b45eec0-898c-4b1b-b970-0bba636fe03e\" data-message-model-slug=\"gpt-5-5\" data-turn-start-message=\"true\">\n<div class=\"flex w-full flex-col gap-1 empty:hidden\">\n<div class=\"markdown prose dark:prose-invert wrap-break-word w-full light markdown-new-styling\">\n<p data-start=\"0\" data-end=\"364\">El <strong data-start=\"3\" data-end=\"33\">lector de c\u00f3digo de barras<\/strong> inal\u00e1mbrico de Sistemas POS Colombia ofrece una lectura r\u00e1pida y precisa para negocios que necesitan mayor movilidad en procesos de facturaci\u00f3n, inventario y control de productos. Adem\u00e1s, este <strong data-start=\"227\" data-end=\"252\">lector QR inal\u00e1mbrico<\/strong> permite escanear c\u00f3digos 1D, 2D y QR de forma eficiente gracias a su tecnolog\u00eda avanzada de lectura autom\u00e1tica.<\/p>\n<p data-start=\"366\" data-end=\"723\">Este <strong data-start=\"371\" data-end=\"402\">scanner de c\u00f3digo de barras<\/strong> cuenta con conexi\u00f3n USB, Bluetooth y WiFi con antena incluida, brindando mayor comodidad y flexibilidad en cajas registradoras, bodegas, puntos de venta y estaciones de trabajo. Adem\u00e1s, el scanner de c\u00f3digo de barras facilita el trabajo continuo en diferentes \u00e1reas del negocio gracias a su conexi\u00f3n inal\u00e1mbrica estable.<\/p>\n<p data-start=\"725\" data-end=\"1112\">Por otra parte, el <strong data-start=\"744\" data-end=\"781\">lector bluetooth para inventarios<\/strong> es ideal para supermercados, tiendas, droguer\u00edas, restaurantes y negocios que requieren capturar seriales, realizar inventarios y agilizar el control de mercanc\u00eda. Gracias a su dise\u00f1o inal\u00e1mbrico y memoria interna, este lector bluetooth para inventarios permite almacenar lecturas durante recorridos continuos en bodega o almac\u00e9n.<\/p>\n<p data-start=\"1114\" data-end=\"1340\">Adem\u00e1s, el <strong data-start=\"1125\" data-end=\"1159\">lector de c\u00f3digos tipo pistola<\/strong> ofrece un dise\u00f1o ergon\u00f3mico, resistente y c\u00f3modo para uso prolongado. Tambi\u00e9n funciona perfectamente con software POS, plataformas de inventario y sistemas compatibles con Windows.<\/p>\n<p data-start=\"1342\" data-end=\"1526\" data-is-last-node=\"\" data-is-only-node=\"\">En conclusi\u00f3n, este lector de c\u00f3digos es una excelente opci\u00f3n para negocios que buscan rapidez, precisi\u00f3n y conectividad inal\u00e1mbrica en procesos de inventario, log\u00edstica y facturaci\u00f3n.<\/p>\n<\/div>\n<\/div>\n<\/div>\n<\/div>\n<\/div>\n<\/div>\n<\/section>\n<p style=\"text-align: center;\"><a href=\"https:\/\/sistemasposcolombia.com\/tienda\/reembolso_devoluciones\/\"><strong>GARANT\u00cdA 6 MESES<\/strong><\/a><\/p>\n","protected":false},"excerpt":{"rendered":"<p data-start=\"382\" data-end=\"420\">\ud83d\uded2\u00a0<strong data-start=\"385\" data-end=\"420\">Compra online directa y segura.<\/strong><\/p>\n<p data-start=\"422\" data-end=\"484\">\ud83d\udce6 <strong data-start=\"425\" data-end=\"484\">Producto disponible en inventario para env\u00edo inmediato.<\/strong><\/p>\n<p data-start=\"486\" data-end=\"583\">\ud83d\ude9a\u00a0<strong data-start=\"489\" data-end=\"542\">Env\u00edo GRATIS disponible a gran parte de Colombia.<\/strong>\u00a0<em data-start=\"543\" data-end=\"583\">(<a href=\"https:\/\/sistemasposcolombia.com\/tienda\/politica-de-envios\/\">Consulta t\u00e9rminos y condiciones aqu\u00ed<\/a>)<\/em><\/p>\n<p data-start=\"585\" data-end=\"622\">\ud83d\udd12\u00a0<strong data-start=\"588\" data-end=\"622\">Nuevo, sellado y con garant\u00eda.<\/strong><\/p>\n<ul>\n<li>Lectura Autom\u00e1tica, r\u00e1pida con Multi Protocolo para C\u00f3digos 1D\/2D y QR<\/li>\n<li>Tres Modos de Conexi\u00f3n USB, Bluethoot y WIFI con Antena Incluida<\/li>\n<li>Alta, r\u00e1pida y eficiente precisi\u00f3n de Escaneo con Sensor de alta precisi\u00f3n<\/li>\n<li>F\u00e1cil programaci\u00f3n y configuraci\u00f3n Plug &amp; Play<\/li>\n<li><strong>Precio especial para Distribuidores o Cantidad<\/strong><\/li>\n<li>Compatibilidad con Windows, Linux, Android y IOS, tambi\u00e9n con Cualquier Gestor POS<\/li>\n<li><a href=\"https:\/\/sistemasposcolombia.com\/tienda\/reembolso_devoluciones\/\"><strong>GARANT\u00cdA 6 MESES<\/strong><\/a><\/li>\n<\/ul>\n","protected":false},"featured_media":4484,"comment_status":"open","ping_status":"closed","template":"","meta":[],"product_brand":[],"product_cat":[30],"product_tag":[],"class_list":{"0":"post-4473","1":"product","2":"type-product","3":"status-publish","4":"has-post-thumbnail","6":"product_cat-lectores-de-codigos-de-barras","8":"first","9":"instock","10":"taxable","11":"shipping-taxable","12":"purchasable","13":"product-type-simple"},"composite_virtual":false,"composite_layout":"","composite_add_to_cart_form_location":"","composite_editable_in_cart":false,"composite_sold_individually_context":"","composite_shop_price_calc":"","composite_components":[],"composite_scenarios":[],"yoast_head":"<!-- This site is optimized with the Yoast SEO Premium plugin v26.2 (Yoast SEO v26.2) - https:\/\/yoast.com\/wordpress\/plugins\/seo\/ -->\n<title>Lector QR Inal\u00e1mbrico para Inventarios Tipo Pistola - Sistemas POS Colombia<\/title>\n<meta name=\"description\" content=\"Optimiza tus inventarios con este lector QR inal\u00e1mbrico tipo pistola. Scanner de c\u00f3digo de barras bluetooth r\u00e1pido y preciso para negocios.\" \/>\n<meta name=\"robots\" content=\"index, follow, max-snippet:-1, max-image-preview:large, max-video-preview:-1\" \/>\n<link rel=\"canonical\" href=\"https:\/\/sistemasposcolombia.com\/tienda\/producto\/lector-qr-inalambrico-inventarios\/\" \/>\n<meta property=\"og:locale\" content=\"es_ES\" \/>\n<meta property=\"og:type\" content=\"article\" \/>\n<meta property=\"og:title\" content=\"Lector QR Inal\u00e1mbrico para Inventarios Tipo Pistola\" \/>\n<meta property=\"og:description\" content=\"Optimiza tus inventarios con este lector QR inal\u00e1mbrico tipo pistola. Scanner de c\u00f3digo de barras bluetooth r\u00e1pido y preciso para negocios.\" \/>\n<meta property=\"og:url\" content=\"https:\/\/sistemasposcolombia.com\/tienda\/producto\/lector-qr-inalambrico-inventarios\/\" \/>\n<meta property=\"og:site_name\" content=\"Sistemas POS Colombia\" \/>\n<meta property=\"article:publisher\" content=\"https:\/\/www.facebook.com\/sistemasposcolombia\" \/>\n<meta property=\"article:modified_time\" content=\"2026-05-12T16:37:12+00:00\" \/>\n<meta property=\"og:image\" content=\"https:\/\/sistemasposcolombia.com\/tienda\/wp-content\/uploads\/2026\/05\/Lector-Codigo-de-Barras-inalambrico.webp\" \/>\n\t<meta property=\"og:image:width\" content=\"1080\" \/>\n\t<meta property=\"og:image:height\" content=\"1080\" \/>\n\t<meta property=\"og:image:type\" content=\"image\/webp\" \/>\n<meta name=\"twitter:card\" content=\"summary_large_image\" \/>\n<meta name=\"twitter:label1\" content=\"Precio\" \/>\n\t<meta name=\"twitter:data1\" content=\"&#036;&nbsp;135.000\" \/>\n\t<meta name=\"twitter:label2\" content=\"Disponibilidad\" \/>\n\t<meta name=\"twitter:data2\" content=\"Disponible\" \/>\n<script type=\"application\/ld+json\" class=\"yoast-schema-graph\">{\"@context\":\"https:\/\/schema.org\",\"@graph\":[{\"@type\":\"WebPage\",\"@id\":\"https:\/\/sistemasposcolombia.com\/tienda\/producto\/lector-qr-inalambrico-inventarios\/\",\"url\":\"https:\/\/sistemasposcolombia.com\/tienda\/producto\/lector-qr-inalambrico-inventarios\/\",\"name\":\"Lector QR Inal\u00e1mbrico para Inventarios Tipo Pistola - Sistemas POS Colombia\",\"isPartOf\":{\"@id\":\"https:\/\/sistemasposcolombia.com\/tienda\/#website\"},\"primaryImageOfPage\":{\"@id\":\"https:\/\/sistemasposcolombia.com\/tienda\/producto\/lector-qr-inalambrico-inventarios\/#primaryimage\"},\"image\":{\"@id\":\"https:\/\/sistemasposcolombia.com\/tienda\/producto\/lector-qr-inalambrico-inventarios\/#primaryimage\"},\"thumbnailUrl\":\"https:\/\/sistemasposcolombia.com\/tienda\/wp-content\/uploads\/2026\/05\/Lector-Codigo-de-Barras-inalambrico.webp\",\"datePublished\":\"2026-05-07T22:53:45+00:00\",\"dateModified\":\"2026-05-12T16:37:12+00:00\",\"description\":\"Optimiza tus inventarios con este lector QR inal\u00e1mbrico tipo pistola. Scanner de c\u00f3digo de barras bluetooth r\u00e1pido y preciso para negocios.\",\"breadcrumb\":{\"@id\":\"https:\/\/sistemasposcolombia.com\/tienda\/producto\/lector-qr-inalambrico-inventarios\/#breadcrumb\"},\"inLanguage\":\"es\",\"potentialAction\":[{\"@type\":\"ReadAction\",\"target\":[\"https:\/\/sistemasposcolombia.com\/tienda\/producto\/lector-qr-inalambrico-inventarios\/\"]}]},{\"@type\":\"ImageObject\",\"inLanguage\":\"es\",\"@id\":\"https:\/\/sistemasposcolombia.com\/tienda\/producto\/lector-qr-inalambrico-inventarios\/#primaryimage\",\"url\":\"https:\/\/sistemasposcolombia.com\/tienda\/wp-content\/uploads\/2026\/05\/Lector-Codigo-de-Barras-inalambrico.webp\",\"contentUrl\":\"https:\/\/sistemasposcolombia.com\/tienda\/wp-content\/uploads\/2026\/05\/Lector-Codigo-de-Barras-inalambrico.webp\",\"width\":1080,\"height\":1080,\"caption\":\"lector QR inal\u00e1mbrico para inventarios\"},{\"@type\":\"BreadcrumbList\",\"@id\":\"https:\/\/sistemasposcolombia.com\/tienda\/producto\/lector-qr-inalambrico-inventarios\/#breadcrumb\",\"itemListElement\":[{\"@type\":\"ListItem\",\"position\":1,\"name\":\"Portada\",\"item\":\"https:\/\/sistemasposcolombia.com\/tienda\/\"},{\"@type\":\"ListItem\",\"position\":2,\"name\":\"Tienda Oficial\",\"item\":\"https:\/\/sistemasposcolombia.com\/tienda\/\"},{\"@type\":\"ListItem\",\"position\":3,\"name\":\"Lector QR Inal\u00e1mbrico para Inventarios Tipo Pistola\"}]},{\"@type\":\"WebSite\",\"@id\":\"https:\/\/sistemasposcolombia.com\/tienda\/#website\",\"url\":\"https:\/\/sistemasposcolombia.com\/tienda\/\",\"name\":\"Sistemas POS Colombia\",\"description\":\"Tienda Oficial\",\"publisher\":{\"@id\":\"https:\/\/sistemasposcolombia.com\/tienda\/#organization\"},\"potentialAction\":[{\"@type\":\"SearchAction\",\"target\":{\"@type\":\"EntryPoint\",\"urlTemplate\":\"https:\/\/sistemasposcolombia.com\/tienda\/?s={search_term_string}\"},\"query-input\":{\"@type\":\"PropertyValueSpecification\",\"valueRequired\":true,\"valueName\":\"search_term_string\"}}],\"inLanguage\":\"es\"},{\"@type\":\"Organization\",\"@id\":\"https:\/\/sistemasposcolombia.com\/tienda\/#organization\",\"name\":\"Sistemas POS Colombia\",\"url\":\"https:\/\/sistemasposcolombia.com\/tienda\/\",\"logo\":{\"@type\":\"ImageObject\",\"inLanguage\":\"es\",\"@id\":\"https:\/\/sistemasposcolombia.com\/tienda\/#\/schema\/logo\/image\/\",\"url\":\"https:\/\/sistemasposcolombia.com\/tienda\/wp-content\/uploads\/2025\/10\/Logo-Header.webp\",\"contentUrl\":\"https:\/\/sistemasposcolombia.com\/tienda\/wp-content\/uploads\/2025\/10\/Logo-Header.webp\",\"width\":392,\"height\":192,\"caption\":\"Sistemas POS Colombia\"},\"image\":{\"@id\":\"https:\/\/sistemasposcolombia.com\/tienda\/#\/schema\/logo\/image\/\"},\"sameAs\":[\"https:\/\/www.facebook.com\/sistemasposcolombia\",\"https:\/\/www.instagram.com\/sistemasposcolombia\/\",\"https:\/\/www.youtube.com\/@sistemasposcolombia\",\"https:\/\/sistemasposcolombia.com\/\"]}]}<\/script>\n<meta property=\"product:price:amount\" content=\"135000\" \/>\n<meta property=\"product:price:currency\" content=\"COP\" \/>\n<meta property=\"og:availability\" content=\"instock\" \/>\n<meta property=\"product:availability\" content=\"instock\" \/>\n<meta property=\"product:retailer_item_id\" content=\"TA20BG\" \/>\n<meta property=\"product:condition\" content=\"new\" \/>\n<!-- \/ Yoast SEO Premium plugin. -->","yoast_head_json":{"title":"Lector QR Inal\u00e1mbrico para Inventarios Tipo Pistola - Sistemas POS Colombia","description":"Optimiza tus inventarios con este lector QR inal\u00e1mbrico tipo pistola. Scanner de c\u00f3digo de barras bluetooth r\u00e1pido y preciso para negocios.","robots":{"index":"index","follow":"follow","max-snippet":"max-snippet:-1","max-image-preview":"max-image-preview:large","max-video-preview":"max-video-preview:-1"},"canonical":"https:\/\/sistemasposcolombia.com\/tienda\/producto\/lector-qr-inalambrico-inventarios\/","og_locale":"es_ES","og_type":"article","og_title":"Lector QR Inal\u00e1mbrico para Inventarios Tipo Pistola","og_description":"Optimiza tus inventarios con este lector QR inal\u00e1mbrico tipo pistola. Scanner de c\u00f3digo de barras bluetooth r\u00e1pido y preciso para negocios.","og_url":"https:\/\/sistemasposcolombia.com\/tienda\/producto\/lector-qr-inalambrico-inventarios\/","og_site_name":"Sistemas POS Colombia","article_publisher":"https:\/\/www.facebook.com\/sistemasposcolombia","article_modified_time":"2026-05-12T16:37:12+00:00","og_image":[{"width":1080,"height":1080,"url":"https:\/\/sistemasposcolombia.com\/tienda\/wp-content\/uploads\/2026\/05\/Lector-Codigo-de-Barras-inalambrico.webp","type":"image\/webp"}],"twitter_card":"summary_large_image","twitter_misc":{"Precio":"&#36;&nbsp;135.000","Disponibilidad":"Disponible"},"schema":{"@context":"https:\/\/schema.org","@graph":[{"@type":"WebPage","@id":"https:\/\/sistemasposcolombia.com\/tienda\/producto\/lector-qr-inalambrico-inventarios\/","url":"https:\/\/sistemasposcolombia.com\/tienda\/producto\/lector-qr-inalambrico-inventarios\/","name":"Lector QR Inal\u00e1mbrico para Inventarios Tipo Pistola - Sistemas POS Colombia","isPartOf":{"@id":"https:\/\/sistemasposcolombia.com\/tienda\/#website"},"primaryImageOfPage":{"@id":"https:\/\/sistemasposcolombia.com\/tienda\/producto\/lector-qr-inalambrico-inventarios\/#primaryimage"},"image":{"@id":"https:\/\/sistemasposcolombia.com\/tienda\/producto\/lector-qr-inalambrico-inventarios\/#primaryimage"},"thumbnailUrl":"https:\/\/sistemasposcolombia.com\/tienda\/wp-content\/uploads\/2026\/05\/Lector-Codigo-de-Barras-inalambrico.webp","datePublished":"2026-05-07T22:53:45+00:00","dateModified":"2026-05-12T16:37:12+00:00","description":"Optimiza tus inventarios con este lector QR inal\u00e1mbrico tipo pistola. Scanner de c\u00f3digo de barras bluetooth r\u00e1pido y preciso para negocios.","breadcrumb":{"@id":"https:\/\/sistemasposcolombia.com\/tienda\/producto\/lector-qr-inalambrico-inventarios\/#breadcrumb"},"inLanguage":"es","potentialAction":[{"@type":"ReadAction","target":["https:\/\/sistemasposcolombia.com\/tienda\/producto\/lector-qr-inalambrico-inventarios\/"]}]},{"@type":"ImageObject","inLanguage":"es","@id":"https:\/\/sistemasposcolombia.com\/tienda\/producto\/lector-qr-inalambrico-inventarios\/#primaryimage","url":"https:\/\/sistemasposcolombia.com\/tienda\/wp-content\/uploads\/2026\/05\/Lector-Codigo-de-Barras-inalambrico.webp","contentUrl":"https:\/\/sistemasposcolombia.com\/tienda\/wp-content\/uploads\/2026\/05\/Lector-Codigo-de-Barras-inalambrico.webp","width":1080,"height":1080,"caption":"lector QR inal\u00e1mbrico para inventarios"},{"@type":"BreadcrumbList","@id":"https:\/\/sistemasposcolombia.com\/tienda\/producto\/lector-qr-inalambrico-inventarios\/#breadcrumb","itemListElement":[{"@type":"ListItem","position":1,"name":"Portada","item":"https:\/\/sistemasposcolombia.com\/tienda\/"},{"@type":"ListItem","position":2,"name":"Tienda Oficial","item":"https:\/\/sistemasposcolombia.com\/tienda\/"},{"@type":"ListItem","position":3,"name":"Lector QR Inal\u00e1mbrico para Inventarios Tipo Pistola"}]},{"@type":"WebSite","@id":"https:\/\/sistemasposcolombia.com\/tienda\/#website","url":"https:\/\/sistemasposcolombia.com\/tienda\/","name":"Sistemas POS Colombia","description":"Tienda Oficial","publisher":{"@id":"https:\/\/sistemasposcolombia.com\/tienda\/#organization"},"potentialAction":[{"@type":"SearchAction","target":{"@type":"EntryPoint","urlTemplate":"https:\/\/sistemasposcolombia.com\/tienda\/?s={search_term_string}"},"query-input":{"@type":"PropertyValueSpecification","valueRequired":true,"valueName":"search_term_string"}}],"inLanguage":"es"},{"@type":"Organization","@id":"https:\/\/sistemasposcolombia.com\/tienda\/#organization","name":"Sistemas POS Colombia","url":"https:\/\/sistemasposcolombia.com\/tienda\/","logo":{"@type":"ImageObject","inLanguage":"es","@id":"https:\/\/sistemasposcolombia.com\/tienda\/#\/schema\/logo\/image\/","url":"https:\/\/sistemasposcolombia.com\/tienda\/wp-content\/uploads\/2025\/10\/Logo-Header.webp","contentUrl":"https:\/\/sistemasposcolombia.com\/tienda\/wp-content\/uploads\/2025\/10\/Logo-Header.webp","width":392,"height":192,"caption":"Sistemas POS Colombia"},"image":{"@id":"https:\/\/sistemasposcolombia.com\/tienda\/#\/schema\/logo\/image\/"},"sameAs":["https:\/\/www.facebook.com\/sistemasposcolombia","https:\/\/www.instagram.com\/sistemasposcolombia\/","https:\/\/www.youtube.com\/@sistemasposcolombia","https:\/\/sistemasposcolombia.com\/"]}]},"product_price_amount":"135000","product_price_currency":"COP","og_availability":"instock","product_availability":"instock","product_retailer_item_id":"TA20BG","product_condition":"new"},"_links":{"self":[{"href":"https:\/\/sistemasposcolombia.com\/tienda\/wp-json\/wp\/v2\/product\/4473","targetHints":{"allow":["GET"]}}],"collection":[{"href":"https:\/\/sistemasposcolombia.com\/tienda\/wp-json\/wp\/v2\/product"}],"about":[{"href":"https:\/\/sistemasposcolombia.com\/tienda\/wp-json\/wp\/v2\/types\/product"}],"replies":[{"embeddable":true,"href":"https:\/\/sistemasposcolombia.com\/tienda\/wp-json\/wp\/v2\/comments?post=4473"}],"wp:featuredmedia":[{"embeddable":true,"href":"https:\/\/sistemasposcolombia.com\/tienda\/wp-json\/wp\/v2\/media\/4484"}],"wp:attachment":[{"href":"https:\/\/sistemasposcolombia.com\/tienda\/wp-json\/wp\/v2\/media?parent=4473"}],"wp:term":[{"taxonomy":"product_brand","embeddable":true,"href":"https:\/\/sistemasposcolombia.com\/tienda\/wp-json\/wp\/v2\/product_brand?post=4473"},{"taxonomy":"product_cat","embeddable":true,"href":"https:\/\/sistemasposcolombia.com\/tienda\/wp-json\/wp\/v2\/product_cat?post=4473"},{"taxonomy":"product_tag","embeddable":true,"href":"https:\/\/sistemasposcolombia.com\/tienda\/wp-json\/wp\/v2\/product_tag?post=4473"}],"curies":[{"name":"wp","href":"https:\/\/api.w.org\/{rel}","templated":true}]}}