{"id":4055,"date":"2026-02-06T17:53:41","date_gmt":"2026-02-06T22:53:41","guid":{"rendered":"https:\/\/sistemasposcolombia.com\/tienda\/?post_type=product&#038;p=4055"},"modified":"2026-04-24T18:48:13","modified_gmt":"2026-04-24T23:48:13","slug":"cajon-monedero-grande-sat","status":"publish","type":"product","link":"https:\/\/sistemasposcolombia.com\/tienda\/producto\/cajon-monedero-grande-sat\/","title":{"rendered":"Caj\u00f3n Monedero Grande SAT 119X"},"content":{"rendered":"<p>La comodidad y seguridad de nuestro Caj\u00f3n Monedero POS Grande, dise\u00f1ado para optimizar la gesti\u00f3n de efectivo en tu negocio. Con cinco amplios espacios para billetes y compartimentos m\u00faltiples para monedas, este caj\u00f3n te ofrece la capacidad de organizar y proteger tus ingresos de forma eficiente. Destaca por sus:<\/p>\n<ul>\n<li>5 Espacios Para Billetes<\/li>\n<li>8 Compartimentos para Monedas, bandeja removible<\/li>\n<li>Conexi\u00f3n RJ11 a la Impresora, que permite la apertura autom\u00e1tica del caj\u00f3n<\/li>\n<li>2 Llaves codificadas de alta seguridad<\/li>\n<\/ul>\n<p>La robustez y durabilidad son caracter\u00edsticas clave en este caj\u00f3n monedero POS Grande fabricado con acero de alta calidad, garantiza resistencia y fiabilidad en el uso diario. Su dise\u00f1o fuerte y seguro brinda tranquilidad a tus empleados y clientes.<\/p>\n<p>Adem\u00e1s, la gran compatibilidad, te permitir\u00e1 comenzar a utilizar tu caj\u00f3n de inmediato. Su compatibilidad con una amplia gama de sistemas POS lo hace vers\u00e1til y f\u00e1cil de integrar en tu entorno de punto de venta existente, solo lo conectas a la impresora y ya est\u00e1 listo.<\/p>\n<p>Optimizar la gesti\u00f3n de efectivo en tu negocio con nuestro Caj\u00f3n Monedero POS Grande, es una elecci\u00f3n ideal para cualquier comercio que busque mejorar su eficiencia y seguridad en el manejo de efectivo.<\/p>\n<p>\u00a1Invierte en la tranquilidad y organizaci\u00f3n de tu negocio con nuestro Caj\u00f3n Monedero hoy mismo!<\/p>\n<p style=\"text-align: center;\"><a href=\"https:\/\/sistemasposcolombia.com\/tienda\/reembolso_devoluciones\/\"><strong>GARANT\u00cdA 6 MESES<\/strong><\/a><\/p>\n","protected":false},"excerpt":{"rendered":"<p data-start=\"382\" data-end=\"420\">\ud83d\uded2 <strong data-start=\"385\" data-end=\"420\">Compra online directa y segura.<\/strong><\/p>\n<p data-start=\"422\" data-end=\"484\">\ud83d\udce6 <strong data-start=\"425\" data-end=\"484\">Producto disponible en inventario para env\u00edo inmediato.<\/strong><\/p>\n<p data-start=\"486\" data-end=\"583\">\ud83d\ude9a <strong data-start=\"489\" data-end=\"542\">Env\u00edo GRATIS disponible a gran parte de Colombia.<\/strong> <em data-start=\"543\" data-end=\"583\">(<a href=\"https:\/\/sistemasposcolombia.com\/tienda\/politica-de-envios\/\">Consulta t\u00e9rminos y condiciones aqu\u00ed<\/a>)<\/em><\/p>\n<p data-start=\"585\" data-end=\"622\">\ud83d\udd12 <strong data-start=\"588\" data-end=\"622\">Nuevo, sellado y con garant\u00eda.<\/strong><\/p>\n<ul>\n<li>5 Espacios para Billetes, 8 para Monedas<\/li>\n<li>Met\u00e1lico de Alta Resistencia para Alto Flujo y Confiabilidad Conexi\u00f3n RJ11 a Impresora POS<\/li>\n<li>Compatible con Comandos ESC\/POS Para Apertura Digital Controlada Autom\u00e1tica de Seguridad<\/li>\n<li>Dimensiones 42CM de Frente, 41CM de Fondo, 11CM de Ancho (Gu\u00eda en Im\u00e1genes)<\/li>\n<li><a style=\"text-align: center;\" href=\"https:\/\/sistemasposcolombia.com\/tienda\/reembolso_devoluciones\/\"><strong>G<\/strong><\/a><strong><a href=\"https:\/\/sistemasposcolombia.com\/tienda\/reembolso_devoluciones\/\">arant\u00eda: 6 meses (Ver condiciones)<\/a><\/strong><\/li>\n<\/ul>\n","protected":false},"featured_media":4054,"comment_status":"open","ping_status":"closed","template":"","meta":[],"product_brand":[],"product_cat":[29],"product_tag":[],"class_list":{"0":"post-4055","1":"product","2":"type-product","3":"status-publish","4":"has-post-thumbnail","6":"product_cat-cajones-monederos-para-pos-punto-de-pago","8":"first","9":"instock","10":"taxable","11":"shipping-taxable","12":"purchasable","13":"product-type-simple"},"composite_virtual":false,"composite_layout":"","composite_add_to_cart_form_location":"","composite_editable_in_cart":false,"composite_sold_individually_context":"","composite_shop_price_calc":"","composite_components":[],"composite_scenarios":[],"yoast_head":"<!-- This site is optimized with the Yoast SEO Premium plugin v26.2 (Yoast SEO v26.2) - https:\/\/yoast.com\/wordpress\/plugins\/seo\/ -->\n<title>Caj\u00f3n Monedero POS Grande SAT 119x - Sistemas POS Colombia<\/title>\n<meta name=\"description\" content=\"Optimiza la gesti\u00f3n de efectivo en tu negocio con nuestro Caj\u00f3n Monedero POS Grande, que ofrece seguridad y organizaci\u00f3n con alta eficiencia y resistencia.\" \/>\n<meta name=\"robots\" content=\"index, follow, max-snippet:-1, max-image-preview:large, max-video-preview:-1\" \/>\n<link rel=\"canonical\" href=\"https:\/\/sistemasposcolombia.com\/tienda\/producto\/cajon-monedero-grande-sat\/\" \/>\n<meta property=\"og:locale\" content=\"es_ES\" \/>\n<meta property=\"og:type\" content=\"article\" \/>\n<meta property=\"og:title\" content=\"Caj\u00f3n Monedero Grande SAT 119X\" \/>\n<meta property=\"og:description\" content=\"Optimiza la gesti\u00f3n de efectivo en tu negocio con nuestro Caj\u00f3n Monedero POS Grande, que ofrece seguridad y organizaci\u00f3n con alta eficiencia y resistencia.\" \/>\n<meta property=\"og:url\" content=\"https:\/\/sistemasposcolombia.com\/tienda\/producto\/cajon-monedero-grande-sat\/\" \/>\n<meta property=\"og:site_name\" content=\"Sistemas POS Colombia\" \/>\n<meta property=\"article:publisher\" content=\"https:\/\/www.facebook.com\/sistemasposcolombia\" \/>\n<meta property=\"article:modified_time\" content=\"2026-04-24T23:48:13+00:00\" \/>\n<meta property=\"og:image\" content=\"https:\/\/sistemasposcolombia.com\/tienda\/wp-content\/uploads\/2026\/02\/Cajon-Monedero-Grande-SAT-119x-1.webp\" \/>\n\t<meta property=\"og:image:width\" content=\"1080\" \/>\n\t<meta property=\"og:image:height\" content=\"1080\" \/>\n\t<meta property=\"og:image:type\" content=\"image\/webp\" \/>\n<meta name=\"twitter:card\" content=\"summary_large_image\" \/>\n<meta name=\"twitter:label1\" content=\"Precio\" \/>\n\t<meta name=\"twitter:data1\" content=\"&#036;&nbsp;165.000\" \/>\n\t<meta name=\"twitter:label2\" content=\"Disponibilidad\" \/>\n\t<meta name=\"twitter:data2\" content=\"Disponible\" \/>\n<script type=\"application\/ld+json\" class=\"yoast-schema-graph\">{\"@context\":\"https:\/\/schema.org\",\"@graph\":[{\"@type\":\"WebPage\",\"@id\":\"https:\/\/sistemasposcolombia.com\/tienda\/producto\/cajon-monedero-grande-sat\/\",\"url\":\"https:\/\/sistemasposcolombia.com\/tienda\/producto\/cajon-monedero-grande-sat\/\",\"name\":\"Caj\u00f3n Monedero POS Grande SAT 119x - Sistemas POS Colombia\",\"isPartOf\":{\"@id\":\"https:\/\/sistemasposcolombia.com\/tienda\/#website\"},\"primaryImageOfPage\":{\"@id\":\"https:\/\/sistemasposcolombia.com\/tienda\/producto\/cajon-monedero-grande-sat\/#primaryimage\"},\"image\":{\"@id\":\"https:\/\/sistemasposcolombia.com\/tienda\/producto\/cajon-monedero-grande-sat\/#primaryimage\"},\"thumbnailUrl\":\"https:\/\/sistemasposcolombia.com\/tienda\/wp-content\/uploads\/2026\/02\/Cajon-Monedero-Grande-SAT-119x-1.webp\",\"datePublished\":\"2026-02-06T22:53:41+00:00\",\"dateModified\":\"2026-04-24T23:48:13+00:00\",\"description\":\"Optimiza la gesti\u00f3n de efectivo en tu negocio con nuestro Caj\u00f3n Monedero POS Grande, que ofrece seguridad y organizaci\u00f3n con alta eficiencia y resistencia.\",\"breadcrumb\":{\"@id\":\"https:\/\/sistemasposcolombia.com\/tienda\/producto\/cajon-monedero-grande-sat\/#breadcrumb\"},\"inLanguage\":\"es\",\"potentialAction\":[{\"@type\":\"ReadAction\",\"target\":[\"https:\/\/sistemasposcolombia.com\/tienda\/producto\/cajon-monedero-grande-sat\/\"]}]},{\"@type\":\"ImageObject\",\"inLanguage\":\"es\",\"@id\":\"https:\/\/sistemasposcolombia.com\/tienda\/producto\/cajon-monedero-grande-sat\/#primaryimage\",\"url\":\"https:\/\/sistemasposcolombia.com\/tienda\/wp-content\/uploads\/2026\/02\/Cajon-Monedero-Grande-SAT-119x-1.webp\",\"contentUrl\":\"https:\/\/sistemasposcolombia.com\/tienda\/wp-content\/uploads\/2026\/02\/Cajon-Monedero-Grande-SAT-119x-1.webp\",\"width\":1080,\"height\":1080,\"caption\":\"Cajon Monedero Grande SAT\"},{\"@type\":\"BreadcrumbList\",\"@id\":\"https:\/\/sistemasposcolombia.com\/tienda\/producto\/cajon-monedero-grande-sat\/#breadcrumb\",\"itemListElement\":[{\"@type\":\"ListItem\",\"position\":1,\"name\":\"Portada\",\"item\":\"https:\/\/sistemasposcolombia.com\/tienda\/\"},{\"@type\":\"ListItem\",\"position\":2,\"name\":\"Tienda Oficial\",\"item\":\"https:\/\/sistemasposcolombia.com\/tienda\/\"},{\"@type\":\"ListItem\",\"position\":3,\"name\":\"Caj\u00f3n Monedero Grande SAT 119X\"}]},{\"@type\":\"WebSite\",\"@id\":\"https:\/\/sistemasposcolombia.com\/tienda\/#website\",\"url\":\"https:\/\/sistemasposcolombia.com\/tienda\/\",\"name\":\"Sistemas POS Colombia\",\"description\":\"Tienda Oficial\",\"publisher\":{\"@id\":\"https:\/\/sistemasposcolombia.com\/tienda\/#organization\"},\"potentialAction\":[{\"@type\":\"SearchAction\",\"target\":{\"@type\":\"EntryPoint\",\"urlTemplate\":\"https:\/\/sistemasposcolombia.com\/tienda\/?s={search_term_string}\"},\"query-input\":{\"@type\":\"PropertyValueSpecification\",\"valueRequired\":true,\"valueName\":\"search_term_string\"}}],\"inLanguage\":\"es\"},{\"@type\":\"Organization\",\"@id\":\"https:\/\/sistemasposcolombia.com\/tienda\/#organization\",\"name\":\"Sistemas POS Colombia\",\"url\":\"https:\/\/sistemasposcolombia.com\/tienda\/\",\"logo\":{\"@type\":\"ImageObject\",\"inLanguage\":\"es\",\"@id\":\"https:\/\/sistemasposcolombia.com\/tienda\/#\/schema\/logo\/image\/\",\"url\":\"https:\/\/sistemasposcolombia.com\/tienda\/wp-content\/uploads\/2025\/10\/Logo-Header.webp\",\"contentUrl\":\"https:\/\/sistemasposcolombia.com\/tienda\/wp-content\/uploads\/2025\/10\/Logo-Header.webp\",\"width\":392,\"height\":192,\"caption\":\"Sistemas POS Colombia\"},\"image\":{\"@id\":\"https:\/\/sistemasposcolombia.com\/tienda\/#\/schema\/logo\/image\/\"},\"sameAs\":[\"https:\/\/www.facebook.com\/sistemasposcolombia\",\"https:\/\/www.instagram.com\/sistemasposcolombia\/\",\"https:\/\/www.youtube.com\/@sistemasposcolombia\",\"https:\/\/sistemasposcolombia.com\/\"]}]}<\/script>\n<meta property=\"product:price:amount\" content=\"165000\" \/>\n<meta property=\"product:price:currency\" content=\"COP\" \/>\n<meta property=\"og:availability\" content=\"instock\" \/>\n<meta property=\"product:availability\" content=\"instock\" \/>\n<meta property=\"product:condition\" content=\"new\" \/>\n<!-- \/ Yoast SEO Premium plugin. -->","yoast_head_json":{"title":"Caj\u00f3n Monedero POS Grande SAT 119x - Sistemas POS Colombia","description":"Optimiza la gesti\u00f3n de efectivo en tu negocio con nuestro Caj\u00f3n Monedero POS Grande, que ofrece seguridad y organizaci\u00f3n con alta eficiencia y resistencia.","robots":{"index":"index","follow":"follow","max-snippet":"max-snippet:-1","max-image-preview":"max-image-preview:large","max-video-preview":"max-video-preview:-1"},"canonical":"https:\/\/sistemasposcolombia.com\/tienda\/producto\/cajon-monedero-grande-sat\/","og_locale":"es_ES","og_type":"article","og_title":"Caj\u00f3n Monedero Grande SAT 119X","og_description":"Optimiza la gesti\u00f3n de efectivo en tu negocio con nuestro Caj\u00f3n Monedero POS Grande, que ofrece seguridad y organizaci\u00f3n con alta eficiencia y resistencia.","og_url":"https:\/\/sistemasposcolombia.com\/tienda\/producto\/cajon-monedero-grande-sat\/","og_site_name":"Sistemas POS Colombia","article_publisher":"https:\/\/www.facebook.com\/sistemasposcolombia","article_modified_time":"2026-04-24T23:48:13+00:00","og_image":[{"width":1080,"height":1080,"url":"https:\/\/sistemasposcolombia.com\/tienda\/wp-content\/uploads\/2026\/02\/Cajon-Monedero-Grande-SAT-119x-1.webp","type":"image\/webp"}],"twitter_card":"summary_large_image","twitter_misc":{"Precio":"&#36;&nbsp;165.000","Disponibilidad":"Disponible"},"schema":{"@context":"https:\/\/schema.org","@graph":[{"@type":"WebPage","@id":"https:\/\/sistemasposcolombia.com\/tienda\/producto\/cajon-monedero-grande-sat\/","url":"https:\/\/sistemasposcolombia.com\/tienda\/producto\/cajon-monedero-grande-sat\/","name":"Caj\u00f3n Monedero POS Grande SAT 119x - Sistemas POS Colombia","isPartOf":{"@id":"https:\/\/sistemasposcolombia.com\/tienda\/#website"},"primaryImageOfPage":{"@id":"https:\/\/sistemasposcolombia.com\/tienda\/producto\/cajon-monedero-grande-sat\/#primaryimage"},"image":{"@id":"https:\/\/sistemasposcolombia.com\/tienda\/producto\/cajon-monedero-grande-sat\/#primaryimage"},"thumbnailUrl":"https:\/\/sistemasposcolombia.com\/tienda\/wp-content\/uploads\/2026\/02\/Cajon-Monedero-Grande-SAT-119x-1.webp","datePublished":"2026-02-06T22:53:41+00:00","dateModified":"2026-04-24T23:48:13+00:00","description":"Optimiza la gesti\u00f3n de efectivo en tu negocio con nuestro Caj\u00f3n Monedero POS Grande, que ofrece seguridad y organizaci\u00f3n con alta eficiencia y resistencia.","breadcrumb":{"@id":"https:\/\/sistemasposcolombia.com\/tienda\/producto\/cajon-monedero-grande-sat\/#breadcrumb"},"inLanguage":"es","potentialAction":[{"@type":"ReadAction","target":["https:\/\/sistemasposcolombia.com\/tienda\/producto\/cajon-monedero-grande-sat\/"]}]},{"@type":"ImageObject","inLanguage":"es","@id":"https:\/\/sistemasposcolombia.com\/tienda\/producto\/cajon-monedero-grande-sat\/#primaryimage","url":"https:\/\/sistemasposcolombia.com\/tienda\/wp-content\/uploads\/2026\/02\/Cajon-Monedero-Grande-SAT-119x-1.webp","contentUrl":"https:\/\/sistemasposcolombia.com\/tienda\/wp-content\/uploads\/2026\/02\/Cajon-Monedero-Grande-SAT-119x-1.webp","width":1080,"height":1080,"caption":"Cajon Monedero Grande SAT"},{"@type":"BreadcrumbList","@id":"https:\/\/sistemasposcolombia.com\/tienda\/producto\/cajon-monedero-grande-sat\/#breadcrumb","itemListElement":[{"@type":"ListItem","position":1,"name":"Portada","item":"https:\/\/sistemasposcolombia.com\/tienda\/"},{"@type":"ListItem","position":2,"name":"Tienda Oficial","item":"https:\/\/sistemasposcolombia.com\/tienda\/"},{"@type":"ListItem","position":3,"name":"Caj\u00f3n Monedero Grande SAT 119X"}]},{"@type":"WebSite","@id":"https:\/\/sistemasposcolombia.com\/tienda\/#website","url":"https:\/\/sistemasposcolombia.com\/tienda\/","name":"Sistemas POS Colombia","description":"Tienda Oficial","publisher":{"@id":"https:\/\/sistemasposcolombia.com\/tienda\/#organization"},"potentialAction":[{"@type":"SearchAction","target":{"@type":"EntryPoint","urlTemplate":"https:\/\/sistemasposcolombia.com\/tienda\/?s={search_term_string}"},"query-input":{"@type":"PropertyValueSpecification","valueRequired":true,"valueName":"search_term_string"}}],"inLanguage":"es"},{"@type":"Organization","@id":"https:\/\/sistemasposcolombia.com\/tienda\/#organization","name":"Sistemas POS Colombia","url":"https:\/\/sistemasposcolombia.com\/tienda\/","logo":{"@type":"ImageObject","inLanguage":"es","@id":"https:\/\/sistemasposcolombia.com\/tienda\/#\/schema\/logo\/image\/","url":"https:\/\/sistemasposcolombia.com\/tienda\/wp-content\/uploads\/2025\/10\/Logo-Header.webp","contentUrl":"https:\/\/sistemasposcolombia.com\/tienda\/wp-content\/uploads\/2025\/10\/Logo-Header.webp","width":392,"height":192,"caption":"Sistemas POS Colombia"},"image":{"@id":"https:\/\/sistemasposcolombia.com\/tienda\/#\/schema\/logo\/image\/"},"sameAs":["https:\/\/www.facebook.com\/sistemasposcolombia","https:\/\/www.instagram.com\/sistemasposcolombia\/","https:\/\/www.youtube.com\/@sistemasposcolombia","https:\/\/sistemasposcolombia.com\/"]}]},"product_price_amount":"165000","product_price_currency":"COP","og_availability":"instock","product_availability":"instock","product_condition":"new"},"_links":{"self":[{"href":"https:\/\/sistemasposcolombia.com\/tienda\/wp-json\/wp\/v2\/product\/4055","targetHints":{"allow":["GET"]}}],"collection":[{"href":"https:\/\/sistemasposcolombia.com\/tienda\/wp-json\/wp\/v2\/product"}],"about":[{"href":"https:\/\/sistemasposcolombia.com\/tienda\/wp-json\/wp\/v2\/types\/product"}],"replies":[{"embeddable":true,"href":"https:\/\/sistemasposcolombia.com\/tienda\/wp-json\/wp\/v2\/comments?post=4055"}],"wp:featuredmedia":[{"embeddable":true,"href":"https:\/\/sistemasposcolombia.com\/tienda\/wp-json\/wp\/v2\/media\/4054"}],"wp:attachment":[{"href":"https:\/\/sistemasposcolombia.com\/tienda\/wp-json\/wp\/v2\/media?parent=4055"}],"wp:term":[{"taxonomy":"product_brand","embeddable":true,"href":"https:\/\/sistemasposcolombia.com\/tienda\/wp-json\/wp\/v2\/product_brand?post=4055"},{"taxonomy":"product_cat","embeddable":true,"href":"https:\/\/sistemasposcolombia.com\/tienda\/wp-json\/wp\/v2\/product_cat?post=4055"},{"taxonomy":"product_tag","embeddable":true,"href":"https:\/\/sistemasposcolombia.com\/tienda\/wp-json\/wp\/v2\/product_tag?post=4055"}],"curies":[{"name":"wp","href":"https:\/\/api.w.org\/{rel}","templated":true}]}}