{"id":329,"date":"2024-02-15T18:43:07","date_gmt":"2024-02-15T23:43:07","guid":{"rendered":"https:\/\/sistemasposcolombia.com\/tienda\/?post_type=product&#038;p=329"},"modified":"2026-04-18T10:49:43","modified_gmt":"2026-04-18T15:49:43","slug":"balanza-digital-para-pos-punto-de-pago","status":"publish","type":"product","link":"https:\/\/sistemasposcolombia.com\/tienda\/producto\/balanza-digital-para-pos-punto-de-pago\/","title":{"rendered":"Balanza Digital Para POS Punto de Pago"},"content":{"rendered":"<p>Nuestra B\u00e1scula Balanza POS para Punto de Pago mejora la eficiencia en tu punto de venta. Dise\u00f1ada para simplificar la venta de productos por peso, ofrece precisi\u00f3n y confiabilidad en cada transacci\u00f3n, contenido y compatibilidad con:<\/p>\n<ul>\n<li><strong>Conexi\u00f3n Serial y Conversor USB de Obsequio<\/strong>, Baterias AAA para respaldo, Bandeja Met\u00e1lica, Multi Funci\u00f3n con panel t\u00e1ctil,\u00a0 M\u00faltiples Protocolos de Envio a POS, Certificaci\u00f3n OIML SIMEL cumpliendo con los requisitos de la SIC<\/li>\n<li>Comptibilidad comprobada con Star POS Versi\u00f3n Simplificado y Facturaci\u00f3n Electr\u00f3nica, Unicenta POS<\/li>\n<li>Genera tu Implementaci\u00f3n a Cualquier Programa con Implementaci\u00f3n de Programa Adicional (INSTALACI\u00d3N Y SINCRONIZACI\u00d3N NO INCLUIDAS)<\/li>\n<li>Capacidad de Pesaje Hasta 30Kg con Sistema Repelente de Insectos que Protege los componentes internos, alargando la vida \u00fatil del dispositivo en entornos de alimentos.<\/li>\n<li>Conexi\u00f3n Directa a Corriente Por USB Tipo C, compatilble y \u00faltima Tecnolog\u00eda Incluidos Como Obsequio<\/li>\n<\/ul>\n<p>Con un dise\u00f1o compacto y moderno, esta B\u00e1scula Balanza POS para Punto de Pago, se integra f\u00e1cilmente en tu espacio de trabajo. Ocupa poco espacio y proporciona una soluci\u00f3n efectiva para tus necesidades de pesaje.<\/p>\n<p>Adem\u00e1s de su funcionalidad b\u00e1sica, nuestra balanza POS te ayuda a cumplir con los requisitos de facturaci\u00f3n electr\u00f3nica. Esto garantiza la conformidad con las regulaciones locales SIC y simplifica tus operaciones comerciales.<\/p>\n<p>No te conformes con una balanza com\u00fan que debes digitar manualmente. Actualiza tu punto de venta con nuestra B\u00e1scula Balanza POS y experimenta la diferencia en eficiencia y precisi\u00f3n.<\/p>\n<p style=\"text-align: center;\"><a href=\"https:\/\/sistemasposcolombia.com\/tienda\/reembolso_devoluciones\/\"><strong>GARANT\u00cdA 12 MESES<\/strong><\/a><\/p>\n","protected":false},"excerpt":{"rendered":"<ul>\n<li>Compatibilidad Comprobada Ideal Con el Software Gestor de Obsequio Star POS Versi\u00f3n Simplificado y Facturaci\u00f3n Electr\u00f3nica y Unicenta POS<\/li>\n<li>Capacidad de Pesaje Hasta 30Kg con Sistema Repelente de Insectos<\/li>\n<li>Certificaci\u00f3n OIML SIMEL cumpliendo con los requisitos de la SIC<\/li>\n<li>M\u00faltiples protocolos de Transmisi\u00f3n para f\u00e1cil Integraci\u00f3n, puedes generar conexi\u00f3n con tu programa o solicitar la integraci\u00f3n al distribuidor del Software<\/li>\n<li><a href=\"https:\/\/sistemasposcolombia.com\/tienda\/reembolso_devoluciones\/\"><strong>GARANT\u00cdA 12 MESES<\/strong><\/a><\/li>\n<\/ul>\n","protected":false},"featured_media":3713,"comment_status":"open","ping_status":"closed","template":"","meta":[],"product_brand":[],"product_cat":[33],"product_tag":[],"class_list":{"0":"post-329","1":"product","2":"type-product","3":"status-publish","4":"has-post-thumbnail","6":"product_cat-balanzas-pos-punto-de-pago","8":"first","9":"instock","10":"taxable","11":"shipping-taxable","12":"purchasable","13":"product-type-simple"},"composite_virtual":false,"composite_layout":"","composite_add_to_cart_form_location":"","composite_editable_in_cart":false,"composite_sold_individually_context":"","composite_shop_price_calc":"","composite_components":[],"composite_scenarios":[],"yoast_head":"<!-- This site is optimized with the Yoast SEO Premium plugin v26.2 (Yoast SEO v26.2) - https:\/\/yoast.com\/wordpress\/plugins\/seo\/ -->\n<title>B\u00e1scula Balanza POS para Punto de Pago - Sistemas POS Colombia<\/title>\n<meta name=\"description\" content=\"Optimiza tu punto de venta con nuestra B\u00e1scula Balanza POS para Punto de Pago con alta precisi\u00f3n en cada transacci\u00f3n. \u00a1Haz tu negocio m\u00e1s efectivo hoy!\" \/>\n<meta name=\"robots\" content=\"index, follow, max-snippet:-1, max-image-preview:large, max-video-preview:-1\" \/>\n<link rel=\"canonical\" href=\"https:\/\/sistemasposcolombia.com\/tienda\/producto\/balanza-digital-para-pos-punto-de-pago\/\" \/>\n<meta property=\"og:locale\" content=\"es_ES\" \/>\n<meta property=\"og:type\" content=\"article\" \/>\n<meta property=\"og:title\" content=\"Balanza Digital Para POS Punto de Pago\" \/>\n<meta property=\"og:description\" content=\"Optimiza tu punto de venta con nuestra B\u00e1scula Balanza POS para Punto de Pago con alta precisi\u00f3n en cada transacci\u00f3n. \u00a1Haz tu negocio m\u00e1s efectivo hoy!\" \/>\n<meta property=\"og:url\" content=\"https:\/\/sistemasposcolombia.com\/tienda\/producto\/balanza-digital-para-pos-punto-de-pago\/\" \/>\n<meta property=\"og:site_name\" content=\"Sistemas POS Colombia\" \/>\n<meta property=\"article:publisher\" content=\"https:\/\/www.facebook.com\/sistemasposcolombia\" \/>\n<meta property=\"article:modified_time\" content=\"2026-04-18T15:49:43+00:00\" \/>\n<meta property=\"og:image\" content=\"https:\/\/sistemasposcolombia.com\/tienda\/wp-content\/uploads\/2025\/11\/Balanza-SAT-CS-30-Certificado-OIML-1.webp\" \/>\n\t<meta property=\"og:image:width\" content=\"1080\" \/>\n\t<meta property=\"og:image:height\" content=\"1080\" \/>\n\t<meta property=\"og:image:type\" content=\"image\/webp\" \/>\n<meta name=\"twitter:card\" content=\"summary_large_image\" \/>\n<meta name=\"twitter:label1\" content=\"Precio\" \/>\n\t<meta name=\"twitter:data1\" content=\"&#036;&nbsp;450.000\" \/>\n\t<meta name=\"twitter:label2\" content=\"Disponibilidad\" \/>\n\t<meta name=\"twitter:data2\" content=\"Disponible\" \/>\n<script type=\"application\/ld+json\" class=\"yoast-schema-graph\">{\"@context\":\"https:\/\/schema.org\",\"@graph\":[{\"@type\":\"WebPage\",\"@id\":\"https:\/\/sistemasposcolombia.com\/tienda\/producto\/balanza-digital-para-pos-punto-de-pago\/\",\"url\":\"https:\/\/sistemasposcolombia.com\/tienda\/producto\/balanza-digital-para-pos-punto-de-pago\/\",\"name\":\"B\u00e1scula Balanza POS para Punto de Pago - Sistemas POS Colombia\",\"isPartOf\":{\"@id\":\"https:\/\/sistemasposcolombia.com\/tienda\/#website\"},\"primaryImageOfPage\":{\"@id\":\"https:\/\/sistemasposcolombia.com\/tienda\/producto\/balanza-digital-para-pos-punto-de-pago\/#primaryimage\"},\"image\":{\"@id\":\"https:\/\/sistemasposcolombia.com\/tienda\/producto\/balanza-digital-para-pos-punto-de-pago\/#primaryimage\"},\"thumbnailUrl\":\"https:\/\/sistemasposcolombia.com\/tienda\/wp-content\/uploads\/2025\/11\/Balanza-SAT-CS-30-Certificado-OIML-1.webp\",\"datePublished\":\"2024-02-15T23:43:07+00:00\",\"dateModified\":\"2026-04-18T15:49:43+00:00\",\"description\":\"Optimiza tu punto de venta con nuestra B\u00e1scula Balanza POS para Punto de Pago con alta precisi\u00f3n en cada transacci\u00f3n. \u00a1Haz tu negocio m\u00e1s efectivo hoy!\",\"breadcrumb\":{\"@id\":\"https:\/\/sistemasposcolombia.com\/tienda\/producto\/balanza-digital-para-pos-punto-de-pago\/#breadcrumb\"},\"inLanguage\":\"es\",\"potentialAction\":[{\"@type\":\"ReadAction\",\"target\":[\"https:\/\/sistemasposcolombia.com\/tienda\/producto\/balanza-digital-para-pos-punto-de-pago\/\"]}]},{\"@type\":\"ImageObject\",\"inLanguage\":\"es\",\"@id\":\"https:\/\/sistemasposcolombia.com\/tienda\/producto\/balanza-digital-para-pos-punto-de-pago\/#primaryimage\",\"url\":\"https:\/\/sistemasposcolombia.com\/tienda\/wp-content\/uploads\/2025\/11\/Balanza-SAT-CS-30-Certificado-OIML-1.webp\",\"contentUrl\":\"https:\/\/sistemasposcolombia.com\/tienda\/wp-content\/uploads\/2025\/11\/Balanza-SAT-CS-30-Certificado-OIML-1.webp\",\"width\":1080,\"height\":1080,\"caption\":\"Balanza para Sistema POS Compatible Unicenta Odoo Con Certificado OIML SIMEL\"},{\"@type\":\"BreadcrumbList\",\"@id\":\"https:\/\/sistemasposcolombia.com\/tienda\/producto\/balanza-digital-para-pos-punto-de-pago\/#breadcrumb\",\"itemListElement\":[{\"@type\":\"ListItem\",\"position\":1,\"name\":\"Portada\",\"item\":\"https:\/\/sistemasposcolombia.com\/tienda\/\"},{\"@type\":\"ListItem\",\"position\":2,\"name\":\"Tienda Oficial\",\"item\":\"https:\/\/sistemasposcolombia.com\/tienda\/\"},{\"@type\":\"ListItem\",\"position\":3,\"name\":\"Balanza Digital Para POS Punto de Pago\"}]},{\"@type\":\"WebSite\",\"@id\":\"https:\/\/sistemasposcolombia.com\/tienda\/#website\",\"url\":\"https:\/\/sistemasposcolombia.com\/tienda\/\",\"name\":\"Sistemas POS Colombia\",\"description\":\"Tienda Oficial\",\"publisher\":{\"@id\":\"https:\/\/sistemasposcolombia.com\/tienda\/#organization\"},\"potentialAction\":[{\"@type\":\"SearchAction\",\"target\":{\"@type\":\"EntryPoint\",\"urlTemplate\":\"https:\/\/sistemasposcolombia.com\/tienda\/?s={search_term_string}\"},\"query-input\":{\"@type\":\"PropertyValueSpecification\",\"valueRequired\":true,\"valueName\":\"search_term_string\"}}],\"inLanguage\":\"es\"},{\"@type\":\"Organization\",\"@id\":\"https:\/\/sistemasposcolombia.com\/tienda\/#organization\",\"name\":\"Sistemas POS Colombia\",\"url\":\"https:\/\/sistemasposcolombia.com\/tienda\/\",\"logo\":{\"@type\":\"ImageObject\",\"inLanguage\":\"es\",\"@id\":\"https:\/\/sistemasposcolombia.com\/tienda\/#\/schema\/logo\/image\/\",\"url\":\"https:\/\/sistemasposcolombia.com\/tienda\/wp-content\/uploads\/2025\/10\/Logo-Header.webp\",\"contentUrl\":\"https:\/\/sistemasposcolombia.com\/tienda\/wp-content\/uploads\/2025\/10\/Logo-Header.webp\",\"width\":392,\"height\":192,\"caption\":\"Sistemas POS Colombia\"},\"image\":{\"@id\":\"https:\/\/sistemasposcolombia.com\/tienda\/#\/schema\/logo\/image\/\"},\"sameAs\":[\"https:\/\/www.facebook.com\/sistemasposcolombia\",\"https:\/\/www.instagram.com\/sistemasposcolombia\/\",\"https:\/\/www.youtube.com\/@sistemasposcolombia\",\"https:\/\/sistemasposcolombia.com\/\"]}]}<\/script>\n<meta property=\"product:price:amount\" content=\"450000\" \/>\n<meta property=\"product:price:currency\" content=\"COP\" \/>\n<meta property=\"og:availability\" content=\"instock\" \/>\n<meta property=\"product:availability\" content=\"instock\" \/>\n<meta property=\"product:condition\" content=\"new\" \/>\n<!-- \/ Yoast SEO Premium plugin. -->","yoast_head_json":{"title":"B\u00e1scula Balanza POS para Punto de Pago - Sistemas POS Colombia","description":"Optimiza tu punto de venta con nuestra B\u00e1scula Balanza POS para Punto de Pago con alta precisi\u00f3n en cada transacci\u00f3n. \u00a1Haz tu negocio m\u00e1s efectivo hoy!","robots":{"index":"index","follow":"follow","max-snippet":"max-snippet:-1","max-image-preview":"max-image-preview:large","max-video-preview":"max-video-preview:-1"},"canonical":"https:\/\/sistemasposcolombia.com\/tienda\/producto\/balanza-digital-para-pos-punto-de-pago\/","og_locale":"es_ES","og_type":"article","og_title":"Balanza Digital Para POS Punto de Pago","og_description":"Optimiza tu punto de venta con nuestra B\u00e1scula Balanza POS para Punto de Pago con alta precisi\u00f3n en cada transacci\u00f3n. \u00a1Haz tu negocio m\u00e1s efectivo hoy!","og_url":"https:\/\/sistemasposcolombia.com\/tienda\/producto\/balanza-digital-para-pos-punto-de-pago\/","og_site_name":"Sistemas POS Colombia","article_publisher":"https:\/\/www.facebook.com\/sistemasposcolombia","article_modified_time":"2026-04-18T15:49:43+00:00","og_image":[{"width":1080,"height":1080,"url":"https:\/\/sistemasposcolombia.com\/tienda\/wp-content\/uploads\/2025\/11\/Balanza-SAT-CS-30-Certificado-OIML-1.webp","type":"image\/webp"}],"twitter_card":"summary_large_image","twitter_misc":{"Precio":"&#36;&nbsp;450.000","Disponibilidad":"Disponible"},"schema":{"@context":"https:\/\/schema.org","@graph":[{"@type":"WebPage","@id":"https:\/\/sistemasposcolombia.com\/tienda\/producto\/balanza-digital-para-pos-punto-de-pago\/","url":"https:\/\/sistemasposcolombia.com\/tienda\/producto\/balanza-digital-para-pos-punto-de-pago\/","name":"B\u00e1scula Balanza POS para Punto de Pago - Sistemas POS Colombia","isPartOf":{"@id":"https:\/\/sistemasposcolombia.com\/tienda\/#website"},"primaryImageOfPage":{"@id":"https:\/\/sistemasposcolombia.com\/tienda\/producto\/balanza-digital-para-pos-punto-de-pago\/#primaryimage"},"image":{"@id":"https:\/\/sistemasposcolombia.com\/tienda\/producto\/balanza-digital-para-pos-punto-de-pago\/#primaryimage"},"thumbnailUrl":"https:\/\/sistemasposcolombia.com\/tienda\/wp-content\/uploads\/2025\/11\/Balanza-SAT-CS-30-Certificado-OIML-1.webp","datePublished":"2024-02-15T23:43:07+00:00","dateModified":"2026-04-18T15:49:43+00:00","description":"Optimiza tu punto de venta con nuestra B\u00e1scula Balanza POS para Punto de Pago con alta precisi\u00f3n en cada transacci\u00f3n. \u00a1Haz tu negocio m\u00e1s efectivo hoy!","breadcrumb":{"@id":"https:\/\/sistemasposcolombia.com\/tienda\/producto\/balanza-digital-para-pos-punto-de-pago\/#breadcrumb"},"inLanguage":"es","potentialAction":[{"@type":"ReadAction","target":["https:\/\/sistemasposcolombia.com\/tienda\/producto\/balanza-digital-para-pos-punto-de-pago\/"]}]},{"@type":"ImageObject","inLanguage":"es","@id":"https:\/\/sistemasposcolombia.com\/tienda\/producto\/balanza-digital-para-pos-punto-de-pago\/#primaryimage","url":"https:\/\/sistemasposcolombia.com\/tienda\/wp-content\/uploads\/2025\/11\/Balanza-SAT-CS-30-Certificado-OIML-1.webp","contentUrl":"https:\/\/sistemasposcolombia.com\/tienda\/wp-content\/uploads\/2025\/11\/Balanza-SAT-CS-30-Certificado-OIML-1.webp","width":1080,"height":1080,"caption":"Balanza para Sistema POS Compatible Unicenta Odoo Con Certificado OIML SIMEL"},{"@type":"BreadcrumbList","@id":"https:\/\/sistemasposcolombia.com\/tienda\/producto\/balanza-digital-para-pos-punto-de-pago\/#breadcrumb","itemListElement":[{"@type":"ListItem","position":1,"name":"Portada","item":"https:\/\/sistemasposcolombia.com\/tienda\/"},{"@type":"ListItem","position":2,"name":"Tienda Oficial","item":"https:\/\/sistemasposcolombia.com\/tienda\/"},{"@type":"ListItem","position":3,"name":"Balanza Digital Para POS Punto de Pago"}]},{"@type":"WebSite","@id":"https:\/\/sistemasposcolombia.com\/tienda\/#website","url":"https:\/\/sistemasposcolombia.com\/tienda\/","name":"Sistemas POS Colombia","description":"Tienda Oficial","publisher":{"@id":"https:\/\/sistemasposcolombia.com\/tienda\/#organization"},"potentialAction":[{"@type":"SearchAction","target":{"@type":"EntryPoint","urlTemplate":"https:\/\/sistemasposcolombia.com\/tienda\/?s={search_term_string}"},"query-input":{"@type":"PropertyValueSpecification","valueRequired":true,"valueName":"search_term_string"}}],"inLanguage":"es"},{"@type":"Organization","@id":"https:\/\/sistemasposcolombia.com\/tienda\/#organization","name":"Sistemas POS Colombia","url":"https:\/\/sistemasposcolombia.com\/tienda\/","logo":{"@type":"ImageObject","inLanguage":"es","@id":"https:\/\/sistemasposcolombia.com\/tienda\/#\/schema\/logo\/image\/","url":"https:\/\/sistemasposcolombia.com\/tienda\/wp-content\/uploads\/2025\/10\/Logo-Header.webp","contentUrl":"https:\/\/sistemasposcolombia.com\/tienda\/wp-content\/uploads\/2025\/10\/Logo-Header.webp","width":392,"height":192,"caption":"Sistemas POS Colombia"},"image":{"@id":"https:\/\/sistemasposcolombia.com\/tienda\/#\/schema\/logo\/image\/"},"sameAs":["https:\/\/www.facebook.com\/sistemasposcolombia","https:\/\/www.instagram.com\/sistemasposcolombia\/","https:\/\/www.youtube.com\/@sistemasposcolombia","https:\/\/sistemasposcolombia.com\/"]}]},"product_price_amount":"450000","product_price_currency":"COP","og_availability":"instock","product_availability":"instock","product_condition":"new"},"_links":{"self":[{"href":"https:\/\/sistemasposcolombia.com\/tienda\/wp-json\/wp\/v2\/product\/329","targetHints":{"allow":["GET"]}}],"collection":[{"href":"https:\/\/sistemasposcolombia.com\/tienda\/wp-json\/wp\/v2\/product"}],"about":[{"href":"https:\/\/sistemasposcolombia.com\/tienda\/wp-json\/wp\/v2\/types\/product"}],"replies":[{"embeddable":true,"href":"https:\/\/sistemasposcolombia.com\/tienda\/wp-json\/wp\/v2\/comments?post=329"}],"wp:featuredmedia":[{"embeddable":true,"href":"https:\/\/sistemasposcolombia.com\/tienda\/wp-json\/wp\/v2\/media\/3713"}],"wp:attachment":[{"href":"https:\/\/sistemasposcolombia.com\/tienda\/wp-json\/wp\/v2\/media?parent=329"}],"wp:term":[{"taxonomy":"product_brand","embeddable":true,"href":"https:\/\/sistemasposcolombia.com\/tienda\/wp-json\/wp\/v2\/product_brand?post=329"},{"taxonomy":"product_cat","embeddable":true,"href":"https:\/\/sistemasposcolombia.com\/tienda\/wp-json\/wp\/v2\/product_cat?post=329"},{"taxonomy":"product_tag","embeddable":true,"href":"https:\/\/sistemasposcolombia.com\/tienda\/wp-json\/wp\/v2\/product_tag?post=329"}],"curies":[{"name":"wp","href":"https:\/\/api.w.org\/{rel}","templated":true}]}}