{"id":2421,"date":"2025-04-22T15:56:14","date_gmt":"2025-04-22T20:56:14","guid":{"rendered":"https:\/\/sistemasposcolombia.com\/tienda\/?post_type=product&#038;p=2421"},"modified":"2026-05-16T18:58:28","modified_gmt":"2026-05-16T23:58:28","slug":"lector-omnidireccional-codigos-qr","status":"publish","type":"product","link":"https:\/\/sistemasposcolombia.com\/tienda\/producto\/lector-omnidireccional-codigos-qr\/","title":{"rendered":"Lector Omnidireccional de C\u00f3digos QR \/ 1D \/ 2D Jaltech Eco"},"content":{"rendered":"<p data-start=\"68\" data-end=\"452\">El <strong data-start=\"71\" data-end=\"115\">Lector Omnidireccional QR 2D Jaltech Eco<\/strong> es una soluci\u00f3n eficiente para puntos de venta que requieren lectura r\u00e1pida y precisa de c\u00f3digos de barras. Gracias a su tecnolog\u00eda avanzada, este <strong data-start=\"263\" data-end=\"292\">Lector Omnidireccional QR<\/strong> permite escanear c\u00f3digos <strong data-start=\"318\" data-end=\"333\">1D, 2D y QR<\/strong> desde pr\u00e1cticamente cualquier \u00e1ngulo, facilitando el proceso de cobro y mejorando la productividad en el \u00e1rea de tu caja.<\/p>\n<p data-start=\"454\" data-end=\"686\">Su dise\u00f1o compacto y funcional lo convierte en una excelente opci\u00f3n para comercios que buscan un <strong data-start=\"551\" data-end=\"580\">lector omnidireccional 2D<\/strong> confiable, f\u00e1cil de integrar con su sistema POS y preparado para un uso continuo en entornos comerciales.<\/p>\n<h3 data-section-id=\"mo6ls1\" data-start=\"693\" data-end=\"728\"><strong data-start=\"697\" data-end=\"728\">Caracter\u00edsticas principales<\/strong><\/h3>\n<p data-start=\"730\" data-end=\"1111\">\u2022 Tecnolog\u00eda <strong data-start=\"743\" data-end=\"762\">omnidireccional<\/strong> para escaneo desde m\u00faltiples \u00e1ngulos<br data-start=\"799\" data-end=\"802\" \/>\u2022 Compatible con <strong data-start=\"819\" data-end=\"860\">c\u00f3digos de barras 1D, 2D y c\u00f3digos QR<\/strong><br data-start=\"860\" data-end=\"863\" \/>\u2022 <strong data-start=\"739\" data-end=\"767\">Escaneo r\u00e1pido y preciso<\/strong> para agilizar procesos de venta con Sensor de 1024 x 600<br data-start=\"936\" data-end=\"939\" \/>\u2022 Resoluci\u00f3n 3mil\/0,1 mm (PSC 90%, c\u00f3digo 39)<br data-start=\"993\" data-end=\"996\" \/>\u2022 Velocidad de escaneo 260 veces x Segundo con alcance de 6 a 30 Cent\u00edmetros<br data-start=\"1057\" data-end=\"1060\" \/>\u2022 Ideal para comercios con alto flujo de clientes<\/p>\n<h3 data-section-id=\"1cke70k\" data-start=\"1118\" data-end=\"1140\"><strong data-start=\"1122\" data-end=\"1140\">Compatibilidad<\/strong><\/h3>\n<p data-start=\"1142\" data-end=\"1321\">Este <strong data-start=\"1147\" data-end=\"1179\">lector omnidireccional QR 2D<\/strong> es compatible con Windows, Linux, Android y IOS seg\u00fan indicaciones del fabricante.<\/p>\n<p data-start=\"1142\" data-end=\"1321\">Gracias a su conexi\u00f3n simple, le permite integrarse r\u00e1pidamente con cualquier sistema sin configuraciones complejas.<\/p>\n<h3 data-section-id=\"1n54j9j\" data-start=\"1457\" data-end=\"1493\"><strong data-start=\"1461\" data-end=\"1493\">Instalaci\u00f3n y funcionamiento<\/strong><\/h3>\n<p data-start=\"1495\" data-end=\"1744\">El <strong data-start=\"1498\" data-end=\"1527\">lector QR omnidireccional<\/strong> est\u00e1 dise\u00f1ado para ofrecer una experiencia de uso pr\u00e1ctica y eficiente, basta con conectarlo y empezar a usarlo, no requiere controladores, ademas su capacidad de lectura desde distintos \u00e1ngulos permite escanear c\u00f3digos de manera m\u00e1s r\u00e1pida, reduciendo tiempos de espera en tu punto de pago, su velocidad y precisi\u00f3n ayudan a mejorar la experiencia del cliente agilizando el proceso de facturaci\u00f3n y registro de tus productos.<\/p>\n<p style=\"text-align: center;\"><a href=\"https:\/\/sistemasposcolombia.com\/tienda\/reembolso_devoluciones\/\"><strong>GARANT\u00cdA 6 MESES<\/strong><\/a><\/p>\n","protected":false},"excerpt":{"rendered":"<p data-start=\"382\" data-end=\"420\">\ud83d\uded2 <strong data-start=\"385\" data-end=\"420\">Compra online directa y segura.<\/strong><\/p>\n<p data-start=\"422\" data-end=\"484\">\ud83d\udce6 <strong data-start=\"425\" data-end=\"484\">Producto disponible en inventario para env\u00edo inmediato.<\/strong><\/p>\n<p data-start=\"486\" data-end=\"583\">\ud83d\ude9a <strong data-start=\"489\" data-end=\"542\">Env\u00edo GRATIS disponible a gran parte de Colombia.<\/strong> <em data-start=\"543\" data-end=\"583\">(<a href=\"https:\/\/sistemasposcolombia.com\/tienda\/politica-de-envios\/\">Consulta t\u00e9rminos y condiciones aqu\u00ed<\/a>)<\/em><\/p>\n<p data-start=\"585\" data-end=\"622\">\ud83d\udd12 <strong data-start=\"588\" data-end=\"622\">Nuevo, sellado y con garant\u00eda.<\/strong><\/p>\n<ul>\n<li>Lectura Autom\u00e1tica Continua multi direcci\u00f3n con c\u00f3moda y eficiente operaci\u00f3n<\/li>\n<li>Resoluci\u00f3n del Sensor 1024 x 600 CMOS, alta precisi\u00f3n 2D con Alcance del escaneo: 6cm-30cm<\/li>\n<li>Eficiencia en Lectura L\u00e1ser con Multi Protocolo para C\u00f3digos 1D\/2D y QR<\/li>\n<li>F\u00e1cil programaci\u00f3n y configuraci\u00f3n Plug &amp; Play<\/li>\n<li>Compatibilidad con Windows, Linux, Android y IOS, tambi\u00e9n con Cualquier Gestor POS<\/li>\n<li><a href=\"https:\/\/sistemasposcolombia.com\/tienda\/reembolso_devoluciones\/\"><strong>GARANT\u00cdA 6 MESES<\/strong><\/a><\/li>\n<\/ul>\n","protected":false},"featured_media":4018,"comment_status":"open","ping_status":"closed","template":"","meta":[],"product_brand":[],"product_cat":[30],"product_tag":[],"class_list":{"0":"post-2421","1":"product","2":"type-product","3":"status-publish","4":"has-post-thumbnail","6":"product_cat-lectores-de-codigos-de-barras","8":"first","9":"instock","10":"sale","11":"featured","12":"taxable","13":"shipping-taxable","14":"purchasable","15":"product-type-simple"},"composite_virtual":false,"composite_layout":"","composite_add_to_cart_form_location":"","composite_editable_in_cart":false,"composite_sold_individually_context":"","composite_shop_price_calc":"","composite_components":[],"composite_scenarios":[],"yoast_head":"<!-- This site is optimized with the Yoast SEO Premium plugin v26.2 (Yoast SEO v26.2) - https:\/\/yoast.com\/wordpress\/plugins\/seo\/ -->\n<title>Lector Omnidireccional QR 2D - Sistemas POS Colombia<\/title>\n<meta name=\"description\" content=\"Optimiza tu punto de venta con nuestro Lector Omnidireccional QR 2D. Escaneo r\u00e1pido y preciso para una experiencia de venta m\u00e1s eficiente y Omnidireccional.\" \/>\n<meta name=\"robots\" content=\"index, follow, max-snippet:-1, max-image-preview:large, max-video-preview:-1\" \/>\n<link rel=\"canonical\" href=\"https:\/\/sistemasposcolombia.com\/tienda\/producto\/lector-omnidireccional-codigos-qr\/\" \/>\n<meta property=\"og:locale\" content=\"es_ES\" \/>\n<meta property=\"og:type\" content=\"article\" \/>\n<meta property=\"og:title\" content=\"Lector Omnidireccional de C\u00f3digos QR \/ 1D \/ 2D Jaltech Eco\" \/>\n<meta property=\"og:description\" content=\"Optimiza tu punto de venta con nuestro Lector Omnidireccional QR 2D. Escaneo r\u00e1pido y preciso para una experiencia de venta m\u00e1s eficiente y Omnidireccional.\" \/>\n<meta property=\"og:url\" content=\"https:\/\/sistemasposcolombia.com\/tienda\/producto\/lector-omnidireccional-codigos-qr\/\" \/>\n<meta property=\"og:site_name\" content=\"Sistemas POS Colombia\" \/>\n<meta property=\"article:publisher\" content=\"https:\/\/www.facebook.com\/sistemasposcolombia\" \/>\n<meta property=\"article:modified_time\" content=\"2026-05-16T23:58:28+00:00\" \/>\n<meta property=\"og:image\" content=\"https:\/\/sistemasposcolombia.com\/tienda\/wp-content\/uploads\/2026\/01\/Lector-de-Codigos-Omnidireccional-Jaltech-1024-1.webp\" \/>\n\t<meta property=\"og:image:width\" content=\"1080\" \/>\n\t<meta property=\"og:image:height\" content=\"1080\" \/>\n\t<meta property=\"og:image:type\" content=\"image\/webp\" \/>\n<meta name=\"twitter:card\" content=\"summary_large_image\" \/>\n<meta name=\"twitter:label1\" content=\"Precio\" \/>\n\t<meta name=\"twitter:data1\" content=\"&#036;&nbsp;155.000\" \/>\n\t<meta name=\"twitter:label2\" content=\"Disponibilidad\" \/>\n\t<meta name=\"twitter:data2\" content=\"Disponible\" \/>\n<script type=\"application\/ld+json\" class=\"yoast-schema-graph\">{\"@context\":\"https:\/\/schema.org\",\"@graph\":[{\"@type\":\"WebPage\",\"@id\":\"https:\/\/sistemasposcolombia.com\/tienda\/producto\/lector-omnidireccional-codigos-qr\/\",\"url\":\"https:\/\/sistemasposcolombia.com\/tienda\/producto\/lector-omnidireccional-codigos-qr\/\",\"name\":\"Lector Omnidireccional QR 2D - Sistemas POS Colombia\",\"isPartOf\":{\"@id\":\"https:\/\/sistemasposcolombia.com\/tienda\/#website\"},\"primaryImageOfPage\":{\"@id\":\"https:\/\/sistemasposcolombia.com\/tienda\/producto\/lector-omnidireccional-codigos-qr\/#primaryimage\"},\"image\":{\"@id\":\"https:\/\/sistemasposcolombia.com\/tienda\/producto\/lector-omnidireccional-codigos-qr\/#primaryimage\"},\"thumbnailUrl\":\"https:\/\/sistemasposcolombia.com\/tienda\/wp-content\/uploads\/2026\/01\/Lector-de-Codigos-Omnidireccional-Jaltech-1024-1.webp\",\"datePublished\":\"2025-04-22T20:56:14+00:00\",\"dateModified\":\"2026-05-16T23:58:28+00:00\",\"description\":\"Optimiza tu punto de venta con nuestro Lector Omnidireccional QR 2D. Escaneo r\u00e1pido y preciso para una experiencia de venta m\u00e1s eficiente y Omnidireccional.\",\"breadcrumb\":{\"@id\":\"https:\/\/sistemasposcolombia.com\/tienda\/producto\/lector-omnidireccional-codigos-qr\/#breadcrumb\"},\"inLanguage\":\"es\",\"potentialAction\":[{\"@type\":\"ReadAction\",\"target\":[\"https:\/\/sistemasposcolombia.com\/tienda\/producto\/lector-omnidireccional-codigos-qr\/\"]}]},{\"@type\":\"ImageObject\",\"inLanguage\":\"es\",\"@id\":\"https:\/\/sistemasposcolombia.com\/tienda\/producto\/lector-omnidireccional-codigos-qr\/#primaryimage\",\"url\":\"https:\/\/sistemasposcolombia.com\/tienda\/wp-content\/uploads\/2026\/01\/Lector-de-Codigos-Omnidireccional-Jaltech-1024-1.webp\",\"contentUrl\":\"https:\/\/sistemasposcolombia.com\/tienda\/wp-content\/uploads\/2026\/01\/Lector-de-Codigos-Omnidireccional-Jaltech-1024-1.webp\",\"width\":1080,\"height\":1080,\"caption\":\"Lector Omnidireccional QR Jaltech Econ\u00f3mico\"},{\"@type\":\"BreadcrumbList\",\"@id\":\"https:\/\/sistemasposcolombia.com\/tienda\/producto\/lector-omnidireccional-codigos-qr\/#breadcrumb\",\"itemListElement\":[{\"@type\":\"ListItem\",\"position\":1,\"name\":\"Portada\",\"item\":\"https:\/\/sistemasposcolombia.com\/tienda\/\"},{\"@type\":\"ListItem\",\"position\":2,\"name\":\"Tienda Oficial\",\"item\":\"https:\/\/sistemasposcolombia.com\/tienda\/\"},{\"@type\":\"ListItem\",\"position\":3,\"name\":\"Lector Omnidireccional de C\u00f3digos QR \/ 1D \/ 2D Jaltech Eco\"}]},{\"@type\":\"WebSite\",\"@id\":\"https:\/\/sistemasposcolombia.com\/tienda\/#website\",\"url\":\"https:\/\/sistemasposcolombia.com\/tienda\/\",\"name\":\"Sistemas POS Colombia\",\"description\":\"Tienda Oficial\",\"publisher\":{\"@id\":\"https:\/\/sistemasposcolombia.com\/tienda\/#organization\"},\"potentialAction\":[{\"@type\":\"SearchAction\",\"target\":{\"@type\":\"EntryPoint\",\"urlTemplate\":\"https:\/\/sistemasposcolombia.com\/tienda\/?s={search_term_string}\"},\"query-input\":{\"@type\":\"PropertyValueSpecification\",\"valueRequired\":true,\"valueName\":\"search_term_string\"}}],\"inLanguage\":\"es\"},{\"@type\":\"Organization\",\"@id\":\"https:\/\/sistemasposcolombia.com\/tienda\/#organization\",\"name\":\"Sistemas POS Colombia\",\"url\":\"https:\/\/sistemasposcolombia.com\/tienda\/\",\"logo\":{\"@type\":\"ImageObject\",\"inLanguage\":\"es\",\"@id\":\"https:\/\/sistemasposcolombia.com\/tienda\/#\/schema\/logo\/image\/\",\"url\":\"https:\/\/sistemasposcolombia.com\/tienda\/wp-content\/uploads\/2025\/10\/Logo-Header.webp\",\"contentUrl\":\"https:\/\/sistemasposcolombia.com\/tienda\/wp-content\/uploads\/2025\/10\/Logo-Header.webp\",\"width\":392,\"height\":192,\"caption\":\"Sistemas POS Colombia\"},\"image\":{\"@id\":\"https:\/\/sistemasposcolombia.com\/tienda\/#\/schema\/logo\/image\/\"},\"sameAs\":[\"https:\/\/www.facebook.com\/sistemasposcolombia\",\"https:\/\/www.instagram.com\/sistemasposcolombia\/\",\"https:\/\/www.youtube.com\/@sistemasposcolombia\",\"https:\/\/sistemasposcolombia.com\/\"]}]}<\/script>\n<meta property=\"product:price:amount\" content=\"155000\" \/>\n<meta property=\"product:price:currency\" content=\"COP\" \/>\n<meta property=\"og:availability\" content=\"instock\" \/>\n<meta property=\"product:availability\" content=\"instock\" \/>\n<meta property=\"product:retailer_item_id\" content=\"LECTORJALOMNIECO\" \/>\n<meta property=\"product:condition\" content=\"new\" \/>\n<!-- \/ Yoast SEO Premium plugin. -->","yoast_head_json":{"title":"Lector Omnidireccional QR 2D - Sistemas POS Colombia","description":"Optimiza tu punto de venta con nuestro Lector Omnidireccional QR 2D. Escaneo r\u00e1pido y preciso para una experiencia de venta m\u00e1s eficiente y Omnidireccional.","robots":{"index":"index","follow":"follow","max-snippet":"max-snippet:-1","max-image-preview":"max-image-preview:large","max-video-preview":"max-video-preview:-1"},"canonical":"https:\/\/sistemasposcolombia.com\/tienda\/producto\/lector-omnidireccional-codigos-qr\/","og_locale":"es_ES","og_type":"article","og_title":"Lector Omnidireccional de C\u00f3digos QR \/ 1D \/ 2D Jaltech Eco","og_description":"Optimiza tu punto de venta con nuestro Lector Omnidireccional QR 2D. Escaneo r\u00e1pido y preciso para una experiencia de venta m\u00e1s eficiente y Omnidireccional.","og_url":"https:\/\/sistemasposcolombia.com\/tienda\/producto\/lector-omnidireccional-codigos-qr\/","og_site_name":"Sistemas POS Colombia","article_publisher":"https:\/\/www.facebook.com\/sistemasposcolombia","article_modified_time":"2026-05-16T23:58:28+00:00","og_image":[{"width":1080,"height":1080,"url":"https:\/\/sistemasposcolombia.com\/tienda\/wp-content\/uploads\/2026\/01\/Lector-de-Codigos-Omnidireccional-Jaltech-1024-1.webp","type":"image\/webp"}],"twitter_card":"summary_large_image","twitter_misc":{"Precio":"&#36;&nbsp;155.000","Disponibilidad":"Disponible"},"schema":{"@context":"https:\/\/schema.org","@graph":[{"@type":"WebPage","@id":"https:\/\/sistemasposcolombia.com\/tienda\/producto\/lector-omnidireccional-codigos-qr\/","url":"https:\/\/sistemasposcolombia.com\/tienda\/producto\/lector-omnidireccional-codigos-qr\/","name":"Lector Omnidireccional QR 2D - Sistemas POS Colombia","isPartOf":{"@id":"https:\/\/sistemasposcolombia.com\/tienda\/#website"},"primaryImageOfPage":{"@id":"https:\/\/sistemasposcolombia.com\/tienda\/producto\/lector-omnidireccional-codigos-qr\/#primaryimage"},"image":{"@id":"https:\/\/sistemasposcolombia.com\/tienda\/producto\/lector-omnidireccional-codigos-qr\/#primaryimage"},"thumbnailUrl":"https:\/\/sistemasposcolombia.com\/tienda\/wp-content\/uploads\/2026\/01\/Lector-de-Codigos-Omnidireccional-Jaltech-1024-1.webp","datePublished":"2025-04-22T20:56:14+00:00","dateModified":"2026-05-16T23:58:28+00:00","description":"Optimiza tu punto de venta con nuestro Lector Omnidireccional QR 2D. Escaneo r\u00e1pido y preciso para una experiencia de venta m\u00e1s eficiente y Omnidireccional.","breadcrumb":{"@id":"https:\/\/sistemasposcolombia.com\/tienda\/producto\/lector-omnidireccional-codigos-qr\/#breadcrumb"},"inLanguage":"es","potentialAction":[{"@type":"ReadAction","target":["https:\/\/sistemasposcolombia.com\/tienda\/producto\/lector-omnidireccional-codigos-qr\/"]}]},{"@type":"ImageObject","inLanguage":"es","@id":"https:\/\/sistemasposcolombia.com\/tienda\/producto\/lector-omnidireccional-codigos-qr\/#primaryimage","url":"https:\/\/sistemasposcolombia.com\/tienda\/wp-content\/uploads\/2026\/01\/Lector-de-Codigos-Omnidireccional-Jaltech-1024-1.webp","contentUrl":"https:\/\/sistemasposcolombia.com\/tienda\/wp-content\/uploads\/2026\/01\/Lector-de-Codigos-Omnidireccional-Jaltech-1024-1.webp","width":1080,"height":1080,"caption":"Lector Omnidireccional QR Jaltech Econ\u00f3mico"},{"@type":"BreadcrumbList","@id":"https:\/\/sistemasposcolombia.com\/tienda\/producto\/lector-omnidireccional-codigos-qr\/#breadcrumb","itemListElement":[{"@type":"ListItem","position":1,"name":"Portada","item":"https:\/\/sistemasposcolombia.com\/tienda\/"},{"@type":"ListItem","position":2,"name":"Tienda Oficial","item":"https:\/\/sistemasposcolombia.com\/tienda\/"},{"@type":"ListItem","position":3,"name":"Lector Omnidireccional de C\u00f3digos QR \/ 1D \/ 2D Jaltech Eco"}]},{"@type":"WebSite","@id":"https:\/\/sistemasposcolombia.com\/tienda\/#website","url":"https:\/\/sistemasposcolombia.com\/tienda\/","name":"Sistemas POS Colombia","description":"Tienda Oficial","publisher":{"@id":"https:\/\/sistemasposcolombia.com\/tienda\/#organization"},"potentialAction":[{"@type":"SearchAction","target":{"@type":"EntryPoint","urlTemplate":"https:\/\/sistemasposcolombia.com\/tienda\/?s={search_term_string}"},"query-input":{"@type":"PropertyValueSpecification","valueRequired":true,"valueName":"search_term_string"}}],"inLanguage":"es"},{"@type":"Organization","@id":"https:\/\/sistemasposcolombia.com\/tienda\/#organization","name":"Sistemas POS Colombia","url":"https:\/\/sistemasposcolombia.com\/tienda\/","logo":{"@type":"ImageObject","inLanguage":"es","@id":"https:\/\/sistemasposcolombia.com\/tienda\/#\/schema\/logo\/image\/","url":"https:\/\/sistemasposcolombia.com\/tienda\/wp-content\/uploads\/2025\/10\/Logo-Header.webp","contentUrl":"https:\/\/sistemasposcolombia.com\/tienda\/wp-content\/uploads\/2025\/10\/Logo-Header.webp","width":392,"height":192,"caption":"Sistemas POS Colombia"},"image":{"@id":"https:\/\/sistemasposcolombia.com\/tienda\/#\/schema\/logo\/image\/"},"sameAs":["https:\/\/www.facebook.com\/sistemasposcolombia","https:\/\/www.instagram.com\/sistemasposcolombia\/","https:\/\/www.youtube.com\/@sistemasposcolombia","https:\/\/sistemasposcolombia.com\/"]}]},"product_price_amount":"155000","product_price_currency":"COP","og_availability":"instock","product_availability":"instock","product_retailer_item_id":"LECTORJALOMNIECO","product_condition":"new"},"_links":{"self":[{"href":"https:\/\/sistemasposcolombia.com\/tienda\/wp-json\/wp\/v2\/product\/2421","targetHints":{"allow":["GET"]}}],"collection":[{"href":"https:\/\/sistemasposcolombia.com\/tienda\/wp-json\/wp\/v2\/product"}],"about":[{"href":"https:\/\/sistemasposcolombia.com\/tienda\/wp-json\/wp\/v2\/types\/product"}],"replies":[{"embeddable":true,"href":"https:\/\/sistemasposcolombia.com\/tienda\/wp-json\/wp\/v2\/comments?post=2421"}],"wp:featuredmedia":[{"embeddable":true,"href":"https:\/\/sistemasposcolombia.com\/tienda\/wp-json\/wp\/v2\/media\/4018"}],"wp:attachment":[{"href":"https:\/\/sistemasposcolombia.com\/tienda\/wp-json\/wp\/v2\/media?parent=2421"}],"wp:term":[{"taxonomy":"product_brand","embeddable":true,"href":"https:\/\/sistemasposcolombia.com\/tienda\/wp-json\/wp\/v2\/product_brand?post=2421"},{"taxonomy":"product_cat","embeddable":true,"href":"https:\/\/sistemasposcolombia.com\/tienda\/wp-json\/wp\/v2\/product_cat?post=2421"},{"taxonomy":"product_tag","embeddable":true,"href":"https:\/\/sistemasposcolombia.com\/tienda\/wp-json\/wp\/v2\/product_tag?post=2421"}],"curies":[{"name":"wp","href":"https:\/\/api.w.org\/{rel}","templated":true}]}}