{"id":228,"date":"2024-02-12T21:14:36","date_gmt":"2024-02-13T02:14:36","guid":{"rendered":"https:\/\/sistemasposcolombia.com\/tienda\/?post_type=product&#038;p=228"},"modified":"2026-05-11T21:12:49","modified_gmt":"2026-05-12T02:12:49","slug":"cajon-monedero-pos-mediano","status":"publish","type":"product","link":"https:\/\/sistemasposcolombia.com\/tienda\/producto\/cajon-monedero-pos-mediano\/","title":{"rendered":"Caj\u00f3n Monedero Mediano"},"content":{"rendered":"<p data-start=\"387\" data-end=\"633\">El <strong data-start=\"390\" data-end=\"412\">Caj\u00f3n POS Monedero<\/strong> econ\u00f3mico est\u00e1 dise\u00f1ado para optimizar la gesti\u00f3n de efectivo en todo tipo de negocio. Este <strong data-start=\"505\" data-end=\"527\">Caj\u00f3n Monedero POS<\/strong> permite organizar billetes y monedas de forma pr\u00e1ctica, segura y eficiente durante toda la jornada de trabajo.<\/p>\n<p data-start=\"635\" data-end=\"856\">Adem\u00e1s, su dise\u00f1o funcional facilita el control del dinero en el \u00e1rea de caja. Por lo tanto, este <strong data-start=\"733\" data-end=\"751\">Caj\u00f3n Monedero<\/strong> se convierte en una soluci\u00f3n confiable para comercios que buscan orden y seguridad en su punto de venta.<\/p>\n<h3 data-section-id=\"17yn8px\" data-start=\"858\" data-end=\"877\">Caracter\u00edsticas<\/h3>\n<ul>\n<li data-start=\"879\" data-end=\"1085\">4 espacios para billetes<\/li>\n<li data-start=\"879\" data-end=\"1085\">Compartimentos m\u00faltiples para monedas totalmente personalizables<\/li>\n<li data-start=\"879\" data-end=\"1085\">Conexi\u00f3n <strong data-start=\"982\" data-end=\"1009\">RJ11 a la impresora POS<\/strong> para apertura autom\u00e1tica del caj\u00f3n<\/li>\n<li data-start=\"879\" data-end=\"1085\">2 llaves codificadas de alta seguridad<\/li>\n<\/ul>\n<h3 data-section-id=\"mhdl51\" data-start=\"1299\" data-end=\"1317\">Funcionamiento<\/h3>\n<p data-start=\"1319\" data-end=\"1502\">Instalarlo es muy sencillo simplemente lo conectas a la impresora y ya, nuestro <strong data-start=\"1327\" data-end=\"1349\">Caj\u00f3n Monedero POS<\/strong> mediano est\u00e1 fabricado con materiales de alta calidad, por ello, ofrece resistencia y durabilidad para uso diario en diferentes entornos comerciales.<\/p>\n<p data-start=\"1504\" data-end=\"1720\">Adem\u00e1s, este <strong data-start=\"1517\" data-end=\"1533\">Monedero POS<\/strong> es compatible con sistemas de punto de venta que utilizan apertura mediante impresora. De esta manera, el <strong data-start=\"1640\" data-end=\"1653\">Caj\u00f3n POS<\/strong> se integra f\u00e1cilmente con cualquier sistema de facturaci\u00f3n de tu negocio.<\/p>\n<p data-start=\"1722\" data-end=\"1872\">Gracias a esto, el <strong data-start=\"1741\" data-end=\"1773\">Caj\u00f3n Monedero POS Econ\u00f3mico<\/strong> es una opci\u00f3n pr\u00e1ctica, y muy econ\u00f3mica para mejorar la organizaci\u00f3n, el control y la seguridad del dinero en caja.<\/p>\n<p style=\"text-align: center;\"><a href=\"https:\/\/sistemasposcolombia.com\/tienda\/reembolso_devoluciones\/\"><strong>GARANT\u00cdA 6 MESES<\/strong><\/a><\/p>\n","protected":false},"excerpt":{"rendered":"<p data-start=\"382\" data-end=\"420\">\ud83d\uded2 <strong data-start=\"385\" data-end=\"420\">Compra online directa y segura.<\/strong><\/p>\n<p data-start=\"422\" data-end=\"484\">\ud83d\udce6 <strong data-start=\"425\" data-end=\"484\">Producto disponible en inventario para env\u00edo inmediato.<\/strong><\/p>\n<p data-start=\"486\" data-end=\"583\">\ud83d\ude9a <strong data-start=\"489\" data-end=\"542\">Env\u00edo GRATIS disponible a gran parte de Colombia.<\/strong> <em data-start=\"543\" data-end=\"583\">(<a href=\"https:\/\/sistemasposcolombia.com\/tienda\/politica-de-envios\/\">Consulta t\u00e9rminos y condiciones aqu\u00ed<\/a>)<\/em><\/p>\n<p data-start=\"585\" data-end=\"622\">\ud83d\udd12 <strong data-start=\"588\" data-end=\"622\">Nuevo, sellado y con garant\u00eda.<\/strong><\/p>\n<ul>\n<li>4 Espacios para Billetes, m\u00faltiples espacios para monedas<\/li>\n<li>Met\u00e1lico de Alta Resistencia para Alto Flujo y Confiabilidad<\/li>\n<li>Compatible con Comandos ESC\/POS Conexi\u00f3n RJ11 a Impresora POS Para Apertura Digital Controlada<\/li>\n<li>Dimensiones 33CM de Frente, 35,5CM de Fondo, 10,5CM de Ancho (Gu\u00eda en Im\u00e1genes)<\/li>\n<li><a style=\"text-align: center;\" href=\"https:\/\/sistemasposcolombia.com\/tienda\/reembolso_devoluciones\/\"><strong>G<\/strong><\/a><strong><a href=\"https:\/\/sistemasposcolombia.com\/tienda\/reembolso_devoluciones\/\">arant\u00eda: 6 meses (Ver condiciones)<\/a><\/strong><\/li>\n<\/ul>\n","protected":false},"featured_media":3373,"comment_status":"open","ping_status":"closed","template":"","meta":[],"product_brand":[],"product_cat":[29],"product_tag":[],"class_list":{"0":"post-228","1":"product","2":"type-product","3":"status-publish","4":"has-post-thumbnail","6":"product_cat-cajones-monederos-para-pos-punto-de-pago","8":"first","9":"instock","10":"sale","11":"featured","12":"taxable","13":"shipping-taxable","14":"purchasable","15":"product-type-simple"},"composite_virtual":false,"composite_layout":"","composite_add_to_cart_form_location":"","composite_editable_in_cart":false,"composite_sold_individually_context":"","composite_shop_price_calc":"","composite_components":[],"composite_scenarios":[],"yoast_head":"<!-- This site is optimized with the Yoast SEO Premium plugin v26.2 (Yoast SEO v26.2) - https:\/\/yoast.com\/wordpress\/plugins\/seo\/ -->\n<title>Caj\u00f3n Monedero POS Mediano - Sistemas POS Colombia<\/title>\n<meta name=\"description\" content=\"Optimiza la gesti\u00f3n de efectivo en tu negocio con nuestro Caj\u00f3n Monedero POS Mediano, que ofrece seguridad, organizaci\u00f3n y durabilidad a muy bajo costo\" \/>\n<meta name=\"robots\" content=\"index, follow, max-snippet:-1, max-image-preview:large, max-video-preview:-1\" \/>\n<link rel=\"canonical\" href=\"https:\/\/sistemasposcolombia.com\/tienda\/producto\/cajon-monedero-pos-mediano\/\" \/>\n<meta property=\"og:locale\" content=\"es_ES\" \/>\n<meta property=\"og:type\" content=\"article\" \/>\n<meta property=\"og:title\" content=\"Caj\u00f3n Monedero Mediano\" \/>\n<meta property=\"og:description\" content=\"Optimiza la gesti\u00f3n de efectivo en tu negocio con nuestro Caj\u00f3n Monedero POS Mediano, que ofrece seguridad, organizaci\u00f3n y durabilidad a muy bajo costo\" \/>\n<meta property=\"og:url\" content=\"https:\/\/sistemasposcolombia.com\/tienda\/producto\/cajon-monedero-pos-mediano\/\" \/>\n<meta property=\"og:site_name\" content=\"Sistemas POS Colombia\" \/>\n<meta property=\"article:publisher\" content=\"https:\/\/www.facebook.com\/sistemasposcolombia\" \/>\n<meta property=\"article:modified_time\" content=\"2026-05-12T02:12:49+00:00\" \/>\n<meta property=\"og:image\" content=\"https:\/\/sistemasposcolombia.com\/tienda\/wp-content\/uploads\/2025\/10\/Cajon-Monedero-3-Bumen-Mediano-Regular-2.webp\" \/>\n\t<meta property=\"og:image:width\" content=\"1080\" \/>\n\t<meta property=\"og:image:height\" content=\"1080\" \/>\n\t<meta property=\"og:image:type\" content=\"image\/webp\" \/>\n<meta name=\"twitter:card\" content=\"summary_large_image\" \/>\n<meta name=\"twitter:label1\" content=\"Precio\" \/>\n\t<meta name=\"twitter:data1\" content=\"&#036;&nbsp;135.000\" \/>\n\t<meta name=\"twitter:label2\" content=\"Disponibilidad\" \/>\n\t<meta name=\"twitter:data2\" content=\"Disponible\" \/>\n<script type=\"application\/ld+json\" class=\"yoast-schema-graph\">{\"@context\":\"https:\/\/schema.org\",\"@graph\":[{\"@type\":\"WebPage\",\"@id\":\"https:\/\/sistemasposcolombia.com\/tienda\/producto\/cajon-monedero-pos-mediano\/\",\"url\":\"https:\/\/sistemasposcolombia.com\/tienda\/producto\/cajon-monedero-pos-mediano\/\",\"name\":\"Caj\u00f3n Monedero POS Mediano - Sistemas POS Colombia\",\"isPartOf\":{\"@id\":\"https:\/\/sistemasposcolombia.com\/tienda\/#website\"},\"primaryImageOfPage\":{\"@id\":\"https:\/\/sistemasposcolombia.com\/tienda\/producto\/cajon-monedero-pos-mediano\/#primaryimage\"},\"image\":{\"@id\":\"https:\/\/sistemasposcolombia.com\/tienda\/producto\/cajon-monedero-pos-mediano\/#primaryimage\"},\"thumbnailUrl\":\"https:\/\/sistemasposcolombia.com\/tienda\/wp-content\/uploads\/2025\/10\/Cajon-Monedero-3-Bumen-Mediano-Regular-2.webp\",\"datePublished\":\"2024-02-13T02:14:36+00:00\",\"dateModified\":\"2026-05-12T02:12:49+00:00\",\"description\":\"Optimiza la gesti\u00f3n de efectivo en tu negocio con nuestro Caj\u00f3n Monedero POS Mediano, que ofrece seguridad, organizaci\u00f3n y durabilidad a muy bajo costo\",\"breadcrumb\":{\"@id\":\"https:\/\/sistemasposcolombia.com\/tienda\/producto\/cajon-monedero-pos-mediano\/#breadcrumb\"},\"inLanguage\":\"es\",\"potentialAction\":[{\"@type\":\"ReadAction\",\"target\":[\"https:\/\/sistemasposcolombia.com\/tienda\/producto\/cajon-monedero-pos-mediano\/\"]}]},{\"@type\":\"ImageObject\",\"inLanguage\":\"es\",\"@id\":\"https:\/\/sistemasposcolombia.com\/tienda\/producto\/cajon-monedero-pos-mediano\/#primaryimage\",\"url\":\"https:\/\/sistemasposcolombia.com\/tienda\/wp-content\/uploads\/2025\/10\/Cajon-Monedero-3-Bumen-Mediano-Regular-2.webp\",\"contentUrl\":\"https:\/\/sistemasposcolombia.com\/tienda\/wp-content\/uploads\/2025\/10\/Cajon-Monedero-3-Bumen-Mediano-Regular-2.webp\",\"width\":1080,\"height\":1080,\"caption\":\"Cajon Monedero POS Punto de Venta 3Bumen Mediano\"},{\"@type\":\"BreadcrumbList\",\"@id\":\"https:\/\/sistemasposcolombia.com\/tienda\/producto\/cajon-monedero-pos-mediano\/#breadcrumb\",\"itemListElement\":[{\"@type\":\"ListItem\",\"position\":1,\"name\":\"Portada\",\"item\":\"https:\/\/sistemasposcolombia.com\/tienda\/\"},{\"@type\":\"ListItem\",\"position\":2,\"name\":\"Tienda Oficial\",\"item\":\"https:\/\/sistemasposcolombia.com\/tienda\/\"},{\"@type\":\"ListItem\",\"position\":3,\"name\":\"Caj\u00f3n Monedero Mediano\"}]},{\"@type\":\"WebSite\",\"@id\":\"https:\/\/sistemasposcolombia.com\/tienda\/#website\",\"url\":\"https:\/\/sistemasposcolombia.com\/tienda\/\",\"name\":\"Sistemas POS Colombia\",\"description\":\"Tienda Oficial\",\"publisher\":{\"@id\":\"https:\/\/sistemasposcolombia.com\/tienda\/#organization\"},\"potentialAction\":[{\"@type\":\"SearchAction\",\"target\":{\"@type\":\"EntryPoint\",\"urlTemplate\":\"https:\/\/sistemasposcolombia.com\/tienda\/?s={search_term_string}\"},\"query-input\":{\"@type\":\"PropertyValueSpecification\",\"valueRequired\":true,\"valueName\":\"search_term_string\"}}],\"inLanguage\":\"es\"},{\"@type\":\"Organization\",\"@id\":\"https:\/\/sistemasposcolombia.com\/tienda\/#organization\",\"name\":\"Sistemas POS Colombia\",\"url\":\"https:\/\/sistemasposcolombia.com\/tienda\/\",\"logo\":{\"@type\":\"ImageObject\",\"inLanguage\":\"es\",\"@id\":\"https:\/\/sistemasposcolombia.com\/tienda\/#\/schema\/logo\/image\/\",\"url\":\"https:\/\/sistemasposcolombia.com\/tienda\/wp-content\/uploads\/2025\/10\/Logo-Header.webp\",\"contentUrl\":\"https:\/\/sistemasposcolombia.com\/tienda\/wp-content\/uploads\/2025\/10\/Logo-Header.webp\",\"width\":392,\"height\":192,\"caption\":\"Sistemas POS Colombia\"},\"image\":{\"@id\":\"https:\/\/sistemasposcolombia.com\/tienda\/#\/schema\/logo\/image\/\"},\"sameAs\":[\"https:\/\/www.facebook.com\/sistemasposcolombia\",\"https:\/\/www.instagram.com\/sistemasposcolombia\/\",\"https:\/\/www.youtube.com\/@sistemasposcolombia\",\"https:\/\/sistemasposcolombia.com\/\"]}]}<\/script>\n<meta property=\"product:price:amount\" content=\"135000\" \/>\n<meta property=\"product:price:currency\" content=\"COP\" \/>\n<meta property=\"og:availability\" content=\"instock\" \/>\n<meta property=\"product:availability\" content=\"instock\" \/>\n<meta property=\"product:condition\" content=\"new\" \/>\n<!-- \/ Yoast SEO Premium plugin. -->","yoast_head_json":{"title":"Caj\u00f3n Monedero POS Mediano - Sistemas POS Colombia","description":"Optimiza la gesti\u00f3n de efectivo en tu negocio con nuestro Caj\u00f3n Monedero POS Mediano, que ofrece seguridad, organizaci\u00f3n y durabilidad a muy bajo costo","robots":{"index":"index","follow":"follow","max-snippet":"max-snippet:-1","max-image-preview":"max-image-preview:large","max-video-preview":"max-video-preview:-1"},"canonical":"https:\/\/sistemasposcolombia.com\/tienda\/producto\/cajon-monedero-pos-mediano\/","og_locale":"es_ES","og_type":"article","og_title":"Caj\u00f3n Monedero Mediano","og_description":"Optimiza la gesti\u00f3n de efectivo en tu negocio con nuestro Caj\u00f3n Monedero POS Mediano, que ofrece seguridad, organizaci\u00f3n y durabilidad a muy bajo costo","og_url":"https:\/\/sistemasposcolombia.com\/tienda\/producto\/cajon-monedero-pos-mediano\/","og_site_name":"Sistemas POS Colombia","article_publisher":"https:\/\/www.facebook.com\/sistemasposcolombia","article_modified_time":"2026-05-12T02:12:49+00:00","og_image":[{"width":1080,"height":1080,"url":"https:\/\/sistemasposcolombia.com\/tienda\/wp-content\/uploads\/2025\/10\/Cajon-Monedero-3-Bumen-Mediano-Regular-2.webp","type":"image\/webp"}],"twitter_card":"summary_large_image","twitter_misc":{"Precio":"&#36;&nbsp;135.000","Disponibilidad":"Disponible"},"schema":{"@context":"https:\/\/schema.org","@graph":[{"@type":"WebPage","@id":"https:\/\/sistemasposcolombia.com\/tienda\/producto\/cajon-monedero-pos-mediano\/","url":"https:\/\/sistemasposcolombia.com\/tienda\/producto\/cajon-monedero-pos-mediano\/","name":"Caj\u00f3n Monedero POS Mediano - Sistemas POS Colombia","isPartOf":{"@id":"https:\/\/sistemasposcolombia.com\/tienda\/#website"},"primaryImageOfPage":{"@id":"https:\/\/sistemasposcolombia.com\/tienda\/producto\/cajon-monedero-pos-mediano\/#primaryimage"},"image":{"@id":"https:\/\/sistemasposcolombia.com\/tienda\/producto\/cajon-monedero-pos-mediano\/#primaryimage"},"thumbnailUrl":"https:\/\/sistemasposcolombia.com\/tienda\/wp-content\/uploads\/2025\/10\/Cajon-Monedero-3-Bumen-Mediano-Regular-2.webp","datePublished":"2024-02-13T02:14:36+00:00","dateModified":"2026-05-12T02:12:49+00:00","description":"Optimiza la gesti\u00f3n de efectivo en tu negocio con nuestro Caj\u00f3n Monedero POS Mediano, que ofrece seguridad, organizaci\u00f3n y durabilidad a muy bajo costo","breadcrumb":{"@id":"https:\/\/sistemasposcolombia.com\/tienda\/producto\/cajon-monedero-pos-mediano\/#breadcrumb"},"inLanguage":"es","potentialAction":[{"@type":"ReadAction","target":["https:\/\/sistemasposcolombia.com\/tienda\/producto\/cajon-monedero-pos-mediano\/"]}]},{"@type":"ImageObject","inLanguage":"es","@id":"https:\/\/sistemasposcolombia.com\/tienda\/producto\/cajon-monedero-pos-mediano\/#primaryimage","url":"https:\/\/sistemasposcolombia.com\/tienda\/wp-content\/uploads\/2025\/10\/Cajon-Monedero-3-Bumen-Mediano-Regular-2.webp","contentUrl":"https:\/\/sistemasposcolombia.com\/tienda\/wp-content\/uploads\/2025\/10\/Cajon-Monedero-3-Bumen-Mediano-Regular-2.webp","width":1080,"height":1080,"caption":"Cajon Monedero POS Punto de Venta 3Bumen Mediano"},{"@type":"BreadcrumbList","@id":"https:\/\/sistemasposcolombia.com\/tienda\/producto\/cajon-monedero-pos-mediano\/#breadcrumb","itemListElement":[{"@type":"ListItem","position":1,"name":"Portada","item":"https:\/\/sistemasposcolombia.com\/tienda\/"},{"@type":"ListItem","position":2,"name":"Tienda Oficial","item":"https:\/\/sistemasposcolombia.com\/tienda\/"},{"@type":"ListItem","position":3,"name":"Caj\u00f3n Monedero Mediano"}]},{"@type":"WebSite","@id":"https:\/\/sistemasposcolombia.com\/tienda\/#website","url":"https:\/\/sistemasposcolombia.com\/tienda\/","name":"Sistemas POS Colombia","description":"Tienda Oficial","publisher":{"@id":"https:\/\/sistemasposcolombia.com\/tienda\/#organization"},"potentialAction":[{"@type":"SearchAction","target":{"@type":"EntryPoint","urlTemplate":"https:\/\/sistemasposcolombia.com\/tienda\/?s={search_term_string}"},"query-input":{"@type":"PropertyValueSpecification","valueRequired":true,"valueName":"search_term_string"}}],"inLanguage":"es"},{"@type":"Organization","@id":"https:\/\/sistemasposcolombia.com\/tienda\/#organization","name":"Sistemas POS Colombia","url":"https:\/\/sistemasposcolombia.com\/tienda\/","logo":{"@type":"ImageObject","inLanguage":"es","@id":"https:\/\/sistemasposcolombia.com\/tienda\/#\/schema\/logo\/image\/","url":"https:\/\/sistemasposcolombia.com\/tienda\/wp-content\/uploads\/2025\/10\/Logo-Header.webp","contentUrl":"https:\/\/sistemasposcolombia.com\/tienda\/wp-content\/uploads\/2025\/10\/Logo-Header.webp","width":392,"height":192,"caption":"Sistemas POS Colombia"},"image":{"@id":"https:\/\/sistemasposcolombia.com\/tienda\/#\/schema\/logo\/image\/"},"sameAs":["https:\/\/www.facebook.com\/sistemasposcolombia","https:\/\/www.instagram.com\/sistemasposcolombia\/","https:\/\/www.youtube.com\/@sistemasposcolombia","https:\/\/sistemasposcolombia.com\/"]}]},"product_price_amount":"135000","product_price_currency":"COP","og_availability":"instock","product_availability":"instock","product_condition":"new"},"_links":{"self":[{"href":"https:\/\/sistemasposcolombia.com\/tienda\/wp-json\/wp\/v2\/product\/228","targetHints":{"allow":["GET"]}}],"collection":[{"href":"https:\/\/sistemasposcolombia.com\/tienda\/wp-json\/wp\/v2\/product"}],"about":[{"href":"https:\/\/sistemasposcolombia.com\/tienda\/wp-json\/wp\/v2\/types\/product"}],"replies":[{"embeddable":true,"href":"https:\/\/sistemasposcolombia.com\/tienda\/wp-json\/wp\/v2\/comments?post=228"}],"wp:featuredmedia":[{"embeddable":true,"href":"https:\/\/sistemasposcolombia.com\/tienda\/wp-json\/wp\/v2\/media\/3373"}],"wp:attachment":[{"href":"https:\/\/sistemasposcolombia.com\/tienda\/wp-json\/wp\/v2\/media?parent=228"}],"wp:term":[{"taxonomy":"product_brand","embeddable":true,"href":"https:\/\/sistemasposcolombia.com\/tienda\/wp-json\/wp\/v2\/product_brand?post=228"},{"taxonomy":"product_cat","embeddable":true,"href":"https:\/\/sistemasposcolombia.com\/tienda\/wp-json\/wp\/v2\/product_cat?post=228"},{"taxonomy":"product_tag","embeddable":true,"href":"https:\/\/sistemasposcolombia.com\/tienda\/wp-json\/wp\/v2\/product_tag?post=228"}],"curies":[{"name":"wp","href":"https:\/\/api.w.org\/{rel}","templated":true}]}}