{"id":208,"date":"2024-02-12T14:38:52","date_gmt":"2024-02-12T19:38:52","guid":{"rendered":"https:\/\/sistemasposcolombia.com\/tienda\/?post_type=product&#038;p=208"},"modified":"2026-04-01T12:25:04","modified_gmt":"2026-04-01T17:25:04","slug":"sistema-pos-punto-de-venta-economico-tiny","status":"publish","type":"product","link":"https:\/\/sistemasposcolombia.com\/tienda\/producto\/sistema-pos-punto-de-venta-economico-tiny\/","title":{"rendered":"Sistema POS Punto de Venta Completo Econ\u00f3mico Tiny"},"content":{"rendered":"<p>Nuestro Sistema facturaci\u00f3n POS econ\u00f3mico y completo facilita la venta de todo tipo de productos en tu negocio, optimizandolo con esta oferta \u00fanica que combina tecnolog\u00eda de calidad y un Sistema Operativo Moderno, para mejorar la eficiencia de tus ventas y requisitos de facturaci\u00f3n electr\u00f3nica.<\/p>\n<p style=\"text-align: center;\"><strong>CONTENIDO Y ESPECIFICACIONES<\/strong><\/p>\n<ul>\n<li><strong>PANTALLA LED 22&#8243; (NUEVA) <\/strong>Especializada para POS, Wide Screen FULL HD Con Filtro de Protecci\u00f3n Ocular.<\/li>\n<li><strong>CPU TINY (USADA)<\/strong> Experimenta la eficiencia con nuestro dise\u00f1o compacto pero potente. Equipado con un procesador Intel Core i5x64, 8GB de RAM DDR3 y un disco duro de 240GB en Estado S\u00f3lido, Incluye Windows 11 PRO Corporativo, garantizando un inicio y carga del Sistema Operativo en segundos.<\/li>\n<li><strong>CAJ\u00d3N MONEDERO (NUEVO)<\/strong>\u00a0Eligelo de Acuerdo a tu Gusto y Necesidades<\/li>\n<li><strong>IMPRESORA TICKETS (NUEVA)<\/strong>\u00a0Eligela de Acuerdo a tu Gusto y Necesidades<\/li>\n<li><strong>LECTOR C\u00d3DIGOS DE BARRAS (NUEVO)<\/strong>\u00a0De Acuerdo a Elecci\u00f3n o Sin el, si lo deseas<\/li>\n<li><strong>OBSEQUIOS<\/strong> Teclado, mouse, cables, extras revisar secci\u00f3n obsequios<\/li>\n<\/ul>\n<p><strong>Instalaci\u00f3n Sencilla<\/strong>, Instalar tu Sistema de Facturaci\u00f3n POS Econ\u00f3mico es muy sencillo. Todo viene listo para usar, pre instalado, y pre configurado, es solo conectar y listo.<\/p>\n<p style=\"text-align: center;\"><strong><span style=\"font-size: 20px;\">\u2b07\ufe0f\u2b07\ufe0f\u2b07\ufe0f \ud83d\ude80 Configura tu Sistema POS Completo a continuaci\u00f3n \u2b07\ufe0f\u2b07\ufe0f\u2b07\ufe0f<\/span><\/strong><\/p>\n","protected":false},"excerpt":{"rendered":"<p data-start=\"382\" data-end=\"420\">\ud83d\uded2\u00a0<strong data-start=\"385\" data-end=\"420\">Compra online directa y segura.<\/strong><\/p>\n<p data-start=\"422\" data-end=\"484\">\ud83d\udce6 <strong data-start=\"425\" data-end=\"484\">Producto disponible, con tiempo de ENVIO de 2 a 4 d\u00edas h\u00e1biles\u00a0<\/strong><\/p>\n<p data-start=\"486\" data-end=\"583\">\ud83d\ude9a\u00a0<strong data-start=\"489\" data-end=\"542\">Env\u00edo Gratis disponible a gran parte de Colombia.<\/strong>\u00a0<em data-start=\"543\" data-end=\"583\">\u00a0(<a href=\"https:\/\/sistemasposcolombia.com\/tienda\/politica-de-envios\/\">Consulta aqu\u00ed t\u00e9rminos y condiciones<\/a>)<\/em><\/p>\n<ul>\n<li>Completo con Pantalla LED 22 Pulgadas\u00a0<strong>Nueva<\/strong>, CPU Tiny (Usada) con Intel Core i5 8GB RAM, Disco Duro en Estado S\u00f3lido de 240GB, Cajon Monedero, Impresora a elecci\u00f3n, Lector de C\u00f3digos de Barras Opcional, algunas aplicaciones adicionales comerciales de cortes\u00eda, revisa\u00a0la ficha obsequios para detalles<\/li>\n<li><a href=\"https:\/\/sistemasposcolombia.com\/tienda\/reembolso_devoluciones\/\"><strong>GARANT\u00cdA 6 MESES<\/strong><\/a><\/li>\n<\/ul>\n","protected":false},"featured_media":3543,"comment_status":"open","ping_status":"closed","template":"","meta":[],"product_brand":[],"product_cat":[22],"product_tag":[],"class_list":{"0":"post-208","1":"product","2":"type-product","3":"status-publish","4":"has-post-thumbnail","6":"product_cat-sistemas-pos-completos","8":"first","9":"instock","10":"sale","11":"sold-individually","12":"taxable","13":"shipping-taxable","14":"purchasable","15":"product-type-composite"},"composite_virtual":false,"composite_layout":"single","composite_add_to_cart_form_location":"after_summary","composite_editable_in_cart":true,"composite_sold_individually_context":"product","composite_shop_price_calc":"defaults","composite_components":[{"id":"1769022569","title":"EQUIPO PARA POS TINY CON PANTALLA LED 22&quot; (NO TACTIL)","description":"","query_type":"product_ids","query_ids":[1251],"default_option_id":1251,"thumbnail_id":"","thumbnail_src":"","quantity_min":1,"quantity_max":1,"priced_individually":true,"shipped_individually":true,"optional":false,"discount":2.5454544999999999532747096964158117771148681640625,"options_style":"dropdowns","pagination_style":"classic","display_prices":"absolute","show_sorting_options":false,"show_filtering_options":false,"attribute_filter_ids":[],"select_action":"view","product_title_visible":true,"product_descr_visible":true,"product_price_visible":true,"product_thumb_visible":true,"subtotal_visible_product":true,"subtotal_visible_cart":true,"subtotal_visible_orders":true},{"id":"1769018444","title":"SELECCIONA CAJ\u00d3N MONEDERO A TU GUSTO","description":"","query_type":"product_ids","query_ids":[223,1985,4055,228],"default_option_id":228,"thumbnail_id":"","thumbnail_src":"","quantity_min":1,"quantity_max":1,"priced_individually":true,"shipped_individually":true,"optional":false,"discount":"","options_style":"dropdowns","pagination_style":"classic","display_prices":"absolute","show_sorting_options":false,"show_filtering_options":false,"attribute_filter_ids":[],"select_action":"view","product_title_visible":true,"product_descr_visible":true,"product_price_visible":true,"product_thumb_visible":true,"subtotal_visible_product":true,"subtotal_visible_cart":true,"subtotal_visible_orders":true},{"id":"1769018445","title":"SELECCIONA IMPRESORA A TU GUSTO","description":"","query_type":"product_ids","query_ids":[267,3217,235,4088],"default_option_id":4088,"thumbnail_id":"","thumbnail_src":"","quantity_min":1,"quantity_max":1,"priced_individually":true,"shipped_individually":true,"optional":false,"discount":"","options_style":"dropdowns","pagination_style":"classic","display_prices":"absolute","show_sorting_options":false,"show_filtering_options":false,"attribute_filter_ids":[],"select_action":"view","product_title_visible":true,"product_descr_visible":true,"product_price_visible":true,"product_thumb_visible":true,"subtotal_visible_product":true,"subtotal_visible_cart":true,"subtotal_visible_orders":true},{"id":"1769018446","title":"SELECCIONA TIPO DE LECTOR DE C\u00d3DIGOS O SIN \u00c9L","description":"","query_type":"product_ids","query_ids":[1072,2421],"default_option_id":1072,"thumbnail_id":"","thumbnail_src":"","quantity_min":1,"quantity_max":1,"priced_individually":true,"shipped_individually":true,"optional":true,"discount":"","options_style":"dropdowns","pagination_style":"classic","display_prices":"absolute","show_sorting_options":false,"show_filtering_options":false,"attribute_filter_ids":[],"select_action":"view","product_title_visible":true,"product_descr_visible":true,"product_price_visible":true,"product_thumb_visible":true,"subtotal_visible_product":true,"subtotal_visible_cart":true,"subtotal_visible_orders":true}],"composite_scenarios":[],"yoast_head":"<!-- This site is optimized with the Yoast SEO Premium plugin v26.2 (Yoast SEO v26.2) - https:\/\/yoast.com\/wordpress\/plugins\/seo\/ -->\n<title>Sistema Facturaci\u00f3n POS Econ\u00f3mico Completo - Sistemas POS Colombia<\/title>\n<meta name=\"description\" content=\"Sistema facturaci\u00f3n POS econ\u00f3mico y completo, de facil uso econ\u00f3mico en precio y tiempo gracias a su alto rendimiento para POS y facturaci\u00f3n electr\u00f3nica.\" \/>\n<meta name=\"robots\" content=\"index, follow, max-snippet:-1, max-image-preview:large, max-video-preview:-1\" \/>\n<link rel=\"canonical\" href=\"https:\/\/sistemasposcolombia.com\/tienda\/producto\/sistema-pos-punto-de-venta-economico-tiny\/\" \/>\n<meta property=\"og:locale\" content=\"es_ES\" \/>\n<meta property=\"og:type\" content=\"article\" \/>\n<meta property=\"og:title\" content=\"Sistema POS Punto de Venta Completo Econ\u00f3mico Tiny\" \/>\n<meta property=\"og:description\" content=\"Sistema facturaci\u00f3n POS econ\u00f3mico y completo, de facil uso econ\u00f3mico en precio y tiempo gracias a su alto rendimiento para POS y facturaci\u00f3n electr\u00f3nica.\" \/>\n<meta property=\"og:url\" content=\"https:\/\/sistemasposcolombia.com\/tienda\/producto\/sistema-pos-punto-de-venta-economico-tiny\/\" \/>\n<meta property=\"og:site_name\" content=\"Sistemas POS Colombia\" \/>\n<meta property=\"article:publisher\" content=\"https:\/\/www.facebook.com\/sistemasposcolombia\" \/>\n<meta property=\"article:modified_time\" content=\"2026-04-01T17:25:04+00:00\" \/>\n<meta property=\"og:image\" content=\"https:\/\/sistemasposcolombia.com\/tienda\/wp-content\/uploads\/2025\/11\/Con-Pistola-2.webp\" \/>\n\t<meta property=\"og:image:width\" content=\"1080\" \/>\n\t<meta property=\"og:image:height\" content=\"1080\" \/>\n\t<meta property=\"og:image:type\" content=\"image\/webp\" \/>\n<meta name=\"twitter:card\" content=\"summary_large_image\" \/>\n<meta name=\"twitter:label1\" content=\"Precio\" \/>\n\t<meta name=\"twitter:data1\" content=\"&#036;&nbsp;0\" \/>\n\t<meta name=\"twitter:label2\" content=\"Disponibilidad\" \/>\n\t<meta name=\"twitter:data2\" content=\"Disponible\" \/>\n<script type=\"application\/ld+json\" class=\"yoast-schema-graph\">{\"@context\":\"https:\/\/schema.org\",\"@graph\":[{\"@type\":\"WebPage\",\"@id\":\"https:\/\/sistemasposcolombia.com\/tienda\/producto\/sistema-pos-punto-de-venta-economico-tiny\/\",\"url\":\"https:\/\/sistemasposcolombia.com\/tienda\/producto\/sistema-pos-punto-de-venta-economico-tiny\/\",\"name\":\"Sistema Facturaci\u00f3n POS Econ\u00f3mico Completo - Sistemas POS Colombia\",\"isPartOf\":{\"@id\":\"https:\/\/sistemasposcolombia.com\/tienda\/#website\"},\"primaryImageOfPage\":{\"@id\":\"https:\/\/sistemasposcolombia.com\/tienda\/producto\/sistema-pos-punto-de-venta-economico-tiny\/#primaryimage\"},\"image\":{\"@id\":\"https:\/\/sistemasposcolombia.com\/tienda\/producto\/sistema-pos-punto-de-venta-economico-tiny\/#primaryimage\"},\"thumbnailUrl\":\"https:\/\/sistemasposcolombia.com\/tienda\/wp-content\/uploads\/2025\/11\/Con-Pistola-2.webp\",\"datePublished\":\"2024-02-12T19:38:52+00:00\",\"dateModified\":\"2026-04-01T17:25:04+00:00\",\"description\":\"Sistema facturaci\u00f3n POS econ\u00f3mico y completo, de facil uso econ\u00f3mico en precio y tiempo gracias a su alto rendimiento para POS y facturaci\u00f3n electr\u00f3nica.\",\"breadcrumb\":{\"@id\":\"https:\/\/sistemasposcolombia.com\/tienda\/producto\/sistema-pos-punto-de-venta-economico-tiny\/#breadcrumb\"},\"inLanguage\":\"es\",\"potentialAction\":[{\"@type\":\"ReadAction\",\"target\":[\"https:\/\/sistemasposcolombia.com\/tienda\/producto\/sistema-pos-punto-de-venta-economico-tiny\/\"]}]},{\"@type\":\"ImageObject\",\"inLanguage\":\"es\",\"@id\":\"https:\/\/sistemasposcolombia.com\/tienda\/producto\/sistema-pos-punto-de-venta-economico-tiny\/#primaryimage\",\"url\":\"https:\/\/sistemasposcolombia.com\/tienda\/wp-content\/uploads\/2025\/11\/Con-Pistola-2.webp\",\"contentUrl\":\"https:\/\/sistemasposcolombia.com\/tienda\/wp-content\/uploads\/2025\/11\/Con-Pistola-2.webp\",\"width\":1080,\"height\":1080,\"caption\":\"Sistema POS Punto de Venta Super Econ\u00f3mico\"},{\"@type\":\"BreadcrumbList\",\"@id\":\"https:\/\/sistemasposcolombia.com\/tienda\/producto\/sistema-pos-punto-de-venta-economico-tiny\/#breadcrumb\",\"itemListElement\":[{\"@type\":\"ListItem\",\"position\":1,\"name\":\"Portada\",\"item\":\"https:\/\/sistemasposcolombia.com\/tienda\/\"},{\"@type\":\"ListItem\",\"position\":2,\"name\":\"Tienda Oficial\",\"item\":\"https:\/\/sistemasposcolombia.com\/tienda\/\"},{\"@type\":\"ListItem\",\"position\":3,\"name\":\"Sistema POS Punto de Venta Completo Econ\u00f3mico Tiny\"}]},{\"@type\":\"WebSite\",\"@id\":\"https:\/\/sistemasposcolombia.com\/tienda\/#website\",\"url\":\"https:\/\/sistemasposcolombia.com\/tienda\/\",\"name\":\"Sistemas POS Colombia\",\"description\":\"Tienda Oficial\",\"publisher\":{\"@id\":\"https:\/\/sistemasposcolombia.com\/tienda\/#organization\"},\"potentialAction\":[{\"@type\":\"SearchAction\",\"target\":{\"@type\":\"EntryPoint\",\"urlTemplate\":\"https:\/\/sistemasposcolombia.com\/tienda\/?s={search_term_string}\"},\"query-input\":{\"@type\":\"PropertyValueSpecification\",\"valueRequired\":true,\"valueName\":\"search_term_string\"}}],\"inLanguage\":\"es\"},{\"@type\":\"Organization\",\"@id\":\"https:\/\/sistemasposcolombia.com\/tienda\/#organization\",\"name\":\"Sistemas POS Colombia\",\"url\":\"https:\/\/sistemasposcolombia.com\/tienda\/\",\"logo\":{\"@type\":\"ImageObject\",\"inLanguage\":\"es\",\"@id\":\"https:\/\/sistemasposcolombia.com\/tienda\/#\/schema\/logo\/image\/\",\"url\":\"https:\/\/sistemasposcolombia.com\/tienda\/wp-content\/uploads\/2025\/10\/Logo-Header.webp\",\"contentUrl\":\"https:\/\/sistemasposcolombia.com\/tienda\/wp-content\/uploads\/2025\/10\/Logo-Header.webp\",\"width\":392,\"height\":192,\"caption\":\"Sistemas POS Colombia\"},\"image\":{\"@id\":\"https:\/\/sistemasposcolombia.com\/tienda\/#\/schema\/logo\/image\/\"},\"sameAs\":[\"https:\/\/www.facebook.com\/sistemasposcolombia\",\"https:\/\/www.instagram.com\/sistemasposcolombia\/\",\"https:\/\/www.youtube.com\/@sistemasposcolombia\",\"https:\/\/sistemasposcolombia.com\/\"]}]}<\/script>\n<meta property=\"product:price:amount\" content=\"0\" \/>\n<meta property=\"product:price:currency\" content=\"COP\" \/>\n<meta property=\"og:availability\" content=\"instock\" \/>\n<meta property=\"product:availability\" content=\"instock\" \/>\n<meta property=\"product:condition\" content=\"new\" \/>\n<!-- \/ Yoast SEO Premium plugin. -->","yoast_head_json":{"title":"Sistema Facturaci\u00f3n POS Econ\u00f3mico Completo - Sistemas POS Colombia","description":"Sistema facturaci\u00f3n POS econ\u00f3mico y completo, de facil uso econ\u00f3mico en precio y tiempo gracias a su alto rendimiento para POS y facturaci\u00f3n electr\u00f3nica.","robots":{"index":"index","follow":"follow","max-snippet":"max-snippet:-1","max-image-preview":"max-image-preview:large","max-video-preview":"max-video-preview:-1"},"canonical":"https:\/\/sistemasposcolombia.com\/tienda\/producto\/sistema-pos-punto-de-venta-economico-tiny\/","og_locale":"es_ES","og_type":"article","og_title":"Sistema POS Punto de Venta Completo Econ\u00f3mico Tiny","og_description":"Sistema facturaci\u00f3n POS econ\u00f3mico y completo, de facil uso econ\u00f3mico en precio y tiempo gracias a su alto rendimiento para POS y facturaci\u00f3n electr\u00f3nica.","og_url":"https:\/\/sistemasposcolombia.com\/tienda\/producto\/sistema-pos-punto-de-venta-economico-tiny\/","og_site_name":"Sistemas POS Colombia","article_publisher":"https:\/\/www.facebook.com\/sistemasposcolombia","article_modified_time":"2026-04-01T17:25:04+00:00","og_image":[{"width":1080,"height":1080,"url":"https:\/\/sistemasposcolombia.com\/tienda\/wp-content\/uploads\/2025\/11\/Con-Pistola-2.webp","type":"image\/webp"}],"twitter_card":"summary_large_image","twitter_misc":{"Precio":"&#36;&nbsp;0","Disponibilidad":"Disponible"},"schema":{"@context":"https:\/\/schema.org","@graph":[{"@type":"WebPage","@id":"https:\/\/sistemasposcolombia.com\/tienda\/producto\/sistema-pos-punto-de-venta-economico-tiny\/","url":"https:\/\/sistemasposcolombia.com\/tienda\/producto\/sistema-pos-punto-de-venta-economico-tiny\/","name":"Sistema Facturaci\u00f3n POS Econ\u00f3mico Completo - Sistemas POS Colombia","isPartOf":{"@id":"https:\/\/sistemasposcolombia.com\/tienda\/#website"},"primaryImageOfPage":{"@id":"https:\/\/sistemasposcolombia.com\/tienda\/producto\/sistema-pos-punto-de-venta-economico-tiny\/#primaryimage"},"image":{"@id":"https:\/\/sistemasposcolombia.com\/tienda\/producto\/sistema-pos-punto-de-venta-economico-tiny\/#primaryimage"},"thumbnailUrl":"https:\/\/sistemasposcolombia.com\/tienda\/wp-content\/uploads\/2025\/11\/Con-Pistola-2.webp","datePublished":"2024-02-12T19:38:52+00:00","dateModified":"2026-04-01T17:25:04+00:00","description":"Sistema facturaci\u00f3n POS econ\u00f3mico y completo, de facil uso econ\u00f3mico en precio y tiempo gracias a su alto rendimiento para POS y facturaci\u00f3n electr\u00f3nica.","breadcrumb":{"@id":"https:\/\/sistemasposcolombia.com\/tienda\/producto\/sistema-pos-punto-de-venta-economico-tiny\/#breadcrumb"},"inLanguage":"es","potentialAction":[{"@type":"ReadAction","target":["https:\/\/sistemasposcolombia.com\/tienda\/producto\/sistema-pos-punto-de-venta-economico-tiny\/"]}]},{"@type":"ImageObject","inLanguage":"es","@id":"https:\/\/sistemasposcolombia.com\/tienda\/producto\/sistema-pos-punto-de-venta-economico-tiny\/#primaryimage","url":"https:\/\/sistemasposcolombia.com\/tienda\/wp-content\/uploads\/2025\/11\/Con-Pistola-2.webp","contentUrl":"https:\/\/sistemasposcolombia.com\/tienda\/wp-content\/uploads\/2025\/11\/Con-Pistola-2.webp","width":1080,"height":1080,"caption":"Sistema POS Punto de Venta Super Econ\u00f3mico"},{"@type":"BreadcrumbList","@id":"https:\/\/sistemasposcolombia.com\/tienda\/producto\/sistema-pos-punto-de-venta-economico-tiny\/#breadcrumb","itemListElement":[{"@type":"ListItem","position":1,"name":"Portada","item":"https:\/\/sistemasposcolombia.com\/tienda\/"},{"@type":"ListItem","position":2,"name":"Tienda Oficial","item":"https:\/\/sistemasposcolombia.com\/tienda\/"},{"@type":"ListItem","position":3,"name":"Sistema POS Punto de Venta Completo Econ\u00f3mico Tiny"}]},{"@type":"WebSite","@id":"https:\/\/sistemasposcolombia.com\/tienda\/#website","url":"https:\/\/sistemasposcolombia.com\/tienda\/","name":"Sistemas POS Colombia","description":"Tienda Oficial","publisher":{"@id":"https:\/\/sistemasposcolombia.com\/tienda\/#organization"},"potentialAction":[{"@type":"SearchAction","target":{"@type":"EntryPoint","urlTemplate":"https:\/\/sistemasposcolombia.com\/tienda\/?s={search_term_string}"},"query-input":{"@type":"PropertyValueSpecification","valueRequired":true,"valueName":"search_term_string"}}],"inLanguage":"es"},{"@type":"Organization","@id":"https:\/\/sistemasposcolombia.com\/tienda\/#organization","name":"Sistemas POS Colombia","url":"https:\/\/sistemasposcolombia.com\/tienda\/","logo":{"@type":"ImageObject","inLanguage":"es","@id":"https:\/\/sistemasposcolombia.com\/tienda\/#\/schema\/logo\/image\/","url":"https:\/\/sistemasposcolombia.com\/tienda\/wp-content\/uploads\/2025\/10\/Logo-Header.webp","contentUrl":"https:\/\/sistemasposcolombia.com\/tienda\/wp-content\/uploads\/2025\/10\/Logo-Header.webp","width":392,"height":192,"caption":"Sistemas POS Colombia"},"image":{"@id":"https:\/\/sistemasposcolombia.com\/tienda\/#\/schema\/logo\/image\/"},"sameAs":["https:\/\/www.facebook.com\/sistemasposcolombia","https:\/\/www.instagram.com\/sistemasposcolombia\/","https:\/\/www.youtube.com\/@sistemasposcolombia","https:\/\/sistemasposcolombia.com\/"]}]},"product_price_currency":"COP","og_availability":"instock","product_availability":"instock","product_condition":"new"},"_links":{"self":[{"href":"https:\/\/sistemasposcolombia.com\/tienda\/wp-json\/wp\/v2\/product\/208","targetHints":{"allow":["GET"]}}],"collection":[{"href":"https:\/\/sistemasposcolombia.com\/tienda\/wp-json\/wp\/v2\/product"}],"about":[{"href":"https:\/\/sistemasposcolombia.com\/tienda\/wp-json\/wp\/v2\/types\/product"}],"replies":[{"embeddable":true,"href":"https:\/\/sistemasposcolombia.com\/tienda\/wp-json\/wp\/v2\/comments?post=208"}],"wp:featuredmedia":[{"embeddable":true,"href":"https:\/\/sistemasposcolombia.com\/tienda\/wp-json\/wp\/v2\/media\/3543"}],"wp:attachment":[{"href":"https:\/\/sistemasposcolombia.com\/tienda\/wp-json\/wp\/v2\/media?parent=208"}],"wp:term":[{"taxonomy":"product_brand","embeddable":true,"href":"https:\/\/sistemasposcolombia.com\/tienda\/wp-json\/wp\/v2\/product_brand?post=208"},{"taxonomy":"product_cat","embeddable":true,"href":"https:\/\/sistemasposcolombia.com\/tienda\/wp-json\/wp\/v2\/product_cat?post=208"},{"taxonomy":"product_tag","embeddable":true,"href":"https:\/\/sistemasposcolombia.com\/tienda\/wp-json\/wp\/v2\/product_tag?post=208"}],"curies":[{"name":"wp","href":"https:\/\/api.w.org\/{rel}","templated":true}]}}