{"id":170,"date":"2024-02-11T19:19:39","date_gmt":"2024-02-12T00:19:39","guid":{"rendered":"https:\/\/sistemasposcolombia.com\/tienda\/?post_type=product&#038;p=170"},"modified":"2026-04-28T14:48:38","modified_gmt":"2026-04-28T19:48:38","slug":"sistema-pos-punto-de-venta-completo-todo-en-uno","status":"publish","type":"product","link":"https:\/\/sistemasposcolombia.com\/tienda\/producto\/sistema-pos-punto-de-venta-completo-todo-en-uno\/","title":{"rendered":"Sistema POS Punto de Venta Completo Todo en Uno"},"content":{"rendered":"<p>Modern\u00edzate y cumple con los Est\u00e1ndares de Facturaci\u00f3n vigentes, gracias a este espectacular Sistema POS Completo, dise\u00f1ado para mejorar la eficiencia de tus ventas en cualquier tipo de Comercio, con un Sistema Operativo Moderno y un impecable dise\u00f1o est\u00e9tico, 100% apto para ser un Sistema con Facturaci\u00f3n Electr\u00f3nica completo.<\/p>\n<p style=\"text-align: center;\"><strong>CONTENIDO Y ESPECIFICACIONES<\/strong><\/p>\n<ul>\n<li><strong>EQUIPO TODO EN UNO TACTIL 15.6&#8243; (NUEVO) <\/strong>Ideal para POS, con espectacular visualizaci\u00f3n Full HD y 10 Puntos t\u00e1ctiles combinaci\u00f3n perfecta entre eficiencia, dise\u00f1o atractivo y alto desempe\u00f1o. Equipado con Procesador Intel J4125 de 4 N\u00facleos Ultima Generaci\u00f3n x64, 8GB de RAM DDR4, disco duro de 240GB en Estado S\u00f3lido M2, con Windows 11 Corporativo. Garantiza un inicio y carga del Sistema Operativo en Segundos.<\/li>\n<li><strong>CAJ\u00d3N MONEDERO (NUEVO)<\/strong> Met\u00e1lico robusto a Elecci\u00f3n<\/li>\n<li><strong>IMPRESORA TICKETS (NUEVA)<\/strong> De Acuerdo a Elecci\u00f3n.<\/li>\n<li><strong>LECTOR C\u00d3DIGOS DE BARRAS (NUEVO)<\/strong> De Acuerdo a Elecci\u00f3n o Sin el, si lo deseas.<\/li>\n<li><strong>OBSEQUIOS<\/strong> Teclado, mouse, cables, extras revisar secci\u00f3n obsequios<\/li>\n<\/ul>\n<p><strong>Conexi\u00f3n e Instalaci\u00f3n Sencillas:<\/strong><\/p>\n<p>Instalar tu Sistema POS es muy f\u00e1cil. Todo viene listo para usar, pre instalado, y pre configurado, es solo conectar y listo.<\/p>\n<p style=\"text-align: center;\"><strong><span style=\"font-size: 20px;\">\u2b07\ufe0f\u2b07\ufe0f\u2b07\ufe0f \ud83d\ude80 Configura tu Sistema POS Completo a continuaci\u00f3n \u2b07\ufe0f\u2b07\ufe0f\u2b07\ufe0f<\/span><\/strong><\/p>\n","protected":false},"excerpt":{"rendered":"<p data-start=\"382\" data-end=\"420\">\ud83d\uded2\u00a0<strong data-start=\"385\" data-end=\"420\">Compra online directa y segura.<\/strong><\/p>\n<p data-start=\"422\" data-end=\"484\">\ud83d\udce6\u00a0<strong data-start=\"425\" data-end=\"484\">Producto disponible en inventario para env\u00edo inmediato.<\/strong><\/p>\n<p data-start=\"486\" data-end=\"583\">\ud83d\ude9a\u00a0<strong data-start=\"489\" data-end=\"542\">Env\u00edo GRATIS disponible a gran parte de Colombia.<\/strong>\u00a0<em data-start=\"543\" data-end=\"583\">\u00a0(<a href=\"https:\/\/sistemasposcolombia.com\/tienda\/politica-de-envios\/\">Consulta aqu\u00ed t\u00e9rminos y condiciones<\/a>)<\/em><\/p>\n<ul>\n<li>El Producto para Punto de Venta, con mejor estado est\u00e9tico por excelencia, dise\u00f1o T\u00e1ctil ideal para cualquier comercio, Totalmente completo, moderno T\u00e1ctil Intel J4125 4 N\u00facleos 8GB RAM, SSD 240GB, actualizado con Windows 11 PRO Corporativo, 100% Compatible con Cualquier Software de Facturaci\u00f3n como SIIGO, Alegra, Odoo o Cualquiera que desees usar<\/li>\n<li><strong>OBSEQUIOS<\/strong> Teclado, mouse, cables, extras revisar secci\u00f3n obsequios<\/li>\n<li><a href=\"https:\/\/sistemasposcolombia.com\/tienda\/reembolso_devoluciones\/\"><strong>GARANT\u00cdA 12 MESES<\/strong><\/a><\/li>\n<\/ul>\n","protected":false},"featured_media":3634,"comment_status":"open","ping_status":"closed","template":"","meta":[],"product_brand":[],"product_cat":[22],"product_tag":[],"class_list":{"0":"post-170","1":"product","2":"type-product","3":"status-publish","4":"has-post-thumbnail","6":"product_cat-sistemas-pos-completos","8":"first","9":"instock","10":"sale","11":"taxable","12":"shipping-taxable","13":"purchasable","14":"product-type-composite"},"composite_virtual":false,"composite_layout":"single","composite_add_to_cart_form_location":"after_summary","composite_editable_in_cart":true,"composite_sold_individually_context":"product","composite_shop_price_calc":"defaults","composite_components":[{"id":"1769022569","title":"EQUIPO TODO EN UNO T\u00c1CTIL INDUSTRIAL 15&quot;","description":"","query_type":"product_ids","query_ids":[1124,1141],"default_option_id":1124,"thumbnail_id":"","thumbnail_src":"","quantity_min":1,"quantity_max":1,"priced_individually":true,"shipped_individually":true,"optional":false,"discount":1.0714285699999999135201278477325104176998138427734375,"options_style":"dropdowns","pagination_style":"classic","display_prices":"absolute","show_sorting_options":false,"show_filtering_options":false,"attribute_filter_ids":[],"select_action":"view","product_title_visible":true,"product_descr_visible":true,"product_price_visible":true,"product_thumb_visible":true,"subtotal_visible_product":true,"subtotal_visible_cart":true,"subtotal_visible_orders":true},{"id":"1769018444","title":"SELECCIONA CAJ\u00d3N MONEDERO A TU GUSTO","description":"","query_type":"category_ids","query_ids":[29],"default_option_id":4055,"thumbnail_id":"","thumbnail_src":"","quantity_min":1,"quantity_max":1,"priced_individually":true,"shipped_individually":true,"optional":false,"discount":"","options_style":"dropdowns","pagination_style":"classic","display_prices":"absolute","show_sorting_options":false,"show_filtering_options":false,"attribute_filter_ids":[],"select_action":"view","product_title_visible":true,"product_descr_visible":true,"product_price_visible":true,"product_thumb_visible":true,"subtotal_visible_product":true,"subtotal_visible_cart":true,"subtotal_visible_orders":true},{"id":"1769018445","title":"SELECCIONA IMPRESORA A TU GUSTO","description":"","query_type":"product_ids","query_ids":[267,3217,235,4088],"default_option_id":267,"thumbnail_id":"","thumbnail_src":"","quantity_min":1,"quantity_max":1,"priced_individually":true,"shipped_individually":true,"optional":false,"discount":"","options_style":"dropdowns","pagination_style":"classic","display_prices":"absolute","show_sorting_options":false,"show_filtering_options":false,"attribute_filter_ids":[],"select_action":"view","product_title_visible":true,"product_descr_visible":true,"product_price_visible":true,"product_thumb_visible":true,"subtotal_visible_product":true,"subtotal_visible_cart":true,"subtotal_visible_orders":true},{"id":"1769018446","title":"SELECCIONA TIPO DE LECTOR DE C\u00d3DIGOS O SIN \u00c9L","description":"","query_type":"product_ids","query_ids":[1072,2421],"default_option_id":2421,"thumbnail_id":"","thumbnail_src":"","quantity_min":1,"quantity_max":1,"priced_individually":true,"shipped_individually":true,"optional":true,"discount":"","options_style":"dropdowns","pagination_style":"classic","display_prices":"absolute","show_sorting_options":false,"show_filtering_options":false,"attribute_filter_ids":[],"select_action":"view","product_title_visible":true,"product_descr_visible":true,"product_price_visible":true,"product_thumb_visible":true,"subtotal_visible_product":true,"subtotal_visible_cart":true,"subtotal_visible_orders":true}],"composite_scenarios":[],"yoast_head":"<!-- This site is optimized with the Yoast SEO Premium plugin v26.2 (Yoast SEO v26.2) - https:\/\/yoast.com\/wordpress\/plugins\/seo\/ -->\n<title>Sistema POS Completo - Sistemas POS Colombia<\/title>\n<meta name=\"description\" content=\"Sistema POS completo, ideal para ventas eficientes, con f\u00e1cil y r\u00e1pida liquidaci\u00f3n todo integrado Sistema POS y facturaci\u00f3n electr\u00f3nica r\u00e1pida completos.\" \/>\n<meta name=\"robots\" content=\"index, follow, max-snippet:-1, max-image-preview:large, max-video-preview:-1\" \/>\n<link rel=\"canonical\" href=\"https:\/\/sistemasposcolombia.com\/tienda\/producto\/sistema-pos-punto-de-venta-completo-todo-en-uno\/\" \/>\n<meta property=\"og:locale\" content=\"es_ES\" \/>\n<meta property=\"og:type\" content=\"article\" \/>\n<meta property=\"og:title\" content=\"Sistema POS Punto de Venta Completo Todo en Uno\" \/>\n<meta property=\"og:description\" content=\"Sistema POS completo, ideal para ventas eficientes, con f\u00e1cil y r\u00e1pida liquidaci\u00f3n todo integrado Sistema POS y facturaci\u00f3n electr\u00f3nica r\u00e1pida completos.\" \/>\n<meta property=\"og:url\" content=\"https:\/\/sistemasposcolombia.com\/tienda\/producto\/sistema-pos-punto-de-venta-completo-todo-en-uno\/\" \/>\n<meta property=\"og:site_name\" content=\"Sistemas POS Colombia\" \/>\n<meta property=\"article:publisher\" content=\"https:\/\/www.facebook.com\/sistemasposcolombia\" \/>\n<meta property=\"article:modified_time\" content=\"2026-04-28T19:48:38+00:00\" \/>\n<meta property=\"og:image\" content=\"https:\/\/sistemasposcolombia.com\/tienda\/wp-content\/uploads\/2025\/11\/Sistema-POS-Tactil-Punto-de-Venta-Pago-80mm-Omnidireccional-1.webp\" \/>\n\t<meta property=\"og:image:width\" content=\"1080\" \/>\n\t<meta property=\"og:image:height\" content=\"1080\" \/>\n\t<meta property=\"og:image:type\" content=\"image\/webp\" \/>\n<meta name=\"twitter:card\" content=\"summary_large_image\" \/>\n<meta name=\"twitter:label1\" content=\"Precio\" \/>\n\t<meta name=\"twitter:data1\" content=\"&#036;&nbsp;0\" \/>\n\t<meta name=\"twitter:label2\" content=\"Disponibilidad\" \/>\n\t<meta name=\"twitter:data2\" content=\"Disponible\" \/>\n<script type=\"application\/ld+json\" class=\"yoast-schema-graph\">{\"@context\":\"https:\/\/schema.org\",\"@graph\":[{\"@type\":\"WebPage\",\"@id\":\"https:\/\/sistemasposcolombia.com\/tienda\/producto\/sistema-pos-punto-de-venta-completo-todo-en-uno\/\",\"url\":\"https:\/\/sistemasposcolombia.com\/tienda\/producto\/sistema-pos-punto-de-venta-completo-todo-en-uno\/\",\"name\":\"Sistema POS Completo - Sistemas POS Colombia\",\"isPartOf\":{\"@id\":\"https:\/\/sistemasposcolombia.com\/tienda\/#website\"},\"primaryImageOfPage\":{\"@id\":\"https:\/\/sistemasposcolombia.com\/tienda\/producto\/sistema-pos-punto-de-venta-completo-todo-en-uno\/#primaryimage\"},\"image\":{\"@id\":\"https:\/\/sistemasposcolombia.com\/tienda\/producto\/sistema-pos-punto-de-venta-completo-todo-en-uno\/#primaryimage\"},\"thumbnailUrl\":\"https:\/\/sistemasposcolombia.com\/tienda\/wp-content\/uploads\/2025\/11\/Sistema-POS-Tactil-Punto-de-Venta-Pago-80mm-Omnidireccional-1.webp\",\"datePublished\":\"2024-02-12T00:19:39+00:00\",\"dateModified\":\"2026-04-28T19:48:38+00:00\",\"description\":\"Sistema POS completo, ideal para ventas eficientes, con f\u00e1cil y r\u00e1pida liquidaci\u00f3n todo integrado Sistema POS y facturaci\u00f3n electr\u00f3nica r\u00e1pida completos.\",\"breadcrumb\":{\"@id\":\"https:\/\/sistemasposcolombia.com\/tienda\/producto\/sistema-pos-punto-de-venta-completo-todo-en-uno\/#breadcrumb\"},\"inLanguage\":\"es\",\"potentialAction\":[{\"@type\":\"ReadAction\",\"target\":[\"https:\/\/sistemasposcolombia.com\/tienda\/producto\/sistema-pos-punto-de-venta-completo-todo-en-uno\/\"]}]},{\"@type\":\"ImageObject\",\"inLanguage\":\"es\",\"@id\":\"https:\/\/sistemasposcolombia.com\/tienda\/producto\/sistema-pos-punto-de-venta-completo-todo-en-uno\/#primaryimage\",\"url\":\"https:\/\/sistemasposcolombia.com\/tienda\/wp-content\/uploads\/2025\/11\/Sistema-POS-Tactil-Punto-de-Venta-Pago-80mm-Omnidireccional-1.webp\",\"contentUrl\":\"https:\/\/sistemasposcolombia.com\/tienda\/wp-content\/uploads\/2025\/11\/Sistema-POS-Tactil-Punto-de-Venta-Pago-80mm-Omnidireccional-1.webp\",\"width\":1080,\"height\":1080,\"caption\":\"Sistema POS T\u00e1ctil Punto de Venta o Pago 80mm Omnidireccional\"},{\"@type\":\"BreadcrumbList\",\"@id\":\"https:\/\/sistemasposcolombia.com\/tienda\/producto\/sistema-pos-punto-de-venta-completo-todo-en-uno\/#breadcrumb\",\"itemListElement\":[{\"@type\":\"ListItem\",\"position\":1,\"name\":\"Portada\",\"item\":\"https:\/\/sistemasposcolombia.com\/tienda\/\"},{\"@type\":\"ListItem\",\"position\":2,\"name\":\"Tienda Oficial\",\"item\":\"https:\/\/sistemasposcolombia.com\/tienda\/\"},{\"@type\":\"ListItem\",\"position\":3,\"name\":\"Sistema POS Punto de Venta Completo Todo en Uno\"}]},{\"@type\":\"WebSite\",\"@id\":\"https:\/\/sistemasposcolombia.com\/tienda\/#website\",\"url\":\"https:\/\/sistemasposcolombia.com\/tienda\/\",\"name\":\"Sistemas POS Colombia\",\"description\":\"Tienda Oficial\",\"publisher\":{\"@id\":\"https:\/\/sistemasposcolombia.com\/tienda\/#organization\"},\"potentialAction\":[{\"@type\":\"SearchAction\",\"target\":{\"@type\":\"EntryPoint\",\"urlTemplate\":\"https:\/\/sistemasposcolombia.com\/tienda\/?s={search_term_string}\"},\"query-input\":{\"@type\":\"PropertyValueSpecification\",\"valueRequired\":true,\"valueName\":\"search_term_string\"}}],\"inLanguage\":\"es\"},{\"@type\":\"Organization\",\"@id\":\"https:\/\/sistemasposcolombia.com\/tienda\/#organization\",\"name\":\"Sistemas POS Colombia\",\"url\":\"https:\/\/sistemasposcolombia.com\/tienda\/\",\"logo\":{\"@type\":\"ImageObject\",\"inLanguage\":\"es\",\"@id\":\"https:\/\/sistemasposcolombia.com\/tienda\/#\/schema\/logo\/image\/\",\"url\":\"https:\/\/sistemasposcolombia.com\/tienda\/wp-content\/uploads\/2025\/10\/Logo-Header.webp\",\"contentUrl\":\"https:\/\/sistemasposcolombia.com\/tienda\/wp-content\/uploads\/2025\/10\/Logo-Header.webp\",\"width\":392,\"height\":192,\"caption\":\"Sistemas POS Colombia\"},\"image\":{\"@id\":\"https:\/\/sistemasposcolombia.com\/tienda\/#\/schema\/logo\/image\/\"},\"sameAs\":[\"https:\/\/www.facebook.com\/sistemasposcolombia\",\"https:\/\/www.instagram.com\/sistemasposcolombia\/\",\"https:\/\/www.youtube.com\/@sistemasposcolombia\",\"https:\/\/sistemasposcolombia.com\/\"]}]}<\/script>\n<meta property=\"product:price:amount\" content=\"0\" \/>\n<meta property=\"product:price:currency\" content=\"COP\" \/>\n<meta property=\"og:availability\" content=\"instock\" \/>\n<meta property=\"product:availability\" content=\"instock\" \/>\n<meta property=\"product:condition\" content=\"new\" \/>\n<!-- \/ Yoast SEO Premium plugin. -->","yoast_head_json":{"title":"Sistema POS Completo - Sistemas POS Colombia","description":"Sistema POS completo, ideal para ventas eficientes, con f\u00e1cil y r\u00e1pida liquidaci\u00f3n todo integrado Sistema POS y facturaci\u00f3n electr\u00f3nica r\u00e1pida completos.","robots":{"index":"index","follow":"follow","max-snippet":"max-snippet:-1","max-image-preview":"max-image-preview:large","max-video-preview":"max-video-preview:-1"},"canonical":"https:\/\/sistemasposcolombia.com\/tienda\/producto\/sistema-pos-punto-de-venta-completo-todo-en-uno\/","og_locale":"es_ES","og_type":"article","og_title":"Sistema POS Punto de Venta Completo Todo en Uno","og_description":"Sistema POS completo, ideal para ventas eficientes, con f\u00e1cil y r\u00e1pida liquidaci\u00f3n todo integrado Sistema POS y facturaci\u00f3n electr\u00f3nica r\u00e1pida completos.","og_url":"https:\/\/sistemasposcolombia.com\/tienda\/producto\/sistema-pos-punto-de-venta-completo-todo-en-uno\/","og_site_name":"Sistemas POS Colombia","article_publisher":"https:\/\/www.facebook.com\/sistemasposcolombia","article_modified_time":"2026-04-28T19:48:38+00:00","og_image":[{"width":1080,"height":1080,"url":"https:\/\/sistemasposcolombia.com\/tienda\/wp-content\/uploads\/2025\/11\/Sistema-POS-Tactil-Punto-de-Venta-Pago-80mm-Omnidireccional-1.webp","type":"image\/webp"}],"twitter_card":"summary_large_image","twitter_misc":{"Precio":"&#36;&nbsp;0","Disponibilidad":"Disponible"},"schema":{"@context":"https:\/\/schema.org","@graph":[{"@type":"WebPage","@id":"https:\/\/sistemasposcolombia.com\/tienda\/producto\/sistema-pos-punto-de-venta-completo-todo-en-uno\/","url":"https:\/\/sistemasposcolombia.com\/tienda\/producto\/sistema-pos-punto-de-venta-completo-todo-en-uno\/","name":"Sistema POS Completo - Sistemas POS Colombia","isPartOf":{"@id":"https:\/\/sistemasposcolombia.com\/tienda\/#website"},"primaryImageOfPage":{"@id":"https:\/\/sistemasposcolombia.com\/tienda\/producto\/sistema-pos-punto-de-venta-completo-todo-en-uno\/#primaryimage"},"image":{"@id":"https:\/\/sistemasposcolombia.com\/tienda\/producto\/sistema-pos-punto-de-venta-completo-todo-en-uno\/#primaryimage"},"thumbnailUrl":"https:\/\/sistemasposcolombia.com\/tienda\/wp-content\/uploads\/2025\/11\/Sistema-POS-Tactil-Punto-de-Venta-Pago-80mm-Omnidireccional-1.webp","datePublished":"2024-02-12T00:19:39+00:00","dateModified":"2026-04-28T19:48:38+00:00","description":"Sistema POS completo, ideal para ventas eficientes, con f\u00e1cil y r\u00e1pida liquidaci\u00f3n todo integrado Sistema POS y facturaci\u00f3n electr\u00f3nica r\u00e1pida completos.","breadcrumb":{"@id":"https:\/\/sistemasposcolombia.com\/tienda\/producto\/sistema-pos-punto-de-venta-completo-todo-en-uno\/#breadcrumb"},"inLanguage":"es","potentialAction":[{"@type":"ReadAction","target":["https:\/\/sistemasposcolombia.com\/tienda\/producto\/sistema-pos-punto-de-venta-completo-todo-en-uno\/"]}]},{"@type":"ImageObject","inLanguage":"es","@id":"https:\/\/sistemasposcolombia.com\/tienda\/producto\/sistema-pos-punto-de-venta-completo-todo-en-uno\/#primaryimage","url":"https:\/\/sistemasposcolombia.com\/tienda\/wp-content\/uploads\/2025\/11\/Sistema-POS-Tactil-Punto-de-Venta-Pago-80mm-Omnidireccional-1.webp","contentUrl":"https:\/\/sistemasposcolombia.com\/tienda\/wp-content\/uploads\/2025\/11\/Sistema-POS-Tactil-Punto-de-Venta-Pago-80mm-Omnidireccional-1.webp","width":1080,"height":1080,"caption":"Sistema POS T\u00e1ctil Punto de Venta o Pago 80mm Omnidireccional"},{"@type":"BreadcrumbList","@id":"https:\/\/sistemasposcolombia.com\/tienda\/producto\/sistema-pos-punto-de-venta-completo-todo-en-uno\/#breadcrumb","itemListElement":[{"@type":"ListItem","position":1,"name":"Portada","item":"https:\/\/sistemasposcolombia.com\/tienda\/"},{"@type":"ListItem","position":2,"name":"Tienda Oficial","item":"https:\/\/sistemasposcolombia.com\/tienda\/"},{"@type":"ListItem","position":3,"name":"Sistema POS Punto de Venta Completo Todo en Uno"}]},{"@type":"WebSite","@id":"https:\/\/sistemasposcolombia.com\/tienda\/#website","url":"https:\/\/sistemasposcolombia.com\/tienda\/","name":"Sistemas POS Colombia","description":"Tienda Oficial","publisher":{"@id":"https:\/\/sistemasposcolombia.com\/tienda\/#organization"},"potentialAction":[{"@type":"SearchAction","target":{"@type":"EntryPoint","urlTemplate":"https:\/\/sistemasposcolombia.com\/tienda\/?s={search_term_string}"},"query-input":{"@type":"PropertyValueSpecification","valueRequired":true,"valueName":"search_term_string"}}],"inLanguage":"es"},{"@type":"Organization","@id":"https:\/\/sistemasposcolombia.com\/tienda\/#organization","name":"Sistemas POS Colombia","url":"https:\/\/sistemasposcolombia.com\/tienda\/","logo":{"@type":"ImageObject","inLanguage":"es","@id":"https:\/\/sistemasposcolombia.com\/tienda\/#\/schema\/logo\/image\/","url":"https:\/\/sistemasposcolombia.com\/tienda\/wp-content\/uploads\/2025\/10\/Logo-Header.webp","contentUrl":"https:\/\/sistemasposcolombia.com\/tienda\/wp-content\/uploads\/2025\/10\/Logo-Header.webp","width":392,"height":192,"caption":"Sistemas POS Colombia"},"image":{"@id":"https:\/\/sistemasposcolombia.com\/tienda\/#\/schema\/logo\/image\/"},"sameAs":["https:\/\/www.facebook.com\/sistemasposcolombia","https:\/\/www.instagram.com\/sistemasposcolombia\/","https:\/\/www.youtube.com\/@sistemasposcolombia","https:\/\/sistemasposcolombia.com\/"]}]},"product_price_currency":"COP","og_availability":"instock","product_availability":"instock","product_condition":"new"},"_links":{"self":[{"href":"https:\/\/sistemasposcolombia.com\/tienda\/wp-json\/wp\/v2\/product\/170","targetHints":{"allow":["GET"]}}],"collection":[{"href":"https:\/\/sistemasposcolombia.com\/tienda\/wp-json\/wp\/v2\/product"}],"about":[{"href":"https:\/\/sistemasposcolombia.com\/tienda\/wp-json\/wp\/v2\/types\/product"}],"replies":[{"embeddable":true,"href":"https:\/\/sistemasposcolombia.com\/tienda\/wp-json\/wp\/v2\/comments?post=170"}],"wp:featuredmedia":[{"embeddable":true,"href":"https:\/\/sistemasposcolombia.com\/tienda\/wp-json\/wp\/v2\/media\/3634"}],"wp:attachment":[{"href":"https:\/\/sistemasposcolombia.com\/tienda\/wp-json\/wp\/v2\/media?parent=170"}],"wp:term":[{"taxonomy":"product_brand","embeddable":true,"href":"https:\/\/sistemasposcolombia.com\/tienda\/wp-json\/wp\/v2\/product_brand?post=170"},{"taxonomy":"product_cat","embeddable":true,"href":"https:\/\/sistemasposcolombia.com\/tienda\/wp-json\/wp\/v2\/product_cat?post=170"},{"taxonomy":"product_tag","embeddable":true,"href":"https:\/\/sistemasposcolombia.com\/tienda\/wp-json\/wp\/v2\/product_tag?post=170"}],"curies":[{"name":"wp","href":"https:\/\/api.w.org\/{rel}","templated":true}]}}