{"id":1586,"date":"2024-08-16T14:13:49","date_gmt":"2024-08-16T19:13:49","guid":{"rendered":"https:\/\/sistemasposcolombia.com\/tienda\/?post_type=product&#038;p=1586"},"modified":"2026-02-10T16:14:51","modified_gmt":"2026-02-10T21:14:51","slug":"equipo-para-facturacion-pos-electronico-portatil","status":"publish","type":"product","link":"https:\/\/sistemasposcolombia.com\/tienda\/producto\/equipo-para-facturacion-pos-electronico-portatil\/","title":{"rendered":"Equipo Para Facturaci\u00f3n POS Port\u00e1til 14&#8243;"},"content":{"rendered":"<p>Moderniza tu punto de pago con nuestro Equipo Para Facturaci\u00f3n POS Electr\u00f3nico Port\u00e1til, ideal para cualquier tipo de comercio. Adem\u00e1s, facilita la gesti\u00f3n de productos en tu negocio con un toque moderno y eficiente.<\/p>\n<p><strong>Potente y Eficiente:\u00a0<\/strong>Nuestro Equipo Para Facturaci\u00f3n POS Electr\u00f3nico Port\u00e1til viene equipado con un potente gestor POS integrado <strong>GRATIS<\/strong>, para una experiencia sin complicaciones. Puedes revisarlo y usarlo si se adapta a ti, seg\u00fan tus necesidades. Adem\u00e1s, incluye Sistema Operativo de \u00faltima generaci\u00f3n, Windows 11 PRO Corporativo.<\/p>\n<p><strong>Tecnolog\u00eda de Vanguardia:\u00a0<\/strong>Con tecnolog\u00eda avanzada y dise\u00f1o moderno, nuestro Equipo Para Facturaci\u00f3n POS Electr\u00f3nico Port\u00e1til mejora la eficiencia en ventas y facturaci\u00f3n POS Electr\u00f3nico para tu negocio.<\/p>\n<p><strong>Especificaciones<\/strong><\/p>\n<ul>\n<li><strong>Pantalla LED HD 14&#8243; (NO T\u00c1CTIL):<\/strong> Ideal para Puntos de Pago, con resoluci\u00f3n HD. Presentaci\u00f3n Port\u00e1til, de dise\u00f1o moderno e ideal para resaltar tu comercio.<\/li>\n<li><strong>Procesador Intel Celeron 4500 Quad:<\/strong> De alto desempe\u00f1o y muy eficiente para labores de punto de pago, con gran econom\u00eda.<\/li>\n<li><strong>8GB de RAM DDR4:<\/strong> M\u00e1s que suficiente para un desempe\u00f1o eficiente con Windows 11, navegadores y gestores de Punto de Pago.<\/li>\n<li><strong>Disco Duro de 240GB en Estado S\u00f3lido:<\/strong> Con tecnolog\u00eda M2 de alto desempe\u00f1o, ideal para garantizar eficiencia y durabilidad en tu punto de pago. En tecnolog\u00eda POS, si no tiene Disco Duro en Estado S\u00f3lido, no lo compres; es la norma de satisfacci\u00f3n.<\/li>\n<li><strong>Sistema Operativo Actualizado:<\/strong> Cuenta con Windows 11 PRO Corporativo de Alto desempe\u00f1o, ideal para Puntos de Pago.<\/li>\n<\/ul>\n<p><strong>Obsequios: <\/strong>Hub USB y Otros, revisar en la ficha Obsequios<\/p>\n<p>Instala y configura tu Equipo Para Facturaci\u00f3n POS Electr\u00f3nico Port\u00e1til de manera r\u00e1pida y f\u00e1cil. Viene preinstalado y preconfigurado para que puedas empezar a usarlo en poco tiempo.<\/p>\n","protected":false},"excerpt":{"rendered":"<ul>\n<li>Equipo para Punto de Pago, portable ideal por excelencia, dise\u00f1ado para cualquier comercio, principalmente con espacio reducido com bahias de centros comerciales, donde requieran guardarlo<\/li>\n<li>Equipo Port\u00e1til Marca HP Procesador Intel Celeron Quad N4500 (Cuatro N\u00facleos) 8GB RAM DDR4, Disco Duro SSD M2 Alto Desempe\u00f1o 240Gb, Pantalla 14&#8243; (No T\u00e1ctil)<\/li>\n<li>Producto moderno que facilitar\u00e1 de manera eficiente las operaciones en tu punto de pago, recibe como Obsequio Programa Gestor POS Instalado en el Equipo<\/li>\n<li>Totalmente Actualizado con Windows 11 PRO Corporativo, 100% Compatible con Cualquier Software de Facturaci\u00f3n como Alegra, SIIGO y Cualquiera que desees usar<\/li>\n<li><a href=\"https:\/\/sistemasposcolombia.com\/tienda\/reembolso_devoluciones\/\"><strong>GARANT\u00cdA 12 MESES<\/strong><\/a><\/li>\n<li><span class=\"x19la9d6 x1fc57z9 x6ikm8r x10wlt62 x19co3pv x11tp94h xfibh0p xiy17q3 x1xsqp64 x1lkfr7t xexx8yu xyri2b x18d9i69 x1c1uobl\"><span class=\"xrtxmta x1bhl96m\">\u2b07\ufe0f<\/span><\/span><span class=\"x19la9d6 x1fc57z9 x6ikm8r x10wlt62 x19co3pv x11tp94h xfibh0p xiy17q3 x1xsqp64 x1lkfr7t xexx8yu xyri2b x18d9i69 x1c1uobl\"><span class=\"xrtxmta x1bhl96m\">\u2b07\ufe0f<\/span><\/span><span class=\"x19la9d6 x1fc57z9 x6ikm8r x10wlt62 x19co3pv x11tp94h xfibh0p xiy17q3 x1xsqp64 x1lkfr7t xexx8yu xyri2b x18d9i69 x1c1uobl\"><span class=\"xrtxmta x1bhl96m\">\u2b07\ufe0f \ud83d\ude80\u00a0<\/span><\/span>Config\u00faralo a tu Medida seleccionando las opciones abajo\u00a0<span class=\"x19la9d6 x1fc57z9 x6ikm8r x10wlt62 x19co3pv x11tp94h xfibh0p xiy17q3 x1xsqp64 x1lkfr7t xexx8yu xyri2b x18d9i69 x1c1uobl\"><span class=\"xrtxmta x1bhl96m\">\u2b07\ufe0f<\/span><\/span><span class=\"x19la9d6 x1fc57z9 x6ikm8r x10wlt62 x19co3pv x11tp94h xfibh0p xiy17q3 x1xsqp64 x1lkfr7t xexx8yu xyri2b x18d9i69 x1c1uobl\"><span class=\"xrtxmta x1bhl96m\">\u2b07\ufe0f<\/span><\/span><span class=\"x19la9d6 x1fc57z9 x6ikm8r x10wlt62 x19co3pv x11tp94h xfibh0p xiy17q3 x1xsqp64 x1lkfr7t xexx8yu xyri2b x18d9i69 x1c1uobl\"><span class=\"xrtxmta x1bhl96m\">\u2b07\ufe0f<\/span><\/span><\/li>\n<\/ul>\n","protected":false},"featured_media":3666,"comment_status":"open","ping_status":"closed","template":"","meta":[],"product_brand":[],"product_cat":[32],"product_tag":[],"class_list":{"0":"post-1586","1":"product","2":"type-product","3":"status-publish","4":"has-post-thumbnail","6":"product_cat-equipos-para-punto-de-pago-pos","8":"first","9":"outofstock","10":"taxable","11":"shipping-taxable","12":"purchasable","13":"product-type-simple"},"composite_virtual":false,"composite_layout":"","composite_add_to_cart_form_location":"","composite_editable_in_cart":false,"composite_sold_individually_context":"","composite_shop_price_calc":"","composite_components":[],"composite_scenarios":[],"yoast_head":"<!-- This site is optimized with the Yoast SEO Premium plugin v26.2 (Yoast SEO v26.2) - https:\/\/yoast.com\/wordpress\/plugins\/seo\/ -->\n<title>Equipo Para Facturaci\u00f3n POS Port\u00e1til 14&quot; - Sistemas POS Colombia<\/title>\n<meta name=\"description\" content=\"Moderniza tu punto de pago con nuestro Equipo Para Facturaci\u00f3n POS Electr\u00f3nico. Potente, eficiente y dise\u00f1ado para facilitar la gesti\u00f3n en tu negocio.\" \/>\n<meta name=\"robots\" content=\"index, follow, max-snippet:-1, max-image-preview:large, max-video-preview:-1\" \/>\n<link rel=\"canonical\" href=\"https:\/\/sistemasposcolombia.com\/tienda\/producto\/equipo-para-facturacion-pos-electronico-portatil\/\" \/>\n<meta property=\"og:locale\" content=\"es_ES\" \/>\n<meta property=\"og:type\" content=\"article\" \/>\n<meta property=\"og:title\" content=\"Equipo Para Facturaci\u00f3n POS Port\u00e1til 14&quot;\" \/>\n<meta property=\"og:description\" content=\"Moderniza tu punto de pago con nuestro Equipo Para Facturaci\u00f3n POS Electr\u00f3nico. Potente, eficiente y dise\u00f1ado para facilitar la gesti\u00f3n en tu negocio.\" \/>\n<meta property=\"og:url\" content=\"https:\/\/sistemasposcolombia.com\/tienda\/producto\/equipo-para-facturacion-pos-electronico-portatil\/\" \/>\n<meta property=\"og:site_name\" content=\"Sistemas POS Colombia\" \/>\n<meta property=\"article:publisher\" content=\"https:\/\/www.facebook.com\/sistemasposcolombia\" \/>\n<meta property=\"article:modified_time\" content=\"2026-02-10T21:14:51+00:00\" \/>\n<meta property=\"og:image\" content=\"https:\/\/sistemasposcolombia.com\/tienda\/wp-content\/uploads\/2025\/11\/Portatil-POS-Electronico-1.webp\" \/>\n\t<meta property=\"og:image:width\" content=\"1080\" \/>\n\t<meta property=\"og:image:height\" content=\"1080\" \/>\n\t<meta property=\"og:image:type\" content=\"image\/webp\" \/>\n<meta name=\"twitter:card\" content=\"summary_large_image\" \/>\n<meta name=\"twitter:label1\" content=\"Precio\" \/>\n\t<meta name=\"twitter:data1\" content=\"&#036;&nbsp;1.250.000\" \/>\n\t<meta name=\"twitter:label2\" content=\"Disponibilidad\" \/>\n\t<meta name=\"twitter:data2\" content=\"Sin existencias\" \/>\n<script type=\"application\/ld+json\" class=\"yoast-schema-graph\">{\"@context\":\"https:\/\/schema.org\",\"@graph\":[{\"@type\":\"WebPage\",\"@id\":\"https:\/\/sistemasposcolombia.com\/tienda\/producto\/equipo-para-facturacion-pos-electronico-portatil\/\",\"url\":\"https:\/\/sistemasposcolombia.com\/tienda\/producto\/equipo-para-facturacion-pos-electronico-portatil\/\",\"name\":\"Equipo Para Facturaci\u00f3n POS Port\u00e1til 14\\\" - Sistemas POS Colombia\",\"isPartOf\":{\"@id\":\"https:\/\/sistemasposcolombia.com\/tienda\/#website\"},\"primaryImageOfPage\":{\"@id\":\"https:\/\/sistemasposcolombia.com\/tienda\/producto\/equipo-para-facturacion-pos-electronico-portatil\/#primaryimage\"},\"image\":{\"@id\":\"https:\/\/sistemasposcolombia.com\/tienda\/producto\/equipo-para-facturacion-pos-electronico-portatil\/#primaryimage\"},\"thumbnailUrl\":\"https:\/\/sistemasposcolombia.com\/tienda\/wp-content\/uploads\/2025\/11\/Portatil-POS-Electronico-1.webp\",\"datePublished\":\"2024-08-16T19:13:49+00:00\",\"dateModified\":\"2026-02-10T21:14:51+00:00\",\"description\":\"Moderniza tu punto de pago con nuestro Equipo Para Facturaci\u00f3n POS Electr\u00f3nico. Potente, eficiente y dise\u00f1ado para facilitar la gesti\u00f3n en tu negocio.\",\"breadcrumb\":{\"@id\":\"https:\/\/sistemasposcolombia.com\/tienda\/producto\/equipo-para-facturacion-pos-electronico-portatil\/#breadcrumb\"},\"inLanguage\":\"es\",\"potentialAction\":[{\"@type\":\"ReadAction\",\"target\":[\"https:\/\/sistemasposcolombia.com\/tienda\/producto\/equipo-para-facturacion-pos-electronico-portatil\/\"]}]},{\"@type\":\"ImageObject\",\"inLanguage\":\"es\",\"@id\":\"https:\/\/sistemasposcolombia.com\/tienda\/producto\/equipo-para-facturacion-pos-electronico-portatil\/#primaryimage\",\"url\":\"https:\/\/sistemasposcolombia.com\/tienda\/wp-content\/uploads\/2025\/11\/Portatil-POS-Electronico-1.webp\",\"contentUrl\":\"https:\/\/sistemasposcolombia.com\/tienda\/wp-content\/uploads\/2025\/11\/Portatil-POS-Electronico-1.webp\",\"width\":1080,\"height\":1080,\"caption\":\"Portatil POS Electr\u00f3nico\"},{\"@type\":\"BreadcrumbList\",\"@id\":\"https:\/\/sistemasposcolombia.com\/tienda\/producto\/equipo-para-facturacion-pos-electronico-portatil\/#breadcrumb\",\"itemListElement\":[{\"@type\":\"ListItem\",\"position\":1,\"name\":\"Portada\",\"item\":\"https:\/\/sistemasposcolombia.com\/tienda\/\"},{\"@type\":\"ListItem\",\"position\":2,\"name\":\"Tienda Oficial\",\"item\":\"https:\/\/sistemasposcolombia.com\/tienda\/\"},{\"@type\":\"ListItem\",\"position\":3,\"name\":\"Equipo Para Facturaci\u00f3n POS Port\u00e1til 14&#8243;\"}]},{\"@type\":\"WebSite\",\"@id\":\"https:\/\/sistemasposcolombia.com\/tienda\/#website\",\"url\":\"https:\/\/sistemasposcolombia.com\/tienda\/\",\"name\":\"Sistemas POS Colombia\",\"description\":\"Tienda Oficial\",\"publisher\":{\"@id\":\"https:\/\/sistemasposcolombia.com\/tienda\/#organization\"},\"potentialAction\":[{\"@type\":\"SearchAction\",\"target\":{\"@type\":\"EntryPoint\",\"urlTemplate\":\"https:\/\/sistemasposcolombia.com\/tienda\/?s={search_term_string}\"},\"query-input\":{\"@type\":\"PropertyValueSpecification\",\"valueRequired\":true,\"valueName\":\"search_term_string\"}}],\"inLanguage\":\"es\"},{\"@type\":\"Organization\",\"@id\":\"https:\/\/sistemasposcolombia.com\/tienda\/#organization\",\"name\":\"Sistemas POS Colombia\",\"url\":\"https:\/\/sistemasposcolombia.com\/tienda\/\",\"logo\":{\"@type\":\"ImageObject\",\"inLanguage\":\"es\",\"@id\":\"https:\/\/sistemasposcolombia.com\/tienda\/#\/schema\/logo\/image\/\",\"url\":\"https:\/\/sistemasposcolombia.com\/tienda\/wp-content\/uploads\/2025\/10\/Logo-Header.webp\",\"contentUrl\":\"https:\/\/sistemasposcolombia.com\/tienda\/wp-content\/uploads\/2025\/10\/Logo-Header.webp\",\"width\":392,\"height\":192,\"caption\":\"Sistemas POS Colombia\"},\"image\":{\"@id\":\"https:\/\/sistemasposcolombia.com\/tienda\/#\/schema\/logo\/image\/\"},\"sameAs\":[\"https:\/\/www.facebook.com\/sistemasposcolombia\",\"https:\/\/www.instagram.com\/sistemasposcolombia\/\",\"https:\/\/www.youtube.com\/@sistemasposcolombia\",\"https:\/\/sistemasposcolombia.com\/\"]}]}<\/script>\n<meta property=\"product:price:amount\" content=\"1250000\" \/>\n<meta property=\"product:price:currency\" content=\"COP\" \/>\n<meta property=\"og:availability\" content=\"out of stock\" \/>\n<meta property=\"product:availability\" content=\"out of stock\" \/>\n<meta property=\"product:condition\" content=\"new\" \/>\n<!-- \/ Yoast SEO Premium plugin. -->","yoast_head_json":{"title":"Equipo Para Facturaci\u00f3n POS Port\u00e1til 14\" - Sistemas POS Colombia","description":"Moderniza tu punto de pago con nuestro Equipo Para Facturaci\u00f3n POS Electr\u00f3nico. Potente, eficiente y dise\u00f1ado para facilitar la gesti\u00f3n en tu negocio.","robots":{"index":"index","follow":"follow","max-snippet":"max-snippet:-1","max-image-preview":"max-image-preview:large","max-video-preview":"max-video-preview:-1"},"canonical":"https:\/\/sistemasposcolombia.com\/tienda\/producto\/equipo-para-facturacion-pos-electronico-portatil\/","og_locale":"es_ES","og_type":"article","og_title":"Equipo Para Facturaci\u00f3n POS Port\u00e1til 14\"","og_description":"Moderniza tu punto de pago con nuestro Equipo Para Facturaci\u00f3n POS Electr\u00f3nico. Potente, eficiente y dise\u00f1ado para facilitar la gesti\u00f3n en tu negocio.","og_url":"https:\/\/sistemasposcolombia.com\/tienda\/producto\/equipo-para-facturacion-pos-electronico-portatil\/","og_site_name":"Sistemas POS Colombia","article_publisher":"https:\/\/www.facebook.com\/sistemasposcolombia","article_modified_time":"2026-02-10T21:14:51+00:00","og_image":[{"width":1080,"height":1080,"url":"https:\/\/sistemasposcolombia.com\/tienda\/wp-content\/uploads\/2025\/11\/Portatil-POS-Electronico-1.webp","type":"image\/webp"}],"twitter_card":"summary_large_image","twitter_misc":{"Precio":"&#36;&nbsp;1.250.000","Disponibilidad":"Sin existencias"},"schema":{"@context":"https:\/\/schema.org","@graph":[{"@type":"WebPage","@id":"https:\/\/sistemasposcolombia.com\/tienda\/producto\/equipo-para-facturacion-pos-electronico-portatil\/","url":"https:\/\/sistemasposcolombia.com\/tienda\/producto\/equipo-para-facturacion-pos-electronico-portatil\/","name":"Equipo Para Facturaci\u00f3n POS Port\u00e1til 14\" - Sistemas POS Colombia","isPartOf":{"@id":"https:\/\/sistemasposcolombia.com\/tienda\/#website"},"primaryImageOfPage":{"@id":"https:\/\/sistemasposcolombia.com\/tienda\/producto\/equipo-para-facturacion-pos-electronico-portatil\/#primaryimage"},"image":{"@id":"https:\/\/sistemasposcolombia.com\/tienda\/producto\/equipo-para-facturacion-pos-electronico-portatil\/#primaryimage"},"thumbnailUrl":"https:\/\/sistemasposcolombia.com\/tienda\/wp-content\/uploads\/2025\/11\/Portatil-POS-Electronico-1.webp","datePublished":"2024-08-16T19:13:49+00:00","dateModified":"2026-02-10T21:14:51+00:00","description":"Moderniza tu punto de pago con nuestro Equipo Para Facturaci\u00f3n POS Electr\u00f3nico. Potente, eficiente y dise\u00f1ado para facilitar la gesti\u00f3n en tu negocio.","breadcrumb":{"@id":"https:\/\/sistemasposcolombia.com\/tienda\/producto\/equipo-para-facturacion-pos-electronico-portatil\/#breadcrumb"},"inLanguage":"es","potentialAction":[{"@type":"ReadAction","target":["https:\/\/sistemasposcolombia.com\/tienda\/producto\/equipo-para-facturacion-pos-electronico-portatil\/"]}]},{"@type":"ImageObject","inLanguage":"es","@id":"https:\/\/sistemasposcolombia.com\/tienda\/producto\/equipo-para-facturacion-pos-electronico-portatil\/#primaryimage","url":"https:\/\/sistemasposcolombia.com\/tienda\/wp-content\/uploads\/2025\/11\/Portatil-POS-Electronico-1.webp","contentUrl":"https:\/\/sistemasposcolombia.com\/tienda\/wp-content\/uploads\/2025\/11\/Portatil-POS-Electronico-1.webp","width":1080,"height":1080,"caption":"Portatil POS Electr\u00f3nico"},{"@type":"BreadcrumbList","@id":"https:\/\/sistemasposcolombia.com\/tienda\/producto\/equipo-para-facturacion-pos-electronico-portatil\/#breadcrumb","itemListElement":[{"@type":"ListItem","position":1,"name":"Portada","item":"https:\/\/sistemasposcolombia.com\/tienda\/"},{"@type":"ListItem","position":2,"name":"Tienda Oficial","item":"https:\/\/sistemasposcolombia.com\/tienda\/"},{"@type":"ListItem","position":3,"name":"Equipo Para Facturaci\u00f3n POS Port\u00e1til 14&#8243;"}]},{"@type":"WebSite","@id":"https:\/\/sistemasposcolombia.com\/tienda\/#website","url":"https:\/\/sistemasposcolombia.com\/tienda\/","name":"Sistemas POS Colombia","description":"Tienda Oficial","publisher":{"@id":"https:\/\/sistemasposcolombia.com\/tienda\/#organization"},"potentialAction":[{"@type":"SearchAction","target":{"@type":"EntryPoint","urlTemplate":"https:\/\/sistemasposcolombia.com\/tienda\/?s={search_term_string}"},"query-input":{"@type":"PropertyValueSpecification","valueRequired":true,"valueName":"search_term_string"}}],"inLanguage":"es"},{"@type":"Organization","@id":"https:\/\/sistemasposcolombia.com\/tienda\/#organization","name":"Sistemas POS Colombia","url":"https:\/\/sistemasposcolombia.com\/tienda\/","logo":{"@type":"ImageObject","inLanguage":"es","@id":"https:\/\/sistemasposcolombia.com\/tienda\/#\/schema\/logo\/image\/","url":"https:\/\/sistemasposcolombia.com\/tienda\/wp-content\/uploads\/2025\/10\/Logo-Header.webp","contentUrl":"https:\/\/sistemasposcolombia.com\/tienda\/wp-content\/uploads\/2025\/10\/Logo-Header.webp","width":392,"height":192,"caption":"Sistemas POS Colombia"},"image":{"@id":"https:\/\/sistemasposcolombia.com\/tienda\/#\/schema\/logo\/image\/"},"sameAs":["https:\/\/www.facebook.com\/sistemasposcolombia","https:\/\/www.instagram.com\/sistemasposcolombia\/","https:\/\/www.youtube.com\/@sistemasposcolombia","https:\/\/sistemasposcolombia.com\/"]}]},"product_price_amount":"1250000","product_price_currency":"COP","og_availability":"out of stock","product_availability":"out of stock","product_condition":"new"},"_links":{"self":[{"href":"https:\/\/sistemasposcolombia.com\/tienda\/wp-json\/wp\/v2\/product\/1586","targetHints":{"allow":["GET"]}}],"collection":[{"href":"https:\/\/sistemasposcolombia.com\/tienda\/wp-json\/wp\/v2\/product"}],"about":[{"href":"https:\/\/sistemasposcolombia.com\/tienda\/wp-json\/wp\/v2\/types\/product"}],"replies":[{"embeddable":true,"href":"https:\/\/sistemasposcolombia.com\/tienda\/wp-json\/wp\/v2\/comments?post=1586"}],"wp:featuredmedia":[{"embeddable":true,"href":"https:\/\/sistemasposcolombia.com\/tienda\/wp-json\/wp\/v2\/media\/3666"}],"wp:attachment":[{"href":"https:\/\/sistemasposcolombia.com\/tienda\/wp-json\/wp\/v2\/media?parent=1586"}],"wp:term":[{"taxonomy":"product_brand","embeddable":true,"href":"https:\/\/sistemasposcolombia.com\/tienda\/wp-json\/wp\/v2\/product_brand?post=1586"},{"taxonomy":"product_cat","embeddable":true,"href":"https:\/\/sistemasposcolombia.com\/tienda\/wp-json\/wp\/v2\/product_cat?post=1586"},{"taxonomy":"product_tag","embeddable":true,"href":"https:\/\/sistemasposcolombia.com\/tienda\/wp-json\/wp\/v2\/product_tag?post=1586"}],"curies":[{"name":"wp","href":"https:\/\/api.w.org\/{rel}","templated":true}]}}