{"id":1141,"date":"2024-04-29T14:14:36","date_gmt":"2024-04-29T19:14:36","guid":{"rendered":"https:\/\/sistemasposcolombia.com\/tienda\/?post_type=product&#038;p=1141"},"modified":"2026-05-07T18:59:23","modified_gmt":"2026-05-07T23:59:23","slug":"equipo-pos-tactil-doble-pantalla","status":"publish","type":"product","link":"https:\/\/sistemasposcolombia.com\/tienda\/producto\/equipo-pos-tactil-doble-pantalla\/","title":{"rendered":"Equipo Para Sistema POS Punto de Venta T\u00e1ctil 15&#8243; Doble Pantalla"},"content":{"rendered":"<p><strong>Especificaciones<\/strong><\/p>\n<ul>\n<li><strong>Pantalla T\u00e1ctil Grado Industrial de 15&#8243;<\/strong>: Este Equipo Todo en Uno T\u00e1ctil es Ideal para POS, con resoluci\u00f3n \u00f3ptima, 10 Puntos t\u00e1ctiles y alta resistencia a la humedad y salpicaduras leves de agua. Pantalla Visor Adicional de 10 Pulgadas.<\/li>\n<li><strong>Procesador Intel Core i3 4ta Gen<\/strong>: 4 N\u00facleos de eficiencia para labores de punto de pago con gran econom\u00eda.<\/li>\n<li><strong>8GB de RAM DDR3<\/strong>: Ideal para funcionar eficientemente con Windows 11, navegadores y gestores de Punto de Pago.<\/li>\n<li><strong>Disco Duro de 120GB en Estado S\u00f3lido<\/strong>: Fundamental para garantizar eficiencia y durabilidad en tu punto de pago, en tecnolog\u00eda POS si no tiene Disco duro en Estado s\u00f3lido, no lo compres, es la norma de satisfacci\u00f3n.<\/li>\n<li><strong>Sistema Operativo Actualizado<\/strong>: Cuenta con Windows 11 PRO Corporativo Actualizado y Actualizable<\/li>\n<li><strong>Obsequios:<\/strong> Teclado, nouse, Software Gestor POS Si deseas Usarlo, revisa detalles en la Ficha Obsequios.<\/li>\n<\/ul>\n<p><strong>Conexi\u00f3n e Instalaci\u00f3n Sencillas\u00a0<\/strong>Instala tu Todo en Uno T\u00e1ctil de manera f\u00e1cil y r\u00e1pida. Todo viene preinstalado y preconfigurado, listo para usar, solo conectas y listo.<\/p>\n<p style=\"text-align: center;\"><a href=\"https:\/\/sistemasposcolombia.com\/tienda\/reembolso_devoluciones\/\"><strong>GARANT\u00cdA 12 MESES<\/strong><\/a><\/p>\n","protected":false},"excerpt":{"rendered":"<p data-start=\"382\" data-end=\"420\">\ud83d\uded2\u00a0<strong data-start=\"385\" data-end=\"420\">Compra online directa y segura.<\/strong><\/p>\n<p data-start=\"422\" data-end=\"484\">\ud83d\udce6\u00a0<strong data-start=\"425\" data-end=\"484\">Producto disponible en inventario para env\u00edo inmediato.<\/strong><\/p>\n<p data-start=\"486\" data-end=\"583\">\ud83d\ude9a\u00a0<strong data-start=\"489\" data-end=\"542\">Env\u00edo Gratis disponible a gran parte de Colombia.<\/strong>\u00a0<em data-start=\"543\" data-end=\"583\">(<a href=\"https:\/\/sistemasposcolombia.com\/tienda\/politica-de-envios\/\">Consulta t\u00e9rminos y condiciones aqu\u00ed<\/a>)<\/em><\/p>\n<p data-start=\"585\" data-end=\"622\">\ud83d\udd12\u00a0<strong data-start=\"588\" data-end=\"622\">Nuevo, sellado y con garant\u00eda.<\/strong><\/p>\n<ul>\n<li>De grado Industrial, 15&#8243; t\u00e1ctil de 10 Puntos, de alta resistencia y Pantalla Visor Adicional 11&#8243; para tu Cliente que mejora la experiencia de compra<\/li>\n<li>Intel Core i3 4 N\u00facleos, 8GB RAM, Disco SSD120GB, totalmente Actualizado con Windows 11 PRO Corporativo, 100% Compatible con Cualquier Software de Facturaci\u00f3n que desees usar<\/li>\n<li><a href=\"https:\/\/sistemasposcolombia.com\/tienda\/reembolso_devoluciones\/\"><strong>GARANT\u00cdA 12 MESES<\/strong><\/a><\/li>\n<\/ul>\n<p>&nbsp;<\/p>\n","protected":false},"featured_media":4023,"comment_status":"open","ping_status":"closed","template":"","meta":[],"product_brand":[],"product_cat":[32],"product_tag":[],"class_list":{"0":"post-1141","1":"product","2":"type-product","3":"status-publish","4":"has-post-thumbnail","6":"product_cat-equipos-para-punto-de-pago-pos","8":"first","9":"instock","10":"sale","11":"sold-individually","12":"taxable","13":"shipping-taxable","14":"purchasable","15":"product-type-simple"},"composite_virtual":false,"composite_layout":"","composite_add_to_cart_form_location":"","composite_editable_in_cart":false,"composite_sold_individually_context":"","composite_shop_price_calc":"","composite_components":[],"composite_scenarios":[],"yoast_head":"<!-- This site is optimized with the Yoast SEO Premium plugin v26.2 (Yoast SEO v26.2) - https:\/\/yoast.com\/wordpress\/plugins\/seo\/ -->\n<title>Equipo Para Sistema POS Punto de Venta T\u00e1ctil 15&quot; Doble Pantalla - Sistemas POS Colombia<\/title>\n<meta name=\"description\" content=\"Moderniza tu punto de pago con nuestro equipo todo en uno para Sistema POS de doble pantalla, eficiente y dise\u00f1ado para facilitar la gesti\u00f3n en tu negocio.\" \/>\n<meta name=\"robots\" content=\"index, follow, max-snippet:-1, max-image-preview:large, max-video-preview:-1\" \/>\n<link rel=\"canonical\" href=\"https:\/\/sistemasposcolombia.com\/tienda\/producto\/equipo-pos-tactil-doble-pantalla\/\" \/>\n<meta property=\"og:locale\" content=\"es_ES\" \/>\n<meta property=\"og:type\" content=\"article\" \/>\n<meta property=\"og:title\" content=\"Equipo Para Sistema POS Punto de Venta T\u00e1ctil 15&quot; Doble Pantalla\" \/>\n<meta property=\"og:description\" content=\"Moderniza tu punto de pago con nuestro equipo todo en uno para Sistema POS de doble pantalla, eficiente y dise\u00f1ado para facilitar la gesti\u00f3n en tu negocio.\" \/>\n<meta property=\"og:url\" content=\"https:\/\/sistemasposcolombia.com\/tienda\/producto\/equipo-pos-tactil-doble-pantalla\/\" \/>\n<meta property=\"og:site_name\" content=\"Sistemas POS Colombia\" \/>\n<meta property=\"article:publisher\" content=\"https:\/\/www.facebook.com\/sistemasposcolombia\" \/>\n<meta property=\"article:modified_time\" content=\"2026-05-07T23:59:23+00:00\" \/>\n<meta property=\"og:image\" content=\"https:\/\/sistemasposcolombia.com\/tienda\/wp-content\/uploads\/2026\/01\/Equipo-POS-Tactil-Doble-Pantalla-Jaltech-1.webp\" \/>\n\t<meta property=\"og:image:width\" content=\"1080\" \/>\n\t<meta property=\"og:image:height\" content=\"1080\" \/>\n\t<meta property=\"og:image:type\" content=\"image\/webp\" \/>\n<meta name=\"twitter:card\" content=\"summary_large_image\" \/>\n<meta name=\"twitter:label1\" content=\"Precio\" \/>\n\t<meta name=\"twitter:data1\" content=\"&#036;&nbsp;1.900.000\" \/>\n\t<meta name=\"twitter:label2\" content=\"Disponibilidad\" \/>\n\t<meta name=\"twitter:data2\" content=\"Disponible\" \/>\n<script type=\"application\/ld+json\" class=\"yoast-schema-graph\">{\"@context\":\"https:\/\/schema.org\",\"@graph\":[{\"@type\":\"WebPage\",\"@id\":\"https:\/\/sistemasposcolombia.com\/tienda\/producto\/equipo-pos-tactil-doble-pantalla\/\",\"url\":\"https:\/\/sistemasposcolombia.com\/tienda\/producto\/equipo-pos-tactil-doble-pantalla\/\",\"name\":\"Equipo Para Sistema POS Punto de Venta T\u00e1ctil 15\\\" Doble Pantalla - Sistemas POS Colombia\",\"isPartOf\":{\"@id\":\"https:\/\/sistemasposcolombia.com\/tienda\/#website\"},\"primaryImageOfPage\":{\"@id\":\"https:\/\/sistemasposcolombia.com\/tienda\/producto\/equipo-pos-tactil-doble-pantalla\/#primaryimage\"},\"image\":{\"@id\":\"https:\/\/sistemasposcolombia.com\/tienda\/producto\/equipo-pos-tactil-doble-pantalla\/#primaryimage\"},\"thumbnailUrl\":\"https:\/\/sistemasposcolombia.com\/tienda\/wp-content\/uploads\/2026\/01\/Equipo-POS-Tactil-Doble-Pantalla-Jaltech-1.webp\",\"datePublished\":\"2024-04-29T19:14:36+00:00\",\"dateModified\":\"2026-05-07T23:59:23+00:00\",\"description\":\"Moderniza tu punto de pago con nuestro equipo todo en uno para Sistema POS de doble pantalla, eficiente y dise\u00f1ado para facilitar la gesti\u00f3n en tu negocio.\",\"breadcrumb\":{\"@id\":\"https:\/\/sistemasposcolombia.com\/tienda\/producto\/equipo-pos-tactil-doble-pantalla\/#breadcrumb\"},\"inLanguage\":\"es\",\"potentialAction\":[{\"@type\":\"ReadAction\",\"target\":[\"https:\/\/sistemasposcolombia.com\/tienda\/producto\/equipo-pos-tactil-doble-pantalla\/\"]}]},{\"@type\":\"ImageObject\",\"inLanguage\":\"es\",\"@id\":\"https:\/\/sistemasposcolombia.com\/tienda\/producto\/equipo-pos-tactil-doble-pantalla\/#primaryimage\",\"url\":\"https:\/\/sistemasposcolombia.com\/tienda\/wp-content\/uploads\/2026\/01\/Equipo-POS-Tactil-Doble-Pantalla-Jaltech-1.webp\",\"contentUrl\":\"https:\/\/sistemasposcolombia.com\/tienda\/wp-content\/uploads\/2026\/01\/Equipo-POS-Tactil-Doble-Pantalla-Jaltech-1.webp\",\"width\":1080,\"height\":1080,\"caption\":\"Equipo Computador T\u00e1ctil Todo en Uno Doble Pantalla Jaltech\"},{\"@type\":\"BreadcrumbList\",\"@id\":\"https:\/\/sistemasposcolombia.com\/tienda\/producto\/equipo-pos-tactil-doble-pantalla\/#breadcrumb\",\"itemListElement\":[{\"@type\":\"ListItem\",\"position\":1,\"name\":\"Portada\",\"item\":\"https:\/\/sistemasposcolombia.com\/tienda\/\"},{\"@type\":\"ListItem\",\"position\":2,\"name\":\"Tienda Oficial\",\"item\":\"https:\/\/sistemasposcolombia.com\/tienda\/\"},{\"@type\":\"ListItem\",\"position\":3,\"name\":\"Equipo Para Sistema POS Punto de Venta T\u00e1ctil 15&#8243; Doble Pantalla\"}]},{\"@type\":\"WebSite\",\"@id\":\"https:\/\/sistemasposcolombia.com\/tienda\/#website\",\"url\":\"https:\/\/sistemasposcolombia.com\/tienda\/\",\"name\":\"Sistemas POS Colombia\",\"description\":\"Tienda Oficial\",\"publisher\":{\"@id\":\"https:\/\/sistemasposcolombia.com\/tienda\/#organization\"},\"potentialAction\":[{\"@type\":\"SearchAction\",\"target\":{\"@type\":\"EntryPoint\",\"urlTemplate\":\"https:\/\/sistemasposcolombia.com\/tienda\/?s={search_term_string}\"},\"query-input\":{\"@type\":\"PropertyValueSpecification\",\"valueRequired\":true,\"valueName\":\"search_term_string\"}}],\"inLanguage\":\"es\"},{\"@type\":\"Organization\",\"@id\":\"https:\/\/sistemasposcolombia.com\/tienda\/#organization\",\"name\":\"Sistemas POS Colombia\",\"url\":\"https:\/\/sistemasposcolombia.com\/tienda\/\",\"logo\":{\"@type\":\"ImageObject\",\"inLanguage\":\"es\",\"@id\":\"https:\/\/sistemasposcolombia.com\/tienda\/#\/schema\/logo\/image\/\",\"url\":\"https:\/\/sistemasposcolombia.com\/tienda\/wp-content\/uploads\/2025\/10\/Logo-Header.webp\",\"contentUrl\":\"https:\/\/sistemasposcolombia.com\/tienda\/wp-content\/uploads\/2025\/10\/Logo-Header.webp\",\"width\":392,\"height\":192,\"caption\":\"Sistemas POS Colombia\"},\"image\":{\"@id\":\"https:\/\/sistemasposcolombia.com\/tienda\/#\/schema\/logo\/image\/\"},\"sameAs\":[\"https:\/\/www.facebook.com\/sistemasposcolombia\",\"https:\/\/www.instagram.com\/sistemasposcolombia\/\",\"https:\/\/www.youtube.com\/@sistemasposcolombia\",\"https:\/\/sistemasposcolombia.com\/\"]}]}<\/script>\n<meta property=\"product:price:amount\" content=\"1900000\" \/>\n<meta property=\"product:price:currency\" content=\"COP\" \/>\n<meta property=\"og:availability\" content=\"instock\" \/>\n<meta property=\"product:availability\" content=\"instock\" \/>\n<meta property=\"product:condition\" content=\"new\" \/>\n<!-- \/ Yoast SEO Premium plugin. -->","yoast_head_json":{"title":"Equipo Para Sistema POS Punto de Venta T\u00e1ctil 15\" Doble Pantalla - Sistemas POS Colombia","description":"Moderniza tu punto de pago con nuestro equipo todo en uno para Sistema POS de doble pantalla, eficiente y dise\u00f1ado para facilitar la gesti\u00f3n en tu negocio.","robots":{"index":"index","follow":"follow","max-snippet":"max-snippet:-1","max-image-preview":"max-image-preview:large","max-video-preview":"max-video-preview:-1"},"canonical":"https:\/\/sistemasposcolombia.com\/tienda\/producto\/equipo-pos-tactil-doble-pantalla\/","og_locale":"es_ES","og_type":"article","og_title":"Equipo Para Sistema POS Punto de Venta T\u00e1ctil 15\" Doble Pantalla","og_description":"Moderniza tu punto de pago con nuestro equipo todo en uno para Sistema POS de doble pantalla, eficiente y dise\u00f1ado para facilitar la gesti\u00f3n en tu negocio.","og_url":"https:\/\/sistemasposcolombia.com\/tienda\/producto\/equipo-pos-tactil-doble-pantalla\/","og_site_name":"Sistemas POS Colombia","article_publisher":"https:\/\/www.facebook.com\/sistemasposcolombia","article_modified_time":"2026-05-07T23:59:23+00:00","og_image":[{"width":1080,"height":1080,"url":"https:\/\/sistemasposcolombia.com\/tienda\/wp-content\/uploads\/2026\/01\/Equipo-POS-Tactil-Doble-Pantalla-Jaltech-1.webp","type":"image\/webp"}],"twitter_card":"summary_large_image","twitter_misc":{"Precio":"&#36;&nbsp;1.900.000","Disponibilidad":"Disponible"},"schema":{"@context":"https:\/\/schema.org","@graph":[{"@type":"WebPage","@id":"https:\/\/sistemasposcolombia.com\/tienda\/producto\/equipo-pos-tactil-doble-pantalla\/","url":"https:\/\/sistemasposcolombia.com\/tienda\/producto\/equipo-pos-tactil-doble-pantalla\/","name":"Equipo Para Sistema POS Punto de Venta T\u00e1ctil 15\" Doble Pantalla - Sistemas POS Colombia","isPartOf":{"@id":"https:\/\/sistemasposcolombia.com\/tienda\/#website"},"primaryImageOfPage":{"@id":"https:\/\/sistemasposcolombia.com\/tienda\/producto\/equipo-pos-tactil-doble-pantalla\/#primaryimage"},"image":{"@id":"https:\/\/sistemasposcolombia.com\/tienda\/producto\/equipo-pos-tactil-doble-pantalla\/#primaryimage"},"thumbnailUrl":"https:\/\/sistemasposcolombia.com\/tienda\/wp-content\/uploads\/2026\/01\/Equipo-POS-Tactil-Doble-Pantalla-Jaltech-1.webp","datePublished":"2024-04-29T19:14:36+00:00","dateModified":"2026-05-07T23:59:23+00:00","description":"Moderniza tu punto de pago con nuestro equipo todo en uno para Sistema POS de doble pantalla, eficiente y dise\u00f1ado para facilitar la gesti\u00f3n en tu negocio.","breadcrumb":{"@id":"https:\/\/sistemasposcolombia.com\/tienda\/producto\/equipo-pos-tactil-doble-pantalla\/#breadcrumb"},"inLanguage":"es","potentialAction":[{"@type":"ReadAction","target":["https:\/\/sistemasposcolombia.com\/tienda\/producto\/equipo-pos-tactil-doble-pantalla\/"]}]},{"@type":"ImageObject","inLanguage":"es","@id":"https:\/\/sistemasposcolombia.com\/tienda\/producto\/equipo-pos-tactil-doble-pantalla\/#primaryimage","url":"https:\/\/sistemasposcolombia.com\/tienda\/wp-content\/uploads\/2026\/01\/Equipo-POS-Tactil-Doble-Pantalla-Jaltech-1.webp","contentUrl":"https:\/\/sistemasposcolombia.com\/tienda\/wp-content\/uploads\/2026\/01\/Equipo-POS-Tactil-Doble-Pantalla-Jaltech-1.webp","width":1080,"height":1080,"caption":"Equipo Computador T\u00e1ctil Todo en Uno Doble Pantalla Jaltech"},{"@type":"BreadcrumbList","@id":"https:\/\/sistemasposcolombia.com\/tienda\/producto\/equipo-pos-tactil-doble-pantalla\/#breadcrumb","itemListElement":[{"@type":"ListItem","position":1,"name":"Portada","item":"https:\/\/sistemasposcolombia.com\/tienda\/"},{"@type":"ListItem","position":2,"name":"Tienda Oficial","item":"https:\/\/sistemasposcolombia.com\/tienda\/"},{"@type":"ListItem","position":3,"name":"Equipo Para Sistema POS Punto de Venta T\u00e1ctil 15&#8243; Doble Pantalla"}]},{"@type":"WebSite","@id":"https:\/\/sistemasposcolombia.com\/tienda\/#website","url":"https:\/\/sistemasposcolombia.com\/tienda\/","name":"Sistemas POS Colombia","description":"Tienda Oficial","publisher":{"@id":"https:\/\/sistemasposcolombia.com\/tienda\/#organization"},"potentialAction":[{"@type":"SearchAction","target":{"@type":"EntryPoint","urlTemplate":"https:\/\/sistemasposcolombia.com\/tienda\/?s={search_term_string}"},"query-input":{"@type":"PropertyValueSpecification","valueRequired":true,"valueName":"search_term_string"}}],"inLanguage":"es"},{"@type":"Organization","@id":"https:\/\/sistemasposcolombia.com\/tienda\/#organization","name":"Sistemas POS Colombia","url":"https:\/\/sistemasposcolombia.com\/tienda\/","logo":{"@type":"ImageObject","inLanguage":"es","@id":"https:\/\/sistemasposcolombia.com\/tienda\/#\/schema\/logo\/image\/","url":"https:\/\/sistemasposcolombia.com\/tienda\/wp-content\/uploads\/2025\/10\/Logo-Header.webp","contentUrl":"https:\/\/sistemasposcolombia.com\/tienda\/wp-content\/uploads\/2025\/10\/Logo-Header.webp","width":392,"height":192,"caption":"Sistemas POS Colombia"},"image":{"@id":"https:\/\/sistemasposcolombia.com\/tienda\/#\/schema\/logo\/image\/"},"sameAs":["https:\/\/www.facebook.com\/sistemasposcolombia","https:\/\/www.instagram.com\/sistemasposcolombia\/","https:\/\/www.youtube.com\/@sistemasposcolombia","https:\/\/sistemasposcolombia.com\/"]}]},"product_price_amount":"1900000","product_price_currency":"COP","og_availability":"instock","product_availability":"instock","product_condition":"new"},"_links":{"self":[{"href":"https:\/\/sistemasposcolombia.com\/tienda\/wp-json\/wp\/v2\/product\/1141","targetHints":{"allow":["GET"]}}],"collection":[{"href":"https:\/\/sistemasposcolombia.com\/tienda\/wp-json\/wp\/v2\/product"}],"about":[{"href":"https:\/\/sistemasposcolombia.com\/tienda\/wp-json\/wp\/v2\/types\/product"}],"replies":[{"embeddable":true,"href":"https:\/\/sistemasposcolombia.com\/tienda\/wp-json\/wp\/v2\/comments?post=1141"}],"wp:featuredmedia":[{"embeddable":true,"href":"https:\/\/sistemasposcolombia.com\/tienda\/wp-json\/wp\/v2\/media\/4023"}],"wp:attachment":[{"href":"https:\/\/sistemasposcolombia.com\/tienda\/wp-json\/wp\/v2\/media?parent=1141"}],"wp:term":[{"taxonomy":"product_brand","embeddable":true,"href":"https:\/\/sistemasposcolombia.com\/tienda\/wp-json\/wp\/v2\/product_brand?post=1141"},{"taxonomy":"product_cat","embeddable":true,"href":"https:\/\/sistemasposcolombia.com\/tienda\/wp-json\/wp\/v2\/product_cat?post=1141"},{"taxonomy":"product_tag","embeddable":true,"href":"https:\/\/sistemasposcolombia.com\/tienda\/wp-json\/wp\/v2\/product_tag?post=1141"}],"curies":[{"name":"wp","href":"https:\/\/api.w.org\/{rel}","templated":true}]}}