{"id":1124,"date":"2024-04-29T11:26:27","date_gmt":"2024-04-29T16:26:27","guid":{"rendered":"https:\/\/sistemasposcolombia.com\/tienda\/?post_type=product&#038;p=1124"},"modified":"2026-05-04T17:08:02","modified_gmt":"2026-05-04T22:08:02","slug":"equipo-pos-tactil-15","status":"publish","type":"product","link":"https:\/\/sistemasposcolombia.com\/tienda\/producto\/equipo-pos-tactil-15\/","title":{"rendered":"Equipo Para Punto de Venta POS T\u00e1ctil Todo en Uno Industrial 15&#8243;"},"content":{"rendered":"<p data-start=\"409\" data-end=\"687\">El <strong data-start=\"412\" data-end=\"461\">Equipo Todo en Uno T\u00e1ctil para punto de venta<\/strong> es una soluci\u00f3n moderna y eficiente para negocios que desean agilizar la gesti\u00f3n de ventas y productos. Gracias a su pantalla t\u00e1ctil de alta precisi\u00f3n, permite operar sistemas POS y software de facturaci\u00f3n con simples toques.<\/p>\n<p data-start=\"689\" data-end=\"911\">Adem\u00e1s, su dise\u00f1o compacto y profesional te facilitar\u00e1 mantener un \u00e1rea de trabajo ordenada y funcional en el mostrador. Esto lo hace, la mejor opci\u00f3n para comercios que buscan mejorar la eficiencia en el punto de pago.<\/p>\n<p data-start=\"913\" data-end=\"1094\">Este <strong data-start=\"918\" data-end=\"962\">Equipo T\u00e1ctil Todo en Uno Punto de Venta<\/strong> combina rendimiento, estabilidad y tecnolog\u00eda grado industrial, ideal para operaciones comerciales con flujo constante de clientes.<\/p>\n<h3 data-section-id=\"zmewqp\" data-start=\"1096\" data-end=\"1127\">Caracter\u00edsticas principales<\/h3>\n<p data-start=\"1129\" data-end=\"1620\">\u2022 Pantalla <strong data-start=\"1140\" data-end=\"1177\">Todo en Uno T\u00e1ctil de 15 pulgadas<\/strong> grado industrial<br data-start=\"1194\" data-end=\"1197\" \/>\u2022 Tecnolog\u00eda <strong data-start=\"1210\" data-end=\"1238\">multit\u00e1ctil de 10 puntos<\/strong> de alta precisi\u00f3n<br data-start=\"1256\" data-end=\"1259\" \/>\u2022 Alta resistencia a humedad ambiental y salpicaduras leves<br data-start=\"1318\" data-end=\"1321\" \/>\u2022 Procesador <strong data-start=\"1334\" data-end=\"1370\">Intel Celeron J4125 de 4 n\u00facleos<\/strong> eficiente para operaciones de punto de pago<br data-start=\"1414\" data-end=\"1417\" \/>\u2022 <strong data-start=\"1419\" data-end=\"1446\">8GB de memoria RAM DDR4<\/strong>, ideal para sistemas POS y aplicaciones comerciales<br data-start=\"1498\" data-end=\"1501\" \/>\u2022 <strong data-start=\"1503\" data-end=\"1532\">Disco s\u00f3lido SSD de 240GB<\/strong> para mayor velocidad y estabilidad<br data-start=\"1567\" data-end=\"1570\" \/>\u2022 Sistema operativo <strong data-start=\"1590\" data-end=\"1620\">Windows 11 Pro Corporativo<\/strong><\/p>\n<p data-start=\"1129\" data-end=\"1620\">\u2022 <strong>OBSEQUIOS<\/strong> extras revisar secci\u00f3n obsequios<\/p>\n<h3 data-section-id=\"u29hg\" data-start=\"1622\" data-end=\"1640\">Compatibilidad<\/h3>\n<p data-start=\"1642\" data-end=\"1890\">Este <strong data-start=\"1647\" data-end=\"1684\">Equipo T\u00e1ctil Para Punto de Venta<\/strong> es compatible con la mayor\u00eda de <strong data-start=\"1717\" data-end=\"1785\">software POS y sistemas de facturaci\u00f3n disponibles en el mercado<\/strong>. Adem\u00e1s, te permite trabajar con diferentes aplicaciones comerciales seg\u00fan las necesidades de tu negocio.<\/p>\n<p data-start=\"1892\" data-end=\"2041\">Asimismo, su arquitectura facilita la conexi\u00f3n con <strong data-start=\"1943\" data-end=\"2040\">impresoras t\u00e9rmicas, lectores de c\u00f3digos de barras, cajones monederos y otros perif\u00e9ricos POS<\/strong>.<\/p>\n<h3 data-section-id=\"16yom4n\" data-start=\"2043\" data-end=\"2075\">Instalaci\u00f3n y funcionamiento<\/h3>\n<p data-start=\"1537\" data-end=\"1758\">Este Equipo Todo en Uno T\u00e1ctil te permite una instalaci\u00f3n r\u00e1pida y sencilla. Gracias a su sistema operativo actualizado <strong data-start=\"1652\" data-end=\"1684\">(Windows 11 Pro Corporativo)<\/strong>, es posible instalar software comercial o gestores POS de forma pr\u00e1ctica.<\/p>\n<p data-start=\"1760\" data-end=\"2065\">Pueden entregarse algunas herramientas b\u00e1sicas de gesti\u00f3n comercial y apoyo para punto de venta, instaladas como cortes\u00eda. Estas herramientas pueden servir <strong data-start=\"1937\" data-end=\"2065\">como apoyo en tu negocio, realizar pruebas iniciales o familiarizarse con el funcionamiento de un sistema de punto de venta.<\/strong><\/p>\n<p data-start=\"2067\" data-end=\"2200\">Puedes conocer estos obsequios, en la ficha obsequios, tambi\u00e9n puedes instalar el software POS o sistema de facturaci\u00f3n que prefieras, seg\u00fan las necesidades de tu negocio.<\/p>\n<h3 data-section-id=\"1b2drel\" data-start=\"2701\" data-end=\"2729\">Condiciones del producto<\/h3>\n<p data-start=\"2731\" data-end=\"2909\">En t\u00e9rminos generales, los equipos se entregan <strong data-start=\"2768\" data-end=\"2803\">listos para puesta en marcha inmediata<\/strong>, con el sistema operativo actualizado y configuraciones b\u00e1sicas realizadas para facilitar su uso inicial.<\/p>\n<p data-start=\"2911\" data-end=\"3221\">La compra no incluye servicios de instalaci\u00f3n ni configuraci\u00f3n remota. Sin embargo, si deseas acompa\u00f1amiento adicional, puedes solicitar <strong data-start=\"3059\" data-end=\"3121\">servicios de instalaci\u00f3n, configuraci\u00f3n o asesor\u00eda t\u00e9cnica<\/strong> a trav\u00e9s del centro de servicios aliado externo (servicios opcionales, algunos con costo adicional).<\/p>\n<p style=\"text-align: center;\" data-start=\"2911\" data-end=\"3221\"><a href=\"https:\/\/sistemasposcolombia.com\/tienda\/reembolso_devoluciones\/\"><strong>GARANT\u00cdA 12 MESES<\/strong><\/a><\/p>\n","protected":false},"excerpt":{"rendered":"<p data-start=\"382\" data-end=\"420\">\ud83d\uded2\u00a0<strong data-start=\"385\" data-end=\"420\">Compra online directa y segura.<\/strong><\/p>\n<p data-start=\"422\" data-end=\"484\">\ud83d\udce6\u00a0<strong data-start=\"425\" data-end=\"484\">Producto disponible en inventario para env\u00edo inmediato.<\/strong><\/p>\n<p data-start=\"486\" data-end=\"583\">\ud83d\ude9a\u00a0<strong data-start=\"489\" data-end=\"542\">Env\u00edo GRATIS disponible a gran parte de Colombia.<\/strong>\u00a0<em data-start=\"543\" data-end=\"583\">(<a href=\"https:\/\/sistemasposcolombia.com\/tienda\/politica-de-envios\/\">Consulta t\u00e9rminos y condiciones aqu\u00ed<\/a>)<\/em><\/p>\n<p data-start=\"585\" data-end=\"622\">\ud83d\udd12\u00a0<strong data-start=\"588\" data-end=\"622\">Nuevo, sellado y con garant\u00eda.<\/strong><\/p>\n<ul>\n<li>Computador <strong data-start=\"1122\" data-end=\"1148\">POS Todo en Uno t\u00e1ctil<\/strong> ideal para comercios que buscan un equipo moderno, eficiente y confiable para su punto de venta. Dise\u00f1o <strong data-start=\"1253\" data-end=\"1273\">grado industrial<\/strong> con pantalla t\u00e1ctil de <strong data-start=\"1297\" data-end=\"1330\">10 puntos de alta resistencia<\/strong>, preparado para trabajo continuo.<\/li>\n<li>Intel Celeron J4125 4 N\u00facleos 8GB RAM DDR4, Disco SSD240GB Totalmente Actualizado con Windows 11 PRO Corporativo, 100% Compatible con Cualquier Software de Facturaci\u00f3n como Alegra, SIIGO y Cualquiera que desees usar<\/li>\n<li>Incluye <strong data-start=\"1542\" data-end=\"1572\">Windows 11 Pro actualizado<\/strong>, compatible con la mayor\u00eda de software POS y sistemas de facturaci\u00f3n del mercado.<\/li>\n<li><a href=\"https:\/\/sistemasposcolombia.com\/tienda\/reembolso_devoluciones\/\"><strong>GARANT\u00cdA 12 MESES<\/strong><\/a><\/li>\n<\/ul>\n","protected":false},"featured_media":3522,"comment_status":"open","ping_status":"closed","template":"","meta":[],"product_brand":[],"product_cat":[32],"product_tag":[],"class_list":{"0":"post-1124","1":"product","2":"type-product","3":"status-publish","4":"has-post-thumbnail","6":"product_cat-equipos-para-punto-de-pago-pos","8":"first","9":"outofstock","10":"sale","11":"featured","12":"sold-individually","13":"taxable","14":"shipping-taxable","15":"purchasable","16":"product-type-simple"},"composite_virtual":false,"composite_layout":"","composite_add_to_cart_form_location":"","composite_editable_in_cart":false,"composite_sold_individually_context":"","composite_shop_price_calc":"","composite_components":[],"composite_scenarios":[],"yoast_head":"<!-- This site is optimized with the Yoast SEO Premium plugin v26.2 (Yoast SEO v26.2) - https:\/\/yoast.com\/wordpress\/plugins\/seo\/ -->\n<title>Equipo Para Punto de Venta POS T\u00e1ctil Todo en Uno Industrial 15&quot; - Sistemas POS Colombia<\/title>\n<meta name=\"description\" content=\"Optimiza tu punto de venta con nuestro Equipo Para Punto de Venta Todo en Uno T\u00e1ctil. Facilidad y eficiencia. Liquida f\u00e1cilmente con solo Tocar t\u00e1ctil\" \/>\n<meta name=\"robots\" content=\"index, follow, max-snippet:-1, max-image-preview:large, max-video-preview:-1\" \/>\n<link rel=\"canonical\" href=\"https:\/\/sistemasposcolombia.com\/tienda\/producto\/equipo-pos-tactil-15\/\" \/>\n<meta property=\"og:locale\" content=\"es_ES\" \/>\n<meta property=\"og:type\" content=\"article\" \/>\n<meta property=\"og:title\" content=\"Equipo Para Punto de Venta POS T\u00e1ctil Todo en Uno Industrial 15&quot;\" \/>\n<meta property=\"og:description\" content=\"Optimiza tu punto de venta con nuestro Equipo Para Punto de Venta Todo en Uno T\u00e1ctil. Facilidad y eficiencia. Liquida f\u00e1cilmente con solo Tocar t\u00e1ctil\" \/>\n<meta property=\"og:url\" content=\"https:\/\/sistemasposcolombia.com\/tienda\/producto\/equipo-pos-tactil-15\/\" \/>\n<meta property=\"og:site_name\" content=\"Sistemas POS Colombia\" \/>\n<meta property=\"article:publisher\" content=\"https:\/\/www.facebook.com\/sistemasposcolombia\" \/>\n<meta property=\"article:modified_time\" content=\"2026-05-04T22:08:02+00:00\" \/>\n<meta property=\"og:image\" content=\"https:\/\/sistemasposcolombia.com\/tienda\/wp-content\/uploads\/2025\/11\/Equipo-Tactil-SAT-3.webp\" \/>\n\t<meta property=\"og:image:width\" content=\"1080\" \/>\n\t<meta property=\"og:image:height\" content=\"1080\" \/>\n\t<meta property=\"og:image:type\" content=\"image\/webp\" \/>\n<meta name=\"twitter:card\" content=\"summary_large_image\" \/>\n<meta name=\"twitter:label1\" content=\"Precio\" \/>\n\t<meta name=\"twitter:data1\" content=\"&#036;&nbsp;1.680.000\" \/>\n\t<meta name=\"twitter:label2\" content=\"Disponibilidad\" \/>\n\t<meta name=\"twitter:data2\" content=\"Sin existencias\" \/>\n<script type=\"application\/ld+json\" class=\"yoast-schema-graph\">{\"@context\":\"https:\/\/schema.org\",\"@graph\":[{\"@type\":\"WebPage\",\"@id\":\"https:\/\/sistemasposcolombia.com\/tienda\/producto\/equipo-pos-tactil-15\/\",\"url\":\"https:\/\/sistemasposcolombia.com\/tienda\/producto\/equipo-pos-tactil-15\/\",\"name\":\"Equipo Para Punto de Venta POS T\u00e1ctil Todo en Uno Industrial 15\\\" - Sistemas POS Colombia\",\"isPartOf\":{\"@id\":\"https:\/\/sistemasposcolombia.com\/tienda\/#website\"},\"primaryImageOfPage\":{\"@id\":\"https:\/\/sistemasposcolombia.com\/tienda\/producto\/equipo-pos-tactil-15\/#primaryimage\"},\"image\":{\"@id\":\"https:\/\/sistemasposcolombia.com\/tienda\/producto\/equipo-pos-tactil-15\/#primaryimage\"},\"thumbnailUrl\":\"https:\/\/sistemasposcolombia.com\/tienda\/wp-content\/uploads\/2025\/11\/Equipo-Tactil-SAT-3.webp\",\"datePublished\":\"2024-04-29T16:26:27+00:00\",\"dateModified\":\"2026-05-04T22:08:02+00:00\",\"description\":\"Optimiza tu punto de venta con nuestro Equipo Para Punto de Venta Todo en Uno T\u00e1ctil. Facilidad y eficiencia. Liquida f\u00e1cilmente con solo Tocar t\u00e1ctil\",\"breadcrumb\":{\"@id\":\"https:\/\/sistemasposcolombia.com\/tienda\/producto\/equipo-pos-tactil-15\/#breadcrumb\"},\"inLanguage\":\"es\",\"potentialAction\":[{\"@type\":\"ReadAction\",\"target\":[\"https:\/\/sistemasposcolombia.com\/tienda\/producto\/equipo-pos-tactil-15\/\"]}]},{\"@type\":\"ImageObject\",\"inLanguage\":\"es\",\"@id\":\"https:\/\/sistemasposcolombia.com\/tienda\/producto\/equipo-pos-tactil-15\/#primaryimage\",\"url\":\"https:\/\/sistemasposcolombia.com\/tienda\/wp-content\/uploads\/2025\/11\/Equipo-Tactil-SAT-3.webp\",\"contentUrl\":\"https:\/\/sistemasposcolombia.com\/tienda\/wp-content\/uploads\/2025\/11\/Equipo-Tactil-SAT-3.webp\",\"width\":1080,\"height\":1080,\"caption\":\"Computador T\u00e1ctil SAT Para POS Punto de Venta\"},{\"@type\":\"BreadcrumbList\",\"@id\":\"https:\/\/sistemasposcolombia.com\/tienda\/producto\/equipo-pos-tactil-15\/#breadcrumb\",\"itemListElement\":[{\"@type\":\"ListItem\",\"position\":1,\"name\":\"Portada\",\"item\":\"https:\/\/sistemasposcolombia.com\/tienda\/\"},{\"@type\":\"ListItem\",\"position\":2,\"name\":\"Tienda Oficial\",\"item\":\"https:\/\/sistemasposcolombia.com\/tienda\/\"},{\"@type\":\"ListItem\",\"position\":3,\"name\":\"Equipo Para Punto de Venta POS T\u00e1ctil Todo en Uno Industrial 15&#8243;\"}]},{\"@type\":\"WebSite\",\"@id\":\"https:\/\/sistemasposcolombia.com\/tienda\/#website\",\"url\":\"https:\/\/sistemasposcolombia.com\/tienda\/\",\"name\":\"Sistemas POS Colombia\",\"description\":\"Tienda Oficial\",\"publisher\":{\"@id\":\"https:\/\/sistemasposcolombia.com\/tienda\/#organization\"},\"potentialAction\":[{\"@type\":\"SearchAction\",\"target\":{\"@type\":\"EntryPoint\",\"urlTemplate\":\"https:\/\/sistemasposcolombia.com\/tienda\/?s={search_term_string}\"},\"query-input\":{\"@type\":\"PropertyValueSpecification\",\"valueRequired\":true,\"valueName\":\"search_term_string\"}}],\"inLanguage\":\"es\"},{\"@type\":\"Organization\",\"@id\":\"https:\/\/sistemasposcolombia.com\/tienda\/#organization\",\"name\":\"Sistemas POS Colombia\",\"url\":\"https:\/\/sistemasposcolombia.com\/tienda\/\",\"logo\":{\"@type\":\"ImageObject\",\"inLanguage\":\"es\",\"@id\":\"https:\/\/sistemasposcolombia.com\/tienda\/#\/schema\/logo\/image\/\",\"url\":\"https:\/\/sistemasposcolombia.com\/tienda\/wp-content\/uploads\/2025\/10\/Logo-Header.webp\",\"contentUrl\":\"https:\/\/sistemasposcolombia.com\/tienda\/wp-content\/uploads\/2025\/10\/Logo-Header.webp\",\"width\":392,\"height\":192,\"caption\":\"Sistemas POS Colombia\"},\"image\":{\"@id\":\"https:\/\/sistemasposcolombia.com\/tienda\/#\/schema\/logo\/image\/\"},\"sameAs\":[\"https:\/\/www.facebook.com\/sistemasposcolombia\",\"https:\/\/www.instagram.com\/sistemasposcolombia\/\",\"https:\/\/www.youtube.com\/@sistemasposcolombia\",\"https:\/\/sistemasposcolombia.com\/\"]}]}<\/script>\n<meta property=\"product:price:amount\" content=\"1680000\" \/>\n<meta property=\"product:price:currency\" content=\"COP\" \/>\n<meta property=\"og:availability\" content=\"out of stock\" \/>\n<meta property=\"product:availability\" content=\"out of stock\" \/>\n<meta property=\"product:condition\" content=\"new\" \/>\n<!-- \/ Yoast SEO Premium plugin. -->","yoast_head_json":{"title":"Equipo Para Punto de Venta POS T\u00e1ctil Todo en Uno Industrial 15\" - Sistemas POS Colombia","description":"Optimiza tu punto de venta con nuestro Equipo Para Punto de Venta Todo en Uno T\u00e1ctil. Facilidad y eficiencia. Liquida f\u00e1cilmente con solo Tocar t\u00e1ctil","robots":{"index":"index","follow":"follow","max-snippet":"max-snippet:-1","max-image-preview":"max-image-preview:large","max-video-preview":"max-video-preview:-1"},"canonical":"https:\/\/sistemasposcolombia.com\/tienda\/producto\/equipo-pos-tactil-15\/","og_locale":"es_ES","og_type":"article","og_title":"Equipo Para Punto de Venta POS T\u00e1ctil Todo en Uno Industrial 15\"","og_description":"Optimiza tu punto de venta con nuestro Equipo Para Punto de Venta Todo en Uno T\u00e1ctil. Facilidad y eficiencia. Liquida f\u00e1cilmente con solo Tocar t\u00e1ctil","og_url":"https:\/\/sistemasposcolombia.com\/tienda\/producto\/equipo-pos-tactil-15\/","og_site_name":"Sistemas POS Colombia","article_publisher":"https:\/\/www.facebook.com\/sistemasposcolombia","article_modified_time":"2026-05-04T22:08:02+00:00","og_image":[{"width":1080,"height":1080,"url":"https:\/\/sistemasposcolombia.com\/tienda\/wp-content\/uploads\/2025\/11\/Equipo-Tactil-SAT-3.webp","type":"image\/webp"}],"twitter_card":"summary_large_image","twitter_misc":{"Precio":"&#36;&nbsp;1.680.000","Disponibilidad":"Sin existencias"},"schema":{"@context":"https:\/\/schema.org","@graph":[{"@type":"WebPage","@id":"https:\/\/sistemasposcolombia.com\/tienda\/producto\/equipo-pos-tactil-15\/","url":"https:\/\/sistemasposcolombia.com\/tienda\/producto\/equipo-pos-tactil-15\/","name":"Equipo Para Punto de Venta POS T\u00e1ctil Todo en Uno Industrial 15\" - Sistemas POS Colombia","isPartOf":{"@id":"https:\/\/sistemasposcolombia.com\/tienda\/#website"},"primaryImageOfPage":{"@id":"https:\/\/sistemasposcolombia.com\/tienda\/producto\/equipo-pos-tactil-15\/#primaryimage"},"image":{"@id":"https:\/\/sistemasposcolombia.com\/tienda\/producto\/equipo-pos-tactil-15\/#primaryimage"},"thumbnailUrl":"https:\/\/sistemasposcolombia.com\/tienda\/wp-content\/uploads\/2025\/11\/Equipo-Tactil-SAT-3.webp","datePublished":"2024-04-29T16:26:27+00:00","dateModified":"2026-05-04T22:08:02+00:00","description":"Optimiza tu punto de venta con nuestro Equipo Para Punto de Venta Todo en Uno T\u00e1ctil. Facilidad y eficiencia. Liquida f\u00e1cilmente con solo Tocar t\u00e1ctil","breadcrumb":{"@id":"https:\/\/sistemasposcolombia.com\/tienda\/producto\/equipo-pos-tactil-15\/#breadcrumb"},"inLanguage":"es","potentialAction":[{"@type":"ReadAction","target":["https:\/\/sistemasposcolombia.com\/tienda\/producto\/equipo-pos-tactil-15\/"]}]},{"@type":"ImageObject","inLanguage":"es","@id":"https:\/\/sistemasposcolombia.com\/tienda\/producto\/equipo-pos-tactil-15\/#primaryimage","url":"https:\/\/sistemasposcolombia.com\/tienda\/wp-content\/uploads\/2025\/11\/Equipo-Tactil-SAT-3.webp","contentUrl":"https:\/\/sistemasposcolombia.com\/tienda\/wp-content\/uploads\/2025\/11\/Equipo-Tactil-SAT-3.webp","width":1080,"height":1080,"caption":"Computador T\u00e1ctil SAT Para POS Punto de Venta"},{"@type":"BreadcrumbList","@id":"https:\/\/sistemasposcolombia.com\/tienda\/producto\/equipo-pos-tactil-15\/#breadcrumb","itemListElement":[{"@type":"ListItem","position":1,"name":"Portada","item":"https:\/\/sistemasposcolombia.com\/tienda\/"},{"@type":"ListItem","position":2,"name":"Tienda Oficial","item":"https:\/\/sistemasposcolombia.com\/tienda\/"},{"@type":"ListItem","position":3,"name":"Equipo Para Punto de Venta POS T\u00e1ctil Todo en Uno Industrial 15&#8243;"}]},{"@type":"WebSite","@id":"https:\/\/sistemasposcolombia.com\/tienda\/#website","url":"https:\/\/sistemasposcolombia.com\/tienda\/","name":"Sistemas POS Colombia","description":"Tienda Oficial","publisher":{"@id":"https:\/\/sistemasposcolombia.com\/tienda\/#organization"},"potentialAction":[{"@type":"SearchAction","target":{"@type":"EntryPoint","urlTemplate":"https:\/\/sistemasposcolombia.com\/tienda\/?s={search_term_string}"},"query-input":{"@type":"PropertyValueSpecification","valueRequired":true,"valueName":"search_term_string"}}],"inLanguage":"es"},{"@type":"Organization","@id":"https:\/\/sistemasposcolombia.com\/tienda\/#organization","name":"Sistemas POS Colombia","url":"https:\/\/sistemasposcolombia.com\/tienda\/","logo":{"@type":"ImageObject","inLanguage":"es","@id":"https:\/\/sistemasposcolombia.com\/tienda\/#\/schema\/logo\/image\/","url":"https:\/\/sistemasposcolombia.com\/tienda\/wp-content\/uploads\/2025\/10\/Logo-Header.webp","contentUrl":"https:\/\/sistemasposcolombia.com\/tienda\/wp-content\/uploads\/2025\/10\/Logo-Header.webp","width":392,"height":192,"caption":"Sistemas POS Colombia"},"image":{"@id":"https:\/\/sistemasposcolombia.com\/tienda\/#\/schema\/logo\/image\/"},"sameAs":["https:\/\/www.facebook.com\/sistemasposcolombia","https:\/\/www.instagram.com\/sistemasposcolombia\/","https:\/\/www.youtube.com\/@sistemasposcolombia","https:\/\/sistemasposcolombia.com\/"]}]},"product_price_amount":"1680000","product_price_currency":"COP","og_availability":"out of stock","product_availability":"out of stock","product_condition":"new"},"_links":{"self":[{"href":"https:\/\/sistemasposcolombia.com\/tienda\/wp-json\/wp\/v2\/product\/1124","targetHints":{"allow":["GET"]}}],"collection":[{"href":"https:\/\/sistemasposcolombia.com\/tienda\/wp-json\/wp\/v2\/product"}],"about":[{"href":"https:\/\/sistemasposcolombia.com\/tienda\/wp-json\/wp\/v2\/types\/product"}],"replies":[{"embeddable":true,"href":"https:\/\/sistemasposcolombia.com\/tienda\/wp-json\/wp\/v2\/comments?post=1124"}],"wp:featuredmedia":[{"embeddable":true,"href":"https:\/\/sistemasposcolombia.com\/tienda\/wp-json\/wp\/v2\/media\/3522"}],"wp:attachment":[{"href":"https:\/\/sistemasposcolombia.com\/tienda\/wp-json\/wp\/v2\/media?parent=1124"}],"wp:term":[{"taxonomy":"product_brand","embeddable":true,"href":"https:\/\/sistemasposcolombia.com\/tienda\/wp-json\/wp\/v2\/product_brand?post=1124"},{"taxonomy":"product_cat","embeddable":true,"href":"https:\/\/sistemasposcolombia.com\/tienda\/wp-json\/wp\/v2\/product_cat?post=1124"},{"taxonomy":"product_tag","embeddable":true,"href":"https:\/\/sistemasposcolombia.com\/tienda\/wp-json\/wp\/v2\/product_tag?post=1124"}],"curies":[{"name":"wp","href":"https:\/\/api.w.org\/{rel}","templated":true}]}}