{"id":1072,"date":"2024-04-07T11:32:16","date_gmt":"2024-04-07T16:32:16","guid":{"rendered":"https:\/\/sistemasposcolombia.com\/tienda\/?post_type=product&#038;p=1072"},"modified":"2026-05-16T19:01:10","modified_gmt":"2026-05-17T00:01:10","slug":"lector-codigos-de-barras-base-qr","status":"publish","type":"product","link":"https:\/\/sistemasposcolombia.com\/tienda\/producto\/lector-codigos-de-barras-base-qr\/","title":{"rendered":"Lector de C\u00f3digos de Barras con Base 1D \/ QR Jaltech"},"content":{"rendered":"<p data-start=\"62\" data-end=\"370\">El <strong data-start=\"65\" data-end=\"113\">Lector de C\u00f3digos de Barras con Base Jaltech<\/strong> es una soluci\u00f3n eficiente para optimizar la gesti\u00f3n de tu punto de venta. Este <strong data-start=\"191\" data-end=\"241\">Lector de C\u00f3digos QR y c\u00f3digos de barras 1D\/2D<\/strong> tipo pistola te ofrece escaneo r\u00e1pido y preciso, permitiendote registrar productos de forma \u00e1gil reduciendo tiempos de espera en caja.<\/p>\n<p data-start=\"372\" data-end=\"569\">Su dise\u00f1o ergon\u00f3mico facilita el uso prolongado, mientras que la base incluida te permite utilizarlo de forma manual o en modo autom\u00e1tico, mejorando la comodidad y productividad en el \u00e1rea de trabajo.<\/p>\n<h3 data-section-id=\"mo6ls1\" data-start=\"576\" data-end=\"611\"><strong data-start=\"580\" data-end=\"611\">Caracter\u00edsticas principales<\/strong><\/h3>\n<p data-start=\"613\" data-end=\"988\">\u2022 <strong data-start=\"615\" data-end=\"655\">Lectura manual o autom\u00e1tica continua<\/strong> con base incluida<br data-start=\"673\" data-end=\"676\" \/>\u2022 Compatible con <strong data-start=\"693\" data-end=\"734\">c\u00f3digos de barras 1D, 2D y c\u00f3digos QR<\/strong><br data-start=\"734\" data-end=\"737\" \/>\u2022 <strong data-start=\"739\" data-end=\"767\">Escaneo r\u00e1pido y preciso<\/strong> para agilizar procesos de venta con Sensor de 640 x 480<br data-start=\"799\" data-end=\"802\" \/>\u2022 Resoluci\u00f3n 5mil\/0,1 mm (PSC 90%, c\u00f3digo 39)<br data-start=\"869\" data-end=\"872\" \/>\u2022 Velocidad de escaneo 200 veces x Segundo con alcance de 6 a 30 Cent\u00edmetros<br data-start=\"928\" data-end=\"931\" \/>\u2022 Dise\u00f1o <strong data-start=\"940\" data-end=\"967\">ergon\u00f3mico y resistente<\/strong> para uso comercial<\/p>\n<h3 data-section-id=\"1cke70k\" data-start=\"995\" data-end=\"1017\"><strong data-start=\"999\" data-end=\"1017\">Compatibilidad<\/strong><\/h3>\n<p data-start=\"1019\" data-end=\"1223\">Este <strong data-start=\"1024\" data-end=\"1055\">lector de c\u00f3digos de barras<\/strong> es compatible con Windows, Linux, Android y IOS seg\u00fan indicaciones del fabricante, adem\u00e1s de integrarse f\u00e1cilmente con <strong data-start=\"1170\" data-end=\"1222\">cualquier gestor POS o sistema de punto de venta<\/strong>.<\/p>\n<p data-start=\"1225\" data-end=\"1361\">Su instalaci\u00f3n es muy sencilla, solo conectas y ya puedes empezar a utilizar el <strong data-start=\"1289\" data-end=\"1313\">lector de c\u00f3digos QR<\/strong> en pocos minutos sin configuraciones complejas.<\/p>\n<h3 data-section-id=\"1ukxhoq\" data-start=\"1368\" data-end=\"1410\"><strong data-start=\"1372\" data-end=\"1410\">Base incluida para mayor comodidad<\/strong><\/h3>\n<p data-start=\"1412\" data-end=\"1622\">La base incluida te permite mantener el <strong data-start=\"1449\" data-end=\"1477\">lector de c\u00f3digos barras<\/strong> siempre accesible y listo para escanear. Adem\u00e1s, facilita el uso en <strong data-start=\"1546\" data-end=\"1565\">modo autom\u00e1tico<\/strong>, ideal para puntos de venta con alto flujo de productos.<\/p>\n<p data-start=\"1624\" data-end=\"1755\">De esta manera, se mantiene un espacio de trabajo m\u00e1s ordenado y eficiente, mientras se mejora la velocidad de atenci\u00f3n al cliente.<\/p>\n<p style=\"text-align: center;\"><a href=\"https:\/\/sistemasposcolombia.com\/tienda\/reembolso_devoluciones\/\"><strong>GARANT\u00cdA 6 MESES<\/strong><\/a><\/p>\n","protected":false},"excerpt":{"rendered":"<p data-start=\"382\" data-end=\"420\">\ud83d\uded2\u00a0<strong data-start=\"385\" data-end=\"420\">Compra online directa y segura.<\/strong><\/p>\n<p data-start=\"422\" data-end=\"484\">\ud83d\udce6\u00a0<strong data-start=\"425\" data-end=\"484\">Producto disponible en inventario para env\u00edo inmediato.<\/strong><\/p>\n<p data-start=\"486\" data-end=\"583\">\ud83d\ude9a\u00a0<strong data-start=\"489\" data-end=\"542\">Env\u00edo GRATIS disponible a gran parte de Colombia.<\/strong>\u00a0<em data-start=\"543\" data-end=\"583\">(<a href=\"https:\/\/sistemasposcolombia.com\/tienda\/politica-de-envios\/\">Consulta t\u00e9rminos y condiciones aqu\u00ed<\/a>)<\/em><\/p>\n<p data-start=\"585\" data-end=\"622\">\ud83d\udd12\u00a0<strong data-start=\"588\" data-end=\"622\">Nuevo, sellado y con garant\u00eda.<\/strong><\/p>\n<ul>\n<li>Lectura Manual o Autom\u00e1tica Continua<\/li>\n<li>Eficiencia en Lectura L\u00e1ser con Multi Protocolo para C\u00f3digos 1D\/2D QR<\/li>\n<li>F\u00e1cil programaci\u00f3n y configuraci\u00f3n Plug &amp; Play Base incluida<\/li>\n<li>Compatibilidad con Windows, Linux, Android y IOS, tambi\u00e9n con Cualquier Gestor POS<\/li>\n<li><a href=\"https:\/\/sistemasposcolombia.com\/tienda\/reembolso_devoluciones\/\"><strong>GARANT\u00cdA 6 MESES<\/strong><\/a><\/li>\n<\/ul>\n","protected":false},"featured_media":3435,"comment_status":"open","ping_status":"closed","template":"","meta":[],"product_brand":[],"product_cat":[30],"product_tag":[],"class_list":{"0":"post-1072","1":"product","2":"type-product","3":"status-publish","4":"has-post-thumbnail","6":"product_cat-lectores-de-codigos-de-barras","8":"first","9":"instock","10":"taxable","11":"shipping-taxable","12":"purchasable","13":"product-type-simple"},"composite_virtual":false,"composite_layout":"","composite_add_to_cart_form_location":"","composite_editable_in_cart":false,"composite_sold_individually_context":"","composite_shop_price_calc":"","composite_components":[],"composite_scenarios":[],"yoast_head":"<!-- This site is optimized with the Yoast SEO Premium plugin v26.2 (Yoast SEO v26.2) - https:\/\/yoast.com\/wordpress\/plugins\/seo\/ -->\n<title>Lector de C\u00f3digos de Barras - Sistemas POS Colombia<\/title>\n<meta name=\"description\" content=\"Mejora la eficiencia en tu negocio con nuestro Lector de C\u00f3digos de Barras. Escaneo r\u00e1pido y preciso para una gesti\u00f3n de inventario m\u00e1s eficaz.\" \/>\n<meta name=\"robots\" content=\"index, follow, max-snippet:-1, max-image-preview:large, max-video-preview:-1\" \/>\n<link rel=\"canonical\" href=\"https:\/\/sistemasposcolombia.com\/tienda\/producto\/lector-codigos-de-barras-base-qr\/\" \/>\n<meta property=\"og:locale\" content=\"es_ES\" \/>\n<meta property=\"og:type\" content=\"article\" \/>\n<meta property=\"og:title\" content=\"Lector de C\u00f3digos de Barras con Base 1D \/ QR Jaltech\" \/>\n<meta property=\"og:description\" content=\"Mejora la eficiencia en tu negocio con nuestro Lector de C\u00f3digos de Barras. Escaneo r\u00e1pido y preciso para una gesti\u00f3n de inventario m\u00e1s eficaz.\" \/>\n<meta property=\"og:url\" content=\"https:\/\/sistemasposcolombia.com\/tienda\/producto\/lector-codigos-de-barras-base-qr\/\" \/>\n<meta property=\"og:site_name\" content=\"Sistemas POS Colombia\" \/>\n<meta property=\"article:publisher\" content=\"https:\/\/www.facebook.com\/sistemasposcolombia\" \/>\n<meta property=\"article:modified_time\" content=\"2026-05-17T00:01:10+00:00\" \/>\n<meta property=\"og:image\" content=\"https:\/\/sistemasposcolombia.com\/tienda\/wp-content\/uploads\/2025\/10\/Lector-Codigos-Barras-y-QR-Jaltech-1.webp\" \/>\n\t<meta property=\"og:image:width\" content=\"1080\" \/>\n\t<meta property=\"og:image:height\" content=\"1080\" \/>\n\t<meta property=\"og:image:type\" content=\"image\/webp\" \/>\n<meta name=\"twitter:card\" content=\"summary_large_image\" \/>\n<meta name=\"twitter:label1\" content=\"Precio\" \/>\n\t<meta name=\"twitter:data1\" content=\"&#036;&nbsp;105.000\" \/>\n\t<meta name=\"twitter:label2\" content=\"Disponibilidad\" \/>\n\t<meta name=\"twitter:data2\" content=\"Disponible\" \/>\n<script type=\"application\/ld+json\" class=\"yoast-schema-graph\">{\"@context\":\"https:\/\/schema.org\",\"@graph\":[{\"@type\":\"WebPage\",\"@id\":\"https:\/\/sistemasposcolombia.com\/tienda\/producto\/lector-codigos-de-barras-base-qr\/\",\"url\":\"https:\/\/sistemasposcolombia.com\/tienda\/producto\/lector-codigos-de-barras-base-qr\/\",\"name\":\"Lector de C\u00f3digos de Barras - Sistemas POS Colombia\",\"isPartOf\":{\"@id\":\"https:\/\/sistemasposcolombia.com\/tienda\/#website\"},\"primaryImageOfPage\":{\"@id\":\"https:\/\/sistemasposcolombia.com\/tienda\/producto\/lector-codigos-de-barras-base-qr\/#primaryimage\"},\"image\":{\"@id\":\"https:\/\/sistemasposcolombia.com\/tienda\/producto\/lector-codigos-de-barras-base-qr\/#primaryimage\"},\"thumbnailUrl\":\"https:\/\/sistemasposcolombia.com\/tienda\/wp-content\/uploads\/2025\/10\/Lector-Codigos-Barras-y-QR-Jaltech-1.webp\",\"datePublished\":\"2024-04-07T16:32:16+00:00\",\"dateModified\":\"2026-05-17T00:01:10+00:00\",\"description\":\"Mejora la eficiencia en tu negocio con nuestro Lector de C\u00f3digos de Barras. Escaneo r\u00e1pido y preciso para una gesti\u00f3n de inventario m\u00e1s eficaz.\",\"breadcrumb\":{\"@id\":\"https:\/\/sistemasposcolombia.com\/tienda\/producto\/lector-codigos-de-barras-base-qr\/#breadcrumb\"},\"inLanguage\":\"es\",\"potentialAction\":[{\"@type\":\"ReadAction\",\"target\":[\"https:\/\/sistemasposcolombia.com\/tienda\/producto\/lector-codigos-de-barras-base-qr\/\"]}]},{\"@type\":\"ImageObject\",\"inLanguage\":\"es\",\"@id\":\"https:\/\/sistemasposcolombia.com\/tienda\/producto\/lector-codigos-de-barras-base-qr\/#primaryimage\",\"url\":\"https:\/\/sistemasposcolombia.com\/tienda\/wp-content\/uploads\/2025\/10\/Lector-Codigos-Barras-y-QR-Jaltech-1.webp\",\"contentUrl\":\"https:\/\/sistemasposcolombia.com\/tienda\/wp-content\/uploads\/2025\/10\/Lector-Codigos-Barras-y-QR-Jaltech-1.webp\",\"width\":1080,\"height\":1080,\"caption\":\"Lector de Codigos Barras y QR Jaltech\"},{\"@type\":\"BreadcrumbList\",\"@id\":\"https:\/\/sistemasposcolombia.com\/tienda\/producto\/lector-codigos-de-barras-base-qr\/#breadcrumb\",\"itemListElement\":[{\"@type\":\"ListItem\",\"position\":1,\"name\":\"Portada\",\"item\":\"https:\/\/sistemasposcolombia.com\/tienda\/\"},{\"@type\":\"ListItem\",\"position\":2,\"name\":\"Tienda Oficial\",\"item\":\"https:\/\/sistemasposcolombia.com\/tienda\/\"},{\"@type\":\"ListItem\",\"position\":3,\"name\":\"Lector de C\u00f3digos de Barras con Base 1D \/ QR Jaltech\"}]},{\"@type\":\"WebSite\",\"@id\":\"https:\/\/sistemasposcolombia.com\/tienda\/#website\",\"url\":\"https:\/\/sistemasposcolombia.com\/tienda\/\",\"name\":\"Sistemas POS Colombia\",\"description\":\"Tienda Oficial\",\"publisher\":{\"@id\":\"https:\/\/sistemasposcolombia.com\/tienda\/#organization\"},\"potentialAction\":[{\"@type\":\"SearchAction\",\"target\":{\"@type\":\"EntryPoint\",\"urlTemplate\":\"https:\/\/sistemasposcolombia.com\/tienda\/?s={search_term_string}\"},\"query-input\":{\"@type\":\"PropertyValueSpecification\",\"valueRequired\":true,\"valueName\":\"search_term_string\"}}],\"inLanguage\":\"es\"},{\"@type\":\"Organization\",\"@id\":\"https:\/\/sistemasposcolombia.com\/tienda\/#organization\",\"name\":\"Sistemas POS Colombia\",\"url\":\"https:\/\/sistemasposcolombia.com\/tienda\/\",\"logo\":{\"@type\":\"ImageObject\",\"inLanguage\":\"es\",\"@id\":\"https:\/\/sistemasposcolombia.com\/tienda\/#\/schema\/logo\/image\/\",\"url\":\"https:\/\/sistemasposcolombia.com\/tienda\/wp-content\/uploads\/2025\/10\/Logo-Header.webp\",\"contentUrl\":\"https:\/\/sistemasposcolombia.com\/tienda\/wp-content\/uploads\/2025\/10\/Logo-Header.webp\",\"width\":392,\"height\":192,\"caption\":\"Sistemas POS Colombia\"},\"image\":{\"@id\":\"https:\/\/sistemasposcolombia.com\/tienda\/#\/schema\/logo\/image\/\"},\"sameAs\":[\"https:\/\/www.facebook.com\/sistemasposcolombia\",\"https:\/\/www.instagram.com\/sistemasposcolombia\/\",\"https:\/\/www.youtube.com\/@sistemasposcolombia\",\"https:\/\/sistemasposcolombia.com\/\"]}]}<\/script>\n<meta property=\"product:price:amount\" content=\"105000\" \/>\n<meta property=\"product:price:currency\" content=\"COP\" \/>\n<meta property=\"og:availability\" content=\"instock\" \/>\n<meta property=\"product:availability\" content=\"instock\" \/>\n<meta property=\"product:condition\" content=\"new\" \/>\n<!-- \/ Yoast SEO Premium plugin. -->","yoast_head_json":{"title":"Lector de C\u00f3digos de Barras - Sistemas POS Colombia","description":"Mejora la eficiencia en tu negocio con nuestro Lector de C\u00f3digos de Barras. Escaneo r\u00e1pido y preciso para una gesti\u00f3n de inventario m\u00e1s eficaz.","robots":{"index":"index","follow":"follow","max-snippet":"max-snippet:-1","max-image-preview":"max-image-preview:large","max-video-preview":"max-video-preview:-1"},"canonical":"https:\/\/sistemasposcolombia.com\/tienda\/producto\/lector-codigos-de-barras-base-qr\/","og_locale":"es_ES","og_type":"article","og_title":"Lector de C\u00f3digos de Barras con Base 1D \/ QR Jaltech","og_description":"Mejora la eficiencia en tu negocio con nuestro Lector de C\u00f3digos de Barras. Escaneo r\u00e1pido y preciso para una gesti\u00f3n de inventario m\u00e1s eficaz.","og_url":"https:\/\/sistemasposcolombia.com\/tienda\/producto\/lector-codigos-de-barras-base-qr\/","og_site_name":"Sistemas POS Colombia","article_publisher":"https:\/\/www.facebook.com\/sistemasposcolombia","article_modified_time":"2026-05-17T00:01:10+00:00","og_image":[{"width":1080,"height":1080,"url":"https:\/\/sistemasposcolombia.com\/tienda\/wp-content\/uploads\/2025\/10\/Lector-Codigos-Barras-y-QR-Jaltech-1.webp","type":"image\/webp"}],"twitter_card":"summary_large_image","twitter_misc":{"Precio":"&#36;&nbsp;105.000","Disponibilidad":"Disponible"},"schema":{"@context":"https:\/\/schema.org","@graph":[{"@type":"WebPage","@id":"https:\/\/sistemasposcolombia.com\/tienda\/producto\/lector-codigos-de-barras-base-qr\/","url":"https:\/\/sistemasposcolombia.com\/tienda\/producto\/lector-codigos-de-barras-base-qr\/","name":"Lector de C\u00f3digos de Barras - Sistemas POS Colombia","isPartOf":{"@id":"https:\/\/sistemasposcolombia.com\/tienda\/#website"},"primaryImageOfPage":{"@id":"https:\/\/sistemasposcolombia.com\/tienda\/producto\/lector-codigos-de-barras-base-qr\/#primaryimage"},"image":{"@id":"https:\/\/sistemasposcolombia.com\/tienda\/producto\/lector-codigos-de-barras-base-qr\/#primaryimage"},"thumbnailUrl":"https:\/\/sistemasposcolombia.com\/tienda\/wp-content\/uploads\/2025\/10\/Lector-Codigos-Barras-y-QR-Jaltech-1.webp","datePublished":"2024-04-07T16:32:16+00:00","dateModified":"2026-05-17T00:01:10+00:00","description":"Mejora la eficiencia en tu negocio con nuestro Lector de C\u00f3digos de Barras. Escaneo r\u00e1pido y preciso para una gesti\u00f3n de inventario m\u00e1s eficaz.","breadcrumb":{"@id":"https:\/\/sistemasposcolombia.com\/tienda\/producto\/lector-codigos-de-barras-base-qr\/#breadcrumb"},"inLanguage":"es","potentialAction":[{"@type":"ReadAction","target":["https:\/\/sistemasposcolombia.com\/tienda\/producto\/lector-codigos-de-barras-base-qr\/"]}]},{"@type":"ImageObject","inLanguage":"es","@id":"https:\/\/sistemasposcolombia.com\/tienda\/producto\/lector-codigos-de-barras-base-qr\/#primaryimage","url":"https:\/\/sistemasposcolombia.com\/tienda\/wp-content\/uploads\/2025\/10\/Lector-Codigos-Barras-y-QR-Jaltech-1.webp","contentUrl":"https:\/\/sistemasposcolombia.com\/tienda\/wp-content\/uploads\/2025\/10\/Lector-Codigos-Barras-y-QR-Jaltech-1.webp","width":1080,"height":1080,"caption":"Lector de Codigos Barras y QR Jaltech"},{"@type":"BreadcrumbList","@id":"https:\/\/sistemasposcolombia.com\/tienda\/producto\/lector-codigos-de-barras-base-qr\/#breadcrumb","itemListElement":[{"@type":"ListItem","position":1,"name":"Portada","item":"https:\/\/sistemasposcolombia.com\/tienda\/"},{"@type":"ListItem","position":2,"name":"Tienda Oficial","item":"https:\/\/sistemasposcolombia.com\/tienda\/"},{"@type":"ListItem","position":3,"name":"Lector de C\u00f3digos de Barras con Base 1D \/ QR Jaltech"}]},{"@type":"WebSite","@id":"https:\/\/sistemasposcolombia.com\/tienda\/#website","url":"https:\/\/sistemasposcolombia.com\/tienda\/","name":"Sistemas POS Colombia","description":"Tienda Oficial","publisher":{"@id":"https:\/\/sistemasposcolombia.com\/tienda\/#organization"},"potentialAction":[{"@type":"SearchAction","target":{"@type":"EntryPoint","urlTemplate":"https:\/\/sistemasposcolombia.com\/tienda\/?s={search_term_string}"},"query-input":{"@type":"PropertyValueSpecification","valueRequired":true,"valueName":"search_term_string"}}],"inLanguage":"es"},{"@type":"Organization","@id":"https:\/\/sistemasposcolombia.com\/tienda\/#organization","name":"Sistemas POS Colombia","url":"https:\/\/sistemasposcolombia.com\/tienda\/","logo":{"@type":"ImageObject","inLanguage":"es","@id":"https:\/\/sistemasposcolombia.com\/tienda\/#\/schema\/logo\/image\/","url":"https:\/\/sistemasposcolombia.com\/tienda\/wp-content\/uploads\/2025\/10\/Logo-Header.webp","contentUrl":"https:\/\/sistemasposcolombia.com\/tienda\/wp-content\/uploads\/2025\/10\/Logo-Header.webp","width":392,"height":192,"caption":"Sistemas POS Colombia"},"image":{"@id":"https:\/\/sistemasposcolombia.com\/tienda\/#\/schema\/logo\/image\/"},"sameAs":["https:\/\/www.facebook.com\/sistemasposcolombia","https:\/\/www.instagram.com\/sistemasposcolombia\/","https:\/\/www.youtube.com\/@sistemasposcolombia","https:\/\/sistemasposcolombia.com\/"]}]},"product_price_amount":"105000","product_price_currency":"COP","og_availability":"instock","product_availability":"instock","product_condition":"new"},"_links":{"self":[{"href":"https:\/\/sistemasposcolombia.com\/tienda\/wp-json\/wp\/v2\/product\/1072","targetHints":{"allow":["GET"]}}],"collection":[{"href":"https:\/\/sistemasposcolombia.com\/tienda\/wp-json\/wp\/v2\/product"}],"about":[{"href":"https:\/\/sistemasposcolombia.com\/tienda\/wp-json\/wp\/v2\/types\/product"}],"replies":[{"embeddable":true,"href":"https:\/\/sistemasposcolombia.com\/tienda\/wp-json\/wp\/v2\/comments?post=1072"}],"wp:featuredmedia":[{"embeddable":true,"href":"https:\/\/sistemasposcolombia.com\/tienda\/wp-json\/wp\/v2\/media\/3435"}],"wp:attachment":[{"href":"https:\/\/sistemasposcolombia.com\/tienda\/wp-json\/wp\/v2\/media?parent=1072"}],"wp:term":[{"taxonomy":"product_brand","embeddable":true,"href":"https:\/\/sistemasposcolombia.com\/tienda\/wp-json\/wp\/v2\/product_brand?post=1072"},{"taxonomy":"product_cat","embeddable":true,"href":"https:\/\/sistemasposcolombia.com\/tienda\/wp-json\/wp\/v2\/product_cat?post=1072"},{"taxonomy":"product_tag","embeddable":true,"href":"https:\/\/sistemasposcolombia.com\/tienda\/wp-json\/wp\/v2\/product_tag?post=1072"}],"curies":[{"name":"wp","href":"https:\/\/api.w.org\/{rel}","templated":true}]}}