{"id":13,"date":"2024-02-22T14:52:02","date_gmt":"2024-02-22T19:52:02","guid":{"rendered":"https:\/\/sistemasposcolombia.com\/tienda\/?page_id=13"},"modified":"2025-10-04T12:12:14","modified_gmt":"2025-10-04T17:12:14","slug":"reembolso_devoluciones","status":"publish","type":"page","link":"https:\/\/sistemasposcolombia.com\/tienda\/reembolso_devoluciones\/","title":{"rendered":"Pol\u00edtica de Satisfacci\u00f3n, Garant\u00edas y Reembolsos"},"content":{"rendered":"\t\t<div data-elementor-type=\"wp-page\" data-elementor-id=\"13\" class=\"elementor elementor-13\" data-elementor-post-type=\"page\">\n\t\t\t\t<div class=\"elementor-element elementor-element-7061da7e e-flex e-con-boxed e-con e-parent\" data-id=\"7061da7e\" data-element_type=\"container\" data-e-type=\"container\">\r\n\t\t\t\t\t<div class=\"e-con-inner\">\r\n\t\t\t\t<div class=\"elementor-element elementor-element-117b6085 elementor-widget elementor-widget-text-editor\" data-id=\"117b6085\" data-element_type=\"widget\" data-e-type=\"widget\" data-widget_type=\"text-editor.default\">\n\t\t\t\t<div class=\"elementor-widget-container\">\n\t\t\t\t\t\t\t\t\t<h3 style=\"text-align: center;\">Pol\u00edtica de Satisfacci\u00f3n y Garant\u00edas<\/h3>\n<p><!-- \/wp:paragraph --><!-- wp:paragraph --><\/p>\n<p>Bienvenido a Sistemas POS Colombia, tu destino confiable para adquirir sistemas de punto de pago, repuestos y hardware relacionado. En Sistemas POS Colombia, nuestra prioridad es tu satisfacci\u00f3n. Por ello, nos enorgullece ofrecerte una garant\u00eda de satisfacci\u00f3n, lo que significa que puedes comprar con total confianza, y si por alguna raz\u00f3n no est\u00e1s completamente satisfecho con tu compra, te brindamos hasta 10 d\u00edas calendario desde el momento de recibir el producto para devolverlo y obtener un reembolso completo acorde a la ley 1480 de 2011, es importante tener en cuenta que esta garant\u00eda no aplica a los productos de software que se ofrecen como obsequio ni es invocada como causal, nuestro compromiso es brindarte una experiencia de compra sin preocupaciones y asegurarnos de que encuentres exactamente lo que necesitas para tu negocio. \u00a1Gracias por elegirnos!<\/p>\n<p><!-- \/wp:paragraph --><!-- wp:paragraph --><\/p>\n<p>Para acceder a la devoluci\u00f3n y obtener un reembolso completo de acuerdo con nuestra garant\u00eda de satisfacci\u00f3n, el producto devuelto debe cumplir con las siguientes condiciones:<\/p>\n<ol>\n<li>El producto debe estar en su estado original, completo y sin marcas de uso.<\/li>\n<li>Todos los empaques originales, incluyendo bolsas, cintas, amarradores e icopores, deben estar completos y en perfectas condiciones.<\/li>\n<li>El producto no debe presentar da\u00f1os ni abolladuras f\u00edsicas, as\u00ed como cortos el\u00e9ctricos evidentes.<\/li>\n<li>El producto debe ser retornado y puesto a disposici\u00f3n de nuestro equipo de atenci\u00f3n al cliente dentro del plazo de 10 d\u00edas calendario desde el momento de la recepci\u00f3n del producto por parte del cliente.<\/li>\n<\/ol>\n<p>Te recomendamos conservar los empaques completos de los productos en caso de que surjan dudas o necesites devolver el producto en el futuro. Nos reservamos el derecho de rechazar cualquier devoluci\u00f3n que no cumpla con estas condiciones bajo los t\u00e9rminos de Ley, gracias por comprender, juntos cooperamos y hacemos un comercio justo y equitativo.<\/p>\n<p>Productos no sujetos de Reembolso:<\/p>\n<p><!-- \/wp:paragraph --><!-- wp:list --><\/p>\n<ul>\n<li>Productos descargables y servicios digitales<\/li><li>Cables<\/li>\n<li>Software ejecutado, usado y Tarjetas de Regalo<\/li>\n<li>Licenciamiento Windows, office Registrado personalizado<\/li>\n<li>Art\u00edculos consumibles y de un solo uso, como papel, tintas, cintas y similares<\/li>\n<li>Licencias solicitadas y activadas digitalmente<\/li>\n<\/ul>\n<p><!-- \/wp:list --><!-- wp:paragraph --><\/p>\n<p>Para Facilitar la devoluci\u00f3n, basta con indicarnos brevemente el motivo, y realizar la solicitud formal, esto facilita el tr\u00e1mite y toda la log\u00edstica, haci\u00e9ndolo mas sencillo para el comprador.<\/p>\n<p><!-- \/wp:paragraph --><!-- wp:paragraph --><\/p>\n<p>Recuerde que una vez vencido este t\u00e9rmino el producto cuenta con su garant\u00eda normal, que puede ser usada directamente por nosotros (6 Meses) o con la marca seg\u00fan aplique, en este caso cont\u00e1ctenos para orientarle hacia la mejor opci\u00f3n, sin embargo nuestros productos presentan indices de falla m\u00ednimos, inferiores al 1% y usualmente la causa com\u00fan de solicitudes se da mas por no tomar asistencia preventiva de los mismos, o no seguir las instrucciones, aun as\u00ed conocemos los tr\u00e1mites de cada marca y los procesos para llevarlos a cabo, si no cuenta con empaques o cualquier situaci\u00f3n siempre comentenos y cuente con nuestro apoyo incondicional, solo basado en respeto y dialogo constructivo y eficiente<\/p>\n<p><!-- \/wp:paragraph --><!-- wp:paragraph --><\/p>\n<h2 style=\"text-align: center;\">Para Reembolsos<\/h2>\n<p><!-- \/wp:paragraph --><!-- wp:paragraph --><\/p>\n<p>Nos comprometemos a procesar los reembolsos de manera r\u00e1pida y eficiente para garantizar tu satisfacci\u00f3n como cliente, los reembolsos se realizar\u00e1n de acuerdo con el medio de pago utilizado para la compra original. Una vez que hayamos recibido y revisado el producto devuelto para verificar su integridad, te informaremos sobre el estado de tu reembolso en un plazo m\u00e1ximo de 24 horas. Por lo general, los reembolsos no tardan m\u00e1s de 48 horas en procesarse desde el momento en que se radica o recibe f\u00edsicamente el producto. Apreciamos tu paciencia y comprensi\u00f3n mientras trabajamos para asegurarnos de que recibas tu reembolso de manera oportuna, segura y sin complicaciones.<\/p>\n<p><b>REEMBOLSOS DEMORADOS<\/b><\/p>\n<p><!-- \/wp:paragraph --><!-- wp:paragraph --><\/p>\n<p>En ocasiones sucede que los reembolsos tardan en verse reflejados, pero esto a menudo obedece al medio de pago, si fue con una tarjeta de cr\u00e9dito, revisa en tu corte, de acuerdo a lo que informe tu banco.<\/p>\n<p><!-- \/wp:paragraph --><!-- wp:paragraph --><\/p>\n<p>Ante cualquier situaci\u00f3n siempre cuenta con nuestro apoyo, pero se comprensivo tambi\u00e9n y revisa, algunos procesos no dependen 100% de nosotros, pero te apoyaremos.<\/p>\n<p><!-- \/wp:paragraph --><!-- wp:paragraph --><\/p>\n<h2 style=\"text-align: center;\">Garant\u00edas<\/h2>\n<p>Siempre nos preocupamos por tu satisfacci\u00f3n en el equipo de Sistemas POS Colombia, y queremos que tengas total confianza en tus compras, te ofrecemos una garant\u00eda de 6 Meses a 1 a\u00f1o en todos nuestros productos nuevos, y 6 meses en los usados (CPU Tiny). Aunque nuestros art\u00edculos son de uso industrial, nos esforzamos por brindarte un servicio eficiente y resolver cualquier problema de garant\u00eda en un plazo m\u00e1ximo de 48 a 72 horas en los primeros 60 d\u00edas de tu compra, luego de este lapso operamos garant\u00eda directa de marca, donde puedes elegir si tramitarla con la marca o a trav\u00e9s nuestro. Nuestro \u00edndice de reclamaciones es m\u00ednimo menor al 1%, lo que refleja la calidad de nuestros productos.<\/p>\n<p>La garant\u00eda cubre todas las partes f\u00edsicas de tu compra, con excepci\u00f3n de los obsequios como teclados, mouse, cables, WIFI cuando se informen en la descripci\u00f3n como obsequios as\u00ed como los otros elementos similares que se detallen como obsequios, incluidos por su naturaleza Software, servicios y material de uso audiovisual que por su naturaleza son consumibles de un solo uso.&nbsp;<\/p>\n<p>En caso de presentarse alg\u00fan problema cubierto por la garant\u00eda, realizaremos la revisi\u00f3n, reposici\u00f3n o reparaci\u00f3n correspondiente.<\/p>\n<p>Es importante destacar que el software ofrecido como obsequio, no cuenta con garant\u00eda, por su simple naturaleza y porque es sujeto a manipulaciones, tampoco brindamos soporte u orientaci\u00f3n nosotros directamente,<span style=\"color: inherit; font-family: inherit; font-size: inherit; font-weight: inherit; letter-spacing: inherit;\">&nbsp;aunque proporcionamos orientaci\u00f3n para uso mediante videos para Auto Gesti\u00f3n, y para soporte t\u00e9cnico en caso de problemas o da\u00f1os por uso o causados, puedes contar con un Centro de Servicios Aliado que te acompa\u00f1ar\u00e1 durante todo el proceso t\u00e9cnico para garantizar una experiencia eficiente y neutral (Asumiendo los Respectivos Costos que se Causen).<\/span><\/p>\n<p>Nuestro objetivo es ofrecerte calidad y eficiencia en todos tus procesos t\u00e9cnicos. \u00a1Gracias por confiar en nosotros!<\/p>\n<p><!-- \/wp:paragraph --><!-- wp:paragraph --><!-- \/wp:paragraph --><!-- wp:paragraph --><\/p>\n<h2 style=\"text-align: center;\">Costos de Envios&nbsp;<\/h2>\n<p><!-- \/wp:paragraph --><!-- wp:paragraph --><\/p>\n<p>&nbsp;En Sistemas POS Colombia, nos esmeramos por garantizar tu satisfacci\u00f3n y econom\u00eda con cada compra que realices, en todos los procesos, a continuaci\u00f3n, te explicamos nuestras pol\u00edticas de env\u00edos y costos:<\/p>\n<ol>\n<li>\n<p>Env\u00edo de Despacho: El envio de despacho es tramitado por un operador log\u00edstico, el costo de este se ve reflejado en el Checkout y es muy favorable.<\/p>\n<\/li>\n<li>\n<p>Costos de Env\u00edo de Devoluciones: En el caso de devoluciones que obedezcan a fallas del producto remitido dentro del plazo de retracto (10 d\u00edas Calendario desde su recepci\u00f3n), los costos de env\u00edo ser\u00e1n asumidos por Sistemas POS Colombia. Sin embargo, si la devoluci\u00f3n es por capricho o retracto del usuario, los costos de env\u00edo de devoluciones correr\u00e1n por cuenta del usuario y ser\u00e1n descontados del valor a devolver. Una vez vencido este plazo, el usuario asumir\u00e1 los costos de env\u00edo correspondientes.<\/p>\n<\/li>\n<li>\n<p>Proceso de Devoluci\u00f3n: Para iniciar el proceso de devoluci\u00f3n, por favor cont\u00e1ctanos a trav\u00e9s de nuestro equipo de atenci\u00f3n al cliente, para iniciar el proceso, basta con comunicarlo en respuesta al correo de tu pedido completado, all\u00ed iniciaremos todo el tr\u00e1mite correspondiente y orientaci\u00f3n. Antes de proceder con la devoluci\u00f3n, el producto deber\u00e1 ser enviado para su respectiva revisi\u00f3n y evaluaci\u00f3n.<\/p>\n<\/li>\n<\/ol>\n<p>Nos comprometemos a procesar toda la log\u00edstica necesaria, de manera r\u00e1pida y eficiente, y a garantizar que recibas la atenci\u00f3n y el apoyo necesarios en cada etapa del proceso.<\/p>\n<p>\u00a1Gracias por confiar en Sistemas POS Colombia! Estamos aqu\u00ed para garantizar que tu experiencia de compra sea lo m\u00e1s satisfactoria posible.<\/p>\n<p><!-- \/wp:paragraph --><!-- wp:paragraph --><\/p>\n<h2 style=\"text-align: center;\">\u00bfProblemas con Tu Compra o Servicios?<\/h2>\n<p><!-- \/wp:paragraph --><!-- wp:paragraph --><\/p>\n<p>\u00a1Tu satisfacci\u00f3n es nuestra prioridad n\u00famero uno! Si en alg\u00fan momento experimentas alg\u00fan problema con nuestro servicio, tu compra o un producto, no dudes en contactarnos. la primera instancia es&nbsp; a trav\u00e9s del centro de servicios autorizado asignado, pero si no obtienes soluci\u00f3n puedes tambi\u00e9n comunicarte con tu personal Shopper (Es quien te contacta en el momento de tu compra) y si aun crees que necesitas ser escuchado enviar un correo electr\u00f3nico con tu solicitud a trav\u00e9s del correo&nbsp; <a target=\"_new\">servicioalcliente@sistemasposcolombia.com<\/a>. Estamos aqu\u00ed para colaborar contigo y resolver cualquier inconveniente que puedas tener. \u00a1Gracias por confiar en nosotros!<\/p>\n<p><img fetchpriority=\"high\" decoding=\"async\" src=\"https:\/\/sistemasposcolombia.com\/tienda\/wp-content\/uploads\/2024\/02\/LOGO-PNG-300x203.png\" alt=\"\" width=\"300\" height=\"203\"><\/p>\n<p style=\"text-align: center;\">Experiencia Tradici\u00f3n y Calidad 13 A\u00f1os de Servicios Apoyando Comercios con Tecnolog\u00eda eficiente.<\/p>\n<p><!-- \/wp:paragraph --><\/p>\t\t\t\t\t\t\t\t<\/div>\n\t\t\t\t<\/div>\n\t\t\t\t\t<\/div>\n\t\t\t\t<\/div>\n\t\t\t\t<\/div>\n\t\t","protected":false},"excerpt":{"rendered":"<p>Pol\u00edtica de Satisfacci\u00f3n y Garant\u00edas Bienvenido a Sistemas POS Colombia, tu destino confiable para adquirir sistemas de punto de pago, repuestos y hardware relacionado. En Sistemas POS Colombia, nuestra prioridad es tu satisfacci\u00f3n. Por ello, nos enorgullece ofrecerte una garant\u00eda de satisfacci\u00f3n, lo que significa que puedes comprar con total confianza, y si por alguna [&hellip;]<\/p>\n","protected":false},"author":1,"featured_media":0,"parent":0,"menu_order":0,"comment_status":"closed","ping_status":"closed","template":"","meta":{"footnotes":""},"class_list":["post-13","page","type-page","status-publish","hentry"],"yoast_head":"<!-- This site is optimized with the Yoast SEO Premium plugin v26.2 (Yoast SEO v26.2) - https:\/\/yoast.com\/wordpress\/plugins\/seo\/ -->\n<title>Pol\u00edtica de Satisfacci\u00f3n, Garant\u00edas y Reembolsos - Sistemas POS Colombia<\/title>\n<meta name=\"robots\" content=\"index, follow, max-snippet:-1, max-image-preview:large, max-video-preview:-1\" \/>\n<link rel=\"canonical\" href=\"https:\/\/sistemasposcolombia.com\/tienda\/reembolso_devoluciones\/\" \/>\n<meta property=\"og:locale\" content=\"es_ES\" \/>\n<meta property=\"og:type\" content=\"article\" \/>\n<meta property=\"og:title\" content=\"Pol\u00edtica de Satisfacci\u00f3n, Garant\u00edas y Reembolsos\" \/>\n<meta property=\"og:description\" content=\"Pol\u00edtica de Satisfacci\u00f3n y Garant\u00edas Bienvenido a Sistemas POS Colombia, tu destino confiable para adquirir sistemas de punto de pago, repuestos y hardware relacionado. En Sistemas POS Colombia, nuestra prioridad es tu satisfacci\u00f3n. Por ello, nos enorgullece ofrecerte una garant\u00eda de satisfacci\u00f3n, lo que significa que puedes comprar con total confianza, y si por alguna [&hellip;]\" \/>\n<meta property=\"og:url\" content=\"https:\/\/sistemasposcolombia.com\/tienda\/reembolso_devoluciones\/\" \/>\n<meta property=\"og:site_name\" content=\"Sistemas POS Colombia\" \/>\n<meta property=\"article:publisher\" content=\"https:\/\/www.facebook.com\/sistemasposcolombia\" \/>\n<meta property=\"article:modified_time\" content=\"2025-10-04T17:12:14+00:00\" \/>\n<meta property=\"og:image\" content=\"https:\/\/sistemasposcolombia.com\/tienda\/wp-content\/uploads\/2024\/02\/LOGO-PNG.png\" \/>\n\t<meta property=\"og:image:width\" content=\"1000\" \/>\n\t<meta property=\"og:image:height\" content=\"678\" \/>\n\t<meta property=\"og:image:type\" content=\"image\/png\" \/>\n<meta name=\"twitter:card\" content=\"summary_large_image\" \/>\n<meta name=\"twitter:label1\" content=\"Tiempo de lectura\" \/>\n\t<meta name=\"twitter:data1\" content=\"7 minutos\" \/>\n<script type=\"application\/ld+json\" class=\"yoast-schema-graph\">{\"@context\":\"https:\/\/schema.org\",\"@graph\":[{\"@type\":\"WebPage\",\"@id\":\"https:\/\/sistemasposcolombia.com\/tienda\/reembolso_devoluciones\/\",\"url\":\"https:\/\/sistemasposcolombia.com\/tienda\/reembolso_devoluciones\/\",\"name\":\"Pol\u00edtica de Satisfacci\u00f3n, Garant\u00edas y Reembolsos - Sistemas POS Colombia\",\"isPartOf\":{\"@id\":\"https:\/\/sistemasposcolombia.com\/tienda\/#website\"},\"primaryImageOfPage\":{\"@id\":\"https:\/\/sistemasposcolombia.com\/tienda\/reembolso_devoluciones\/#primaryimage\"},\"image\":{\"@id\":\"https:\/\/sistemasposcolombia.com\/tienda\/reembolso_devoluciones\/#primaryimage\"},\"thumbnailUrl\":\"https:\/\/sistemasposcolombia.com\/tienda\/wp-content\/uploads\/2024\/02\/LOGO-PNG-300x203.png\",\"datePublished\":\"2024-02-22T19:52:02+00:00\",\"dateModified\":\"2025-10-04T17:12:14+00:00\",\"breadcrumb\":{\"@id\":\"https:\/\/sistemasposcolombia.com\/tienda\/reembolso_devoluciones\/#breadcrumb\"},\"inLanguage\":\"es\",\"potentialAction\":[{\"@type\":\"ReadAction\",\"target\":[\"https:\/\/sistemasposcolombia.com\/tienda\/reembolso_devoluciones\/\"]}]},{\"@type\":\"ImageObject\",\"inLanguage\":\"es\",\"@id\":\"https:\/\/sistemasposcolombia.com\/tienda\/reembolso_devoluciones\/#primaryimage\",\"url\":\"https:\/\/sistemasposcolombia.com\/tienda\/wp-content\/uploads\/2024\/02\/LOGO-PNG.png\",\"contentUrl\":\"https:\/\/sistemasposcolombia.com\/tienda\/wp-content\/uploads\/2024\/02\/LOGO-PNG.png\",\"width\":1000,\"height\":678},{\"@type\":\"BreadcrumbList\",\"@id\":\"https:\/\/sistemasposcolombia.com\/tienda\/reembolso_devoluciones\/#breadcrumb\",\"itemListElement\":[{\"@type\":\"ListItem\",\"position\":1,\"name\":\"Portada\",\"item\":\"https:\/\/sistemasposcolombia.com\/tienda\/\"},{\"@type\":\"ListItem\",\"position\":2,\"name\":\"Pol\u00edtica de Satisfacci\u00f3n, Garant\u00edas y Reembolsos\"}]},{\"@type\":\"WebSite\",\"@id\":\"https:\/\/sistemasposcolombia.com\/tienda\/#website\",\"url\":\"https:\/\/sistemasposcolombia.com\/tienda\/\",\"name\":\"Sistemas POS Colombia\",\"description\":\"Tienda Oficial\",\"publisher\":{\"@id\":\"https:\/\/sistemasposcolombia.com\/tienda\/#organization\"},\"potentialAction\":[{\"@type\":\"SearchAction\",\"target\":{\"@type\":\"EntryPoint\",\"urlTemplate\":\"https:\/\/sistemasposcolombia.com\/tienda\/?s={search_term_string}\"},\"query-input\":{\"@type\":\"PropertyValueSpecification\",\"valueRequired\":true,\"valueName\":\"search_term_string\"}}],\"inLanguage\":\"es\"},{\"@type\":\"Organization\",\"@id\":\"https:\/\/sistemasposcolombia.com\/tienda\/#organization\",\"name\":\"Sistemas POS Colombia\",\"url\":\"https:\/\/sistemasposcolombia.com\/tienda\/\",\"logo\":{\"@type\":\"ImageObject\",\"inLanguage\":\"es\",\"@id\":\"https:\/\/sistemasposcolombia.com\/tienda\/#\/schema\/logo\/image\/\",\"url\":\"https:\/\/sistemasposcolombia.com\/tienda\/wp-content\/uploads\/2025\/10\/Logo-Header.webp\",\"contentUrl\":\"https:\/\/sistemasposcolombia.com\/tienda\/wp-content\/uploads\/2025\/10\/Logo-Header.webp\",\"width\":392,\"height\":192,\"caption\":\"Sistemas POS Colombia\"},\"image\":{\"@id\":\"https:\/\/sistemasposcolombia.com\/tienda\/#\/schema\/logo\/image\/\"},\"sameAs\":[\"https:\/\/www.facebook.com\/sistemasposcolombia\",\"https:\/\/www.instagram.com\/sistemasposcolombia\/\",\"https:\/\/www.youtube.com\/@sistemasposcolombia\",\"https:\/\/sistemasposcolombia.com\/\"]}]}<\/script>\n<!-- \/ Yoast SEO Premium plugin. -->","yoast_head_json":{"title":"Pol\u00edtica de Satisfacci\u00f3n, Garant\u00edas y Reembolsos - Sistemas POS Colombia","robots":{"index":"index","follow":"follow","max-snippet":"max-snippet:-1","max-image-preview":"max-image-preview:large","max-video-preview":"max-video-preview:-1"},"canonical":"https:\/\/sistemasposcolombia.com\/tienda\/reembolso_devoluciones\/","og_locale":"es_ES","og_type":"article","og_title":"Pol\u00edtica de Satisfacci\u00f3n, Garant\u00edas y Reembolsos","og_description":"Pol\u00edtica de Satisfacci\u00f3n y Garant\u00edas Bienvenido a Sistemas POS Colombia, tu destino confiable para adquirir sistemas de punto de pago, repuestos y hardware relacionado. En Sistemas POS Colombia, nuestra prioridad es tu satisfacci\u00f3n. Por ello, nos enorgullece ofrecerte una garant\u00eda de satisfacci\u00f3n, lo que significa que puedes comprar con total confianza, y si por alguna [&hellip;]","og_url":"https:\/\/sistemasposcolombia.com\/tienda\/reembolso_devoluciones\/","og_site_name":"Sistemas POS Colombia","article_publisher":"https:\/\/www.facebook.com\/sistemasposcolombia","article_modified_time":"2025-10-04T17:12:14+00:00","og_image":[{"width":1000,"height":678,"url":"https:\/\/sistemasposcolombia.com\/tienda\/wp-content\/uploads\/2024\/02\/LOGO-PNG.png","type":"image\/png"}],"twitter_card":"summary_large_image","twitter_misc":{"Tiempo de lectura":"7 minutos"},"schema":{"@context":"https:\/\/schema.org","@graph":[{"@type":"WebPage","@id":"https:\/\/sistemasposcolombia.com\/tienda\/reembolso_devoluciones\/","url":"https:\/\/sistemasposcolombia.com\/tienda\/reembolso_devoluciones\/","name":"Pol\u00edtica de Satisfacci\u00f3n, Garant\u00edas y Reembolsos - Sistemas POS Colombia","isPartOf":{"@id":"https:\/\/sistemasposcolombia.com\/tienda\/#website"},"primaryImageOfPage":{"@id":"https:\/\/sistemasposcolombia.com\/tienda\/reembolso_devoluciones\/#primaryimage"},"image":{"@id":"https:\/\/sistemasposcolombia.com\/tienda\/reembolso_devoluciones\/#primaryimage"},"thumbnailUrl":"https:\/\/sistemasposcolombia.com\/tienda\/wp-content\/uploads\/2024\/02\/LOGO-PNG-300x203.png","datePublished":"2024-02-22T19:52:02+00:00","dateModified":"2025-10-04T17:12:14+00:00","breadcrumb":{"@id":"https:\/\/sistemasposcolombia.com\/tienda\/reembolso_devoluciones\/#breadcrumb"},"inLanguage":"es","potentialAction":[{"@type":"ReadAction","target":["https:\/\/sistemasposcolombia.com\/tienda\/reembolso_devoluciones\/"]}]},{"@type":"ImageObject","inLanguage":"es","@id":"https:\/\/sistemasposcolombia.com\/tienda\/reembolso_devoluciones\/#primaryimage","url":"https:\/\/sistemasposcolombia.com\/tienda\/wp-content\/uploads\/2024\/02\/LOGO-PNG.png","contentUrl":"https:\/\/sistemasposcolombia.com\/tienda\/wp-content\/uploads\/2024\/02\/LOGO-PNG.png","width":1000,"height":678},{"@type":"BreadcrumbList","@id":"https:\/\/sistemasposcolombia.com\/tienda\/reembolso_devoluciones\/#breadcrumb","itemListElement":[{"@type":"ListItem","position":1,"name":"Portada","item":"https:\/\/sistemasposcolombia.com\/tienda\/"},{"@type":"ListItem","position":2,"name":"Pol\u00edtica de Satisfacci\u00f3n, Garant\u00edas y Reembolsos"}]},{"@type":"WebSite","@id":"https:\/\/sistemasposcolombia.com\/tienda\/#website","url":"https:\/\/sistemasposcolombia.com\/tienda\/","name":"Sistemas POS Colombia","description":"Tienda Oficial","publisher":{"@id":"https:\/\/sistemasposcolombia.com\/tienda\/#organization"},"potentialAction":[{"@type":"SearchAction","target":{"@type":"EntryPoint","urlTemplate":"https:\/\/sistemasposcolombia.com\/tienda\/?s={search_term_string}"},"query-input":{"@type":"PropertyValueSpecification","valueRequired":true,"valueName":"search_term_string"}}],"inLanguage":"es"},{"@type":"Organization","@id":"https:\/\/sistemasposcolombia.com\/tienda\/#organization","name":"Sistemas POS Colombia","url":"https:\/\/sistemasposcolombia.com\/tienda\/","logo":{"@type":"ImageObject","inLanguage":"es","@id":"https:\/\/sistemasposcolombia.com\/tienda\/#\/schema\/logo\/image\/","url":"https:\/\/sistemasposcolombia.com\/tienda\/wp-content\/uploads\/2025\/10\/Logo-Header.webp","contentUrl":"https:\/\/sistemasposcolombia.com\/tienda\/wp-content\/uploads\/2025\/10\/Logo-Header.webp","width":392,"height":192,"caption":"Sistemas POS Colombia"},"image":{"@id":"https:\/\/sistemasposcolombia.com\/tienda\/#\/schema\/logo\/image\/"},"sameAs":["https:\/\/www.facebook.com\/sistemasposcolombia","https:\/\/www.instagram.com\/sistemasposcolombia\/","https:\/\/www.youtube.com\/@sistemasposcolombia","https:\/\/sistemasposcolombia.com\/"]}]}},"_links":{"self":[{"href":"https:\/\/sistemasposcolombia.com\/tienda\/wp-json\/wp\/v2\/pages\/13","targetHints":{"allow":["GET"]}}],"collection":[{"href":"https:\/\/sistemasposcolombia.com\/tienda\/wp-json\/wp\/v2\/pages"}],"about":[{"href":"https:\/\/sistemasposcolombia.com\/tienda\/wp-json\/wp\/v2\/types\/page"}],"author":[{"embeddable":true,"href":"https:\/\/sistemasposcolombia.com\/tienda\/wp-json\/wp\/v2\/users\/1"}],"replies":[{"embeddable":true,"href":"https:\/\/sistemasposcolombia.com\/tienda\/wp-json\/wp\/v2\/comments?post=13"}],"version-history":[{"count":0,"href":"https:\/\/sistemasposcolombia.com\/tienda\/wp-json\/wp\/v2\/pages\/13\/revisions"}],"wp:attachment":[{"href":"https:\/\/sistemasposcolombia.com\/tienda\/wp-json\/wp\/v2\/media?parent=13"}],"curies":[{"name":"wp","href":"https:\/\/api.w.org\/{rel}","templated":true}]}}